{"id":1062,"date":"2014-07-23T13:23:43","date_gmt":"2014-07-23T11:23:43","guid":{"rendered":"http:\/\/sarr.com.pl\/?page_id=1062"},"modified":"2020-08-20T11:01:27","modified_gmt":"2020-08-20T09:01:27","slug":"szkolenia-otwarte","status":"publish","type":"page","link":"https:\/\/sarr.com.pl\/?page_id=1062","title":{"rendered":"Szkolenia otwarte"},"content":{"rendered":"<p>Zapraszamy do zapoznania si\u0119 z ofert\u0105 szkole\u0144 otwartych w naszej siedzibie przy<\/p>\n<p>ul. Jagiello\u0144skiej 14<\/p>\n<p>33-300 Nowy S\u0105cz<\/p>\n<p>a tak\u017ce poprzez kontakt telefoniczny : 18\u00a0440 81 63\/63<\/p>\n<p>lub mailowy : sarr@sarr.com.pl<\/p>\n\n\n<figure class=\"wp-block-gallery columns-1 is-cropped\"><ul class=\"blocks-gallery-grid\"><li class=\"blocks-gallery-item\"><figure><img loading=\"lazy\" width=\"1024\" height=\"730\" src=\"https:\/\/sarr.com.pl\/wp-content\/uploads\/2020\/08\/IMG_0429-002-1024x730.jpg\" alt=\"\" data-id=\"1861\" data-full-url=\"https:\/\/sarr.com.pl\/wp-content\/uploads\/2020\/08\/IMG_0429-002-scaled.jpg\" data-link=\"https:\/\/sarr.com.pl\/?attachment_id=1861\" class=\"wp-image-1861\" srcset=\"https:\/\/sarr.com.pl\/wp-content\/uploads\/2020\/08\/IMG_0429-002-1024x730.jpg 1024w, https:\/\/sarr.com.pl\/wp-content\/uploads\/2020\/08\/IMG_0429-002-300x214.jpg 300w, https:\/\/sarr.com.pl\/wp-content\/uploads\/2020\/08\/IMG_0429-002-768x547.jpg 768w, https:\/\/sarr.com.pl\/wp-content\/uploads\/2020\/08\/IMG_0429-002-1536x1095.jpg 1536w, https:\/\/sarr.com.pl\/wp-content\/uploads\/2020\/08\/IMG_0429-002-2048x1459.jpg 2048w\" sizes=\"(max-width: 1024px) 100vw, 1024px\" \/><\/figure><\/li><\/ul><\/figure>\n","protected":false},"excerpt":{"rendered":"<p>Zapraszamy do zapoznania si\u0119 z ofert\u0105 szkole\u0144 otwartych w naszej siedzibie przy ul. Jagiello\u0144skiej 14 33-300 Nowy S\u0105cz a tak\u017ce poprzez kontakt telefoniczny : 18\u00a0440 81 63\/63 lub mailowy : sarr@sarr.com.pl<\/p>\n","protected":false},"author":1,"featured_media":0,"parent":11,"menu_order":0,"comment_status":"closed","ping_status":"open","template":"","meta":[],"_links":{"self":[{"href":"https:\/\/sarr.com.pl\/index.php?rest_route=\/wp\/v2\/pages\/1062"}],"collection":[{"href":"https:\/\/sarr.com.pl\/index.php?rest_route=\/wp\/v2\/pages"}],"about":[{"href":"https:\/\/sarr.com.pl\/index.php?rest_route=\/wp\/v2\/types\/page"}],"author":[{"embeddable":true,"href":"https:\/\/sarr.com.pl\/index.php?rest_route=\/wp\/v2\/users\/1"}],"replies":[{"embeddable":true,"href":"https:\/\/sarr.com.pl\/index.php?rest_route=%2Fwp%2Fv2%2Fcomments&post=1062"}],"version-history":[{"count":5,"href":"https:\/\/sarr.com.pl\/index.php?rest_route=\/wp\/v2\/pages\/1062\/revisions"}],"predecessor-version":[{"id":1872,"href":"https:\/\/sarr.com.pl\/index.php?rest_route=\/wp\/v2\/pages\/1062\/revisions\/1872"}],"up":[{"embeddable":true,"href":"https:\/\/sarr.com.pl\/index.php?rest_route=\/wp\/v2\/pages\/11"}],"wp:attachment":[{"href":"https:\/\/sarr.com.pl\/index.php?rest_route=%2Fwp%2Fv2%2Fmedia&parent=1062"}],"curies":[{"name":"wp","href":"https:\/\/api.w.org\/{rel}","templated":true}]}}