{"id":1064,"date":"2014-07-23T13:25:32","date_gmt":"2014-07-23T11:25:32","guid":{"rendered":"http:\/\/sarr.com.pl\/?page_id=1064"},"modified":"2014-07-23T13:25:32","modified_gmt":"2014-07-23T11:25:32","slug":"florystyka-z-elementami-dekoracji-i-aranzacji-wnetrz","status":"publish","type":"page","link":"https:\/\/sarr.com.pl\/?page_id=1064","title":{"rendered":"Florystyka z elementami dekoracji i aran\u017cacji wn\u0119trz"},"content":{"rendered":"<p>Szkolenie \u201eFlorystyka z elementami dekoracji i aran\u017cacji wn\u0119trz\u201d obejmuje 150 h zaj\u0119\u0107 teoretyczno \u2013 zawodowych oraz praktycznych z zakresu obejmuj\u0105cego trzy modu\u0142y tematyczne, w tym:<br \/>\nModu\u0142 I &#8211; obejmuje 80 godzin zaj\u0119\u0107 z podstaw teoretyczno-zawodowych pracy na stanowisku florysty z elementami decoupagu i dekoracji wn\u0119trz,<br \/>\nModu\u0142 II \u2013 obejmuje 20 godzin zaj\u0119\u0107 z obs\u0142ugi kasy fiskalnej,<br \/>\nModu\u0142 III \u2013 zaj\u0119cia praktyczne \u2013w wymiarze 50 godz.<br \/>\nKa\u017cdy uczestnik szkolenia w czasie trwania kursu ma zapewnione:<br \/>\n-warunki pracy zgodnie z przepisami bezpiecze\u0144stwa i higieny pracy,<br \/>\n&#8211; odpowiednie zaplecze sanitarne,<br \/>\n&#8211; potrzebne materia\u0142y do odbycia szkolenia, w tym: odpowiednie narz\u0119dzia i materia\u0142y florystyczne oraz zdobnicze w odpowiedniej ilo\u015bci i jako\u015bci (praca na \u017cywym materiale ro\u015blinnym oraz na materiale florystycznym sztucznym),<br \/>\n&#8211; specjalnie utworzone stanowiska florystyczne \u2013 dla ka\u017cdego uczestnika szkolenia,<br \/>\n&#8211; indywidualny dost\u0119p do kasy fiskalnej.<\/p>\n<p><strong>Adresaci szkolenia<\/strong><\/p>\n<p>Szkolenie \u201eFlorystyka z elementami dekoracji i aran\u017cacji wn\u0119trz\u201d skierowane jest do os\u00f3b, kt\u00f3re chc\u0105 podj\u0105\u0107 prac\u0119 w tym zawodzie. Osoba zg\u0142aszaj\u0105ca si\u0119 na szkolenie powinna mie\u0107 uko\u0144czone 18 lat oraz wykazywa\u0107 ch\u0119\u0107 udzia\u0142u w zaj\u0119ciach.<\/p>\n<p><strong>Cel szkolenia<\/strong><\/p>\n<p>Celem szkolenia jest nabycie przez uczestnik\u00f3w wiedzy i umiej\u0119tno\u015bci niezb\u0119dnych<br \/>\ndo podj\u0119cia pracy w zawodzie florysty.<\/p>\n<p><strong>Program szkolenia<\/strong><\/p>\n<p>Modu\u0142 I<br \/>\n\u201eZadania zawodowe florysty\u201d (80h)<\/p>\n<p>W trakcie zaj\u0119\u0107 uczestnik szkolenia zapozna si\u0119 m.in. z:<\/p>\n<p>&#8211; charakterystyk\u0105 pracy w kwiaciarni,<br \/>\n&#8211; zasadami doboru barw w tworzeniu kompozycji florystycznych,<br \/>\n&#8211; technikami uk\u0142adania kwiat\u00f3w,<br \/>\n&#8211; stylami kompozycji we wsp\u00f3\u0142czesnej florystyce,<br \/>\n&#8211; technikami wykonywania wiank\u00f3w, bukiecik\u00f3w i ozd\u00f3b z kwiat\u00f3w ci\u0119tych oraz dodatk\u00f3w ro\u015blin zielonych,<br \/>\n&#8211; podzia\u0142em ro\u015blin ozdobnych wykorzystywanych do dekoracji i uk\u0142adania wi\u0105zanek,<br \/>\n&#8211; rodzajami materia\u0142\u00f3w dekoratorskich wykorzystywanych w bukieciarstwie, dekoratorstwie, pakowaniu towaru i prezent\u00f3w,<br \/>\n&#8211; podstawowymi narz\u0119dziami, urz\u0105dzeniami i akcesoriami niezb\u0119dnymi w pracy florysty,<br \/>\n&#8211; zasadami i metodami utrwalania, suszenia i preparowania ro\u015blin;<br \/>\n&#8211; zasadami marketingu i reklamy w handlu kwiatami,<br \/>\n&#8211; etyk\u0105 zawodow\u0105 na stanowisku florysty,<br \/>\n&#8211; zasadami, technikami oraz stylami aran\u017cacji wn\u0119trz.<\/p>\n<p>Po zako\u0144czonym szkoleniu uczestnik b\u0119dzie potrafi\u0142 m.in.:<\/p>\n<p>&#8211; organizowa\u0107 stanowisko i miejsce pracy zgodnie z zasadami BHP, i p.po\u017c.<br \/>\n&#8211; organizowa\u0107 zaopatrzenie w materia\u0142y wykorzystywane do pakowania towaru, prezent\u00f3w,<br \/>\n&#8211; organizowa\u0107 zaopatrzenie w materia\u0142y wykorzystywane w kwiaciarni,<br \/>\n&#8211; wdra\u017ca\u0107 najnowsze trendy florystyczne i dekoratorskie,<br \/>\n&#8211; pozyskiwa\u0107 nowe zlecenia na wykonywanie dekoracji florystycznych,<br \/>\n&#8211; piel\u0119gnowa\u0107 kwiaty ci\u0119te i doniczkowe<br \/>\n&#8211; obs\u0142ugiwa\u0107 klienta z wykorzystaniem aktywnych metod sprzeda\u017cy,<br \/>\n&#8211; realizowa\u0107 p\u0142atno\u015bci got\u00f3wkowe i bezgot\u00f3wkowe oraz rozpatrywa\u0107 ewentualne reklamacje,<br \/>\n&#8211; nawi\u0105zywa\u0107 i podtrzymywa\u0107 kontakt z klientem,<br \/>\n&#8211; dekorowa\u0107 wn\u0119trze kwiaciarni i okna wystawowego,<br \/>\n&#8211; wykonywa\u0107 wi\u0105zanki okoliczno\u015bciowe, butonierki oraz ozdoby do w\u0142os\u00f3w z kwiat\u00f3w oraz dekoracje \u015bwi\u0105teczne,<br \/>\n&#8211; tworzy\u0107 kompozycje z kwiat\u00f3w ci\u0119tych w r\u00f3\u017cnych naczyniach oraz \u015blubne kompozycje na samoch\u00f3d,<br \/>\n&#8211; zdobi\u0107 metod\u0105 decoupage na szkle, kartonie, ceramice i innych materia\u0142ach,<br \/>\n&#8211; artystycznie pakowa\u0107 prezenty,<br \/>\n&#8211; tworzy\u0107 dekoracje okoliczno\u015bciowe.<\/p>\n<p>Modu\u0142 II<br \/>\nObs\u0142uga kasy fiskalnej (20 h)<\/p>\n<p>W trakcie modu\u0142u II uczestnik szkolenia nab\u0119dzie praktycznych umiej\u0119tno\u015bci z obs\u0142ugi kasy fiskalnej, m.in.:<\/p>\n<p>&#8211; zapozna si\u0119 z budow\u0105 oraz rodzajami i zastosowaniem kas fiskalnych,<br \/>\n&#8211; pozna charakterystyk\u0119 dokument\u00f3w kasowych ((paragon, raport dobowy i raport okresowy),<br \/>\n&#8211; zapozna si\u0119 programowaniem kas fiskalnych,<br \/>\n&#8211; nauczy si\u0119 transmisji danych z kas fiskalnych do program\u00f3w magazynowych i ksi\u0119gowych,<br \/>\n&#8211; nauczy si\u0119 rozpoznawania i kontroli znak\u00f3w pieni\u0119\u017cnych,<br \/>\n&#8211; pozna b\u0142\u0119dy obs\u0142ugi i sposoby ich rozwi\u0105zywania,<br \/>\n&#8211; nab\u0119dzie praktycznych umiej\u0119tno\u015bci z obs\u0142ugi: metkownicy, wagi elektronicznej, czytnik\u00f3w kod\u00f3w kreskowych, czytnik\u00f3w kart p\u0142atniczych (opis rynku kart p\u0142atniczych i zasady dzia\u0142ania kart p\u0142atniczych, rodzaje transakcji kartami p\u0142atniczymi, zabezpieczanie kart i procedury weryfikacyjne, wykonywanie transakcji kartami p\u0142atniczymi, budowa terminala\/PINpada, do\u0142adowania telefon\u00f3w kom\u00f3rkowych).<\/p>\n<p>Modu\u0142 III<br \/>\n\u201ePraktyka zawodowa\u201d<br \/>\nObejmuje 80 godzin zaj\u0119\u0107 w studiu florystycznym na terenie Nowego S\u0105cz.<\/p>\n<p>Po zdaniu egzaminu teoretycznego i praktycznego oraz otrzymaniu pozytywnej opinii z odbytej praktyki uczestnik otrzyma certyfikat oraz za\u015bwiadczenie zgodnie z Rozporz\u0105dzeniem MEN z dnia 11.01.2012 r. w sprawie kszta\u0142cenia ustawicznego w formach pozaszkolnych (Dz. U. 2012, poz. 186) oraz za\u015bwiadczenie potwierdzaj\u0105ce uko\u0144czenie szkolenia i uzyskanie kwalifikacji wydanych na podstawie Rozporz\u0105dzenia Ministra Pracy i Polityki Spo\u0142ecznej z dnia 14 wrze\u015bnia 2010 roku w sprawie standard\u00f3w i warunk\u00f3w prowadzenia us\u0142ug rynku pracy (Dz. U. 2010, Nr 177, poz. 1193 z p\u00f3\u017an. zm.).<\/p>\n","protected":false},"excerpt":{"rendered":"<p>Szkolenie \u201eFlorystyka z elementami dekoracji i aran\u017cacji wn\u0119trz\u201d obejmuje 150 h zaj\u0119\u0107 teoretyczno \u2013 zawodowych oraz praktycznych z zakresu obejmuj\u0105cego trzy modu\u0142y tematyczne, w tym: Modu\u0142 I &#8211; obejmuje 80 godzin zaj\u0119\u0107 z podstaw teoretyczno-zawodowych pracy na stanowisku florysty z elementami decoupagu i dekoracji wn\u0119trz, Modu\u0142 II \u2013 obejmuje 20 godzin zaj\u0119\u0107 z obs\u0142ugi kasy [&hellip;]<\/p>\n","protected":false},"author":1,"featured_media":0,"parent":1062,"menu_order":0,"comment_status":"closed","ping_status":"open","template":"","meta":[],"_links":{"self":[{"href":"https:\/\/sarr.com.pl\/index.php?rest_route=\/wp\/v2\/pages\/1064"}],"collection":[{"href":"https:\/\/sarr.com.pl\/index.php?rest_route=\/wp\/v2\/pages"}],"about":[{"href":"https:\/\/sarr.com.pl\/index.php?rest_route=\/wp\/v2\/types\/page"}],"author":[{"embeddable":true,"href":"https:\/\/sarr.com.pl\/index.php?rest_route=\/wp\/v2\/users\/1"}],"replies":[{"embeddable":true,"href":"https:\/\/sarr.com.pl\/index.php?rest_route=%2Fwp%2Fv2%2Fcomments&post=1064"}],"version-history":[{"count":1,"href":"https:\/\/sarr.com.pl\/index.php?rest_route=\/wp\/v2\/pages\/1064\/revisions"}],"predecessor-version":[{"id":1065,"href":"https:\/\/sarr.com.pl\/index.php?rest_route=\/wp\/v2\/pages\/1064\/revisions\/1065"}],"up":[{"embeddable":true,"href":"https:\/\/sarr.com.pl\/index.php?rest_route=\/wp\/v2\/pages\/1062"}],"wp:attachment":[{"href":"https:\/\/sarr.com.pl\/index.php?rest_route=%2Fwp%2Fv2%2Fmedia&parent=1064"}],"curies":[{"name":"wp","href":"https:\/\/api.w.org\/{rel}","templated":true}]}}