{"id":1118,"date":"2014-09-09T06:21:35","date_gmt":"2014-09-09T04:21:35","guid":{"rendered":"http:\/\/sarr.com.pl\/?page_id=1118"},"modified":"2015-01-08T14:46:58","modified_gmt":"2015-01-08T12:46:58","slug":"projekt-obustronna-wspolpraca","status":"publish","type":"page","link":"https:\/\/sarr.com.pl\/?page_id=1118","title":{"rendered":"Projekt &#8222;Obustronna wsp\u00f3\u0142praca&#8230;&#8221;"},"content":{"rendered":"<h2 style=\"text-align: center;\"><span style=\"color: #ff0000;\"><strong>S\u0104 JESZCZE WOLNE MIEJSCA NA SZKOLENIA TEMATYCZNE DLA PRACOWNIK\u00d3W JST!!!<\/strong><\/span><\/h2>\n<p style=\"text-align: justify;\">S\u0105decka Agencja Rozwoju Regionalnego S.A. informuje, \u017ce z dniem 01.09.2014 r. rozpocz\u0119\u0142a realizacj\u0119 projektu pn. \u201eObustronna wsp\u00f3\u0142praca podstaw\u0105 asymilacji ma\u0142opolskich Rom\u00f3w\u201d.<\/p>\n<p style=\"text-align: justify;\">Priorytet 1. Zatrudnienie i integracja spo\u0142eczna.<br \/>\nDzia\u0142anie 1.3 \u2013 Og\u00f3lnopolskie programy integracji i aktywizacji zawodowej<br \/>\nPoddzia\u0142anie 1.3.1 \u2013 Projekty na rzecz spo\u0142eczno\u015bci romskiej<\/p>\n<p style=\"text-align: justify;\">Projekt wsp\u00f3\u0142finansowany ze \u015brodk\u00f3w Unii Europejskiej w ramach Europejskiego Funduszu Spo\u0142ecznego.<br \/>\nTermin realizacji: 01.09.2014 r. \u2013 30.06.2015 r.<\/p>\n<p style=\"text-align: justify;\">Celem g\u0142\u00f3wnym projektu jest przeciwdzia\u0142anie ekskluzji spo\u0142ecznej w\u015br\u00f3d 24 bezrobotnych Rom\u00f3w poprzez aktywn\u0105 integracj\u0119 spo\u0142eczno-zawodow\u0105 niezb\u0119dn\u0105 w zdobyciu zatrudnienia oraz wzrost wiedzy o spo\u0142eczno\u015bci romskiej w\u015br\u00f3d 40 pracownik\u00f3w JST i ich jednostek organizacyjnych z wojew\u00f3dztwa Ma\u0142opolskiego.<br \/>\nProjekt przewiduje wsparcie dla:<\/p>\n<ul style=\"text-align: justify;\">\n<li>40 pracownik\u00f3w JST i ich jednostek organizacyjnych (m.in. urz\u0119d\u00f3w gmin, urz\u0119d\u00f3w miast, GOPS-\u00f3w, MOPS-s\u00f3w i innych) z wojew\u00f3dztwa ma\u0142opolskiego, kt\u00f3rzy z racji wykonywanych obowi\u0105zk\u00f3w zawodowych maj\u0105 styczno\u015b\u0107 z cz\u0142onkami spo\u0142eczno\u015bci romskiej.<\/li>\n<li>24 Rom\u00f3w, niebior\u0105cych udzia\u0142u w analogicznych formach wsparcia z Poddzia\u0142ania 1.3.1 w wieku produkcyjnym 18-64 lata, zarejestrowanych jako osoby bezrobotne, zamieszkuj\u0105ce miasto Nowy S\u0105cz lub powiat nowos\u0105decki.<\/li>\n<li>Dzia\u0142ania realizowane w ramach projektu:<\/li>\n<li>Szkolenia tematyczne dla pracownik\u00f3w JST i ich jednostek organizacyjnych tj.:<\/li>\n<\/ul>\n<ol>\n<li>Zrozumie\u0107 romskie \u017cycie \u2013 historia, kultura i tradycja \u2013 2 dni (16h). Cel szkolenia: wzbudzenie motywacji do pracy ze spo\u0142eczno\u015bci\u0105 romsk\u0105, pog\u0142\u0119bienie \u015bwiadomo\u015bci na temat r\u00f3\u017cnic kulturowych i ich konsekwencji oraz nabycie wiedzy z zakresu problem\u00f3w z jakimi boryka si\u0119 spo\u0142eczno\u015b\u0107 romska, co w przysz\u0142o\u015bci powinno u\u0142atwi\u0107 z nimi wsp\u00f3\u0142prac\u0119.<\/li>\n<li>Model spo\u0142eczno\u015bci partycypacyjnej i przeciwdzia\u0142anie dyskryminacji \u2013 3 dni (24h). Cel szkolenia: nabycie wiedzy m.in. z zakresu idei partycypacji spo\u0142ecznej, uwarunkowa\u0144 kreowania polityki publicznej w zakresie przedsi\u0119biorczo\u015bci, zr\u00f3wnowa\u017conego rozw\u00f3j, integracji spo\u0142ecznej i zatrudnienia, zasad budowania partnerstwa mi\u0119dzykulturowego oraz umiej\u0119tno\u015bci anga\u017cowania spo\u0142ecze\u0144stwa do dzia\u0142a\u0144 lokalnych.<\/li>\n<li>Zarz\u0105dzanie wielokulturowo\u015bci\u0105 \u2013 3 dni (24h). Cel szkolenia: podniesienie kompetencji m.in. w zakresie wiedzy o stanie prawnym Rom\u00f3w w Polsce i Unii Europejskiej, zjawiskach spo\u0142ecznych zwi\u0105zanych z imigracj\u0105, funkcjonowaniem spo\u0142ecze\u0144stw wieloetnicznych, zarz\u0105dzanie procesem zmian spo\u0142ecznych i konfliktem.<\/li>\n<\/ol>\n<p style=\"padding-left: 60px; text-align: justify;\">Uczestnikom zostanie zapewniony:<br \/>\n&#8211; nocleg w hotelu lub o\u015brodku konferencyjno-wypoczynkowym<br \/>\n&#8211; wy\u017cywienie wraz z serwisem kawowym<br \/>\n&#8211; materia\u0142y biurowe i szkoleniowe.<\/p>\n<ul style=\"text-align: justify;\">\n<li>Poradnictwo zawodowe dla bezrobotnych Rom\u00f3w (28h zaj\u0119\u0107 grupowych i po 4h indywidualnie). Cel poradnictwa: poznanie osobowo\u015bci uczestnik\u00f3w, ich zainteresowa\u0144, aspiracji zawodowych oraz opracowanie Indywidualnych Plan\u00f3w Dzia\u0142ania. Poradnictwo obejmie te\u017c elementy poradnictwa prawnego polegaj\u0105cego na pomocy w sporz\u0105dzaniu pism w post\u0119powaniu przed urz\u0119dami publicznymi i wype\u0142nianiu w\u0142a\u015bciwych formularzy.<\/li>\n<\/ul>\n<p style=\"padding-left: 30px; text-align: justify;\">Uczestnikom zostanie zapewniony:<br \/>\n&#8211; zwrot koszt\u00f3w dojazdu<br \/>\n&#8211; materia\u0142y biurowe<br \/>\n&#8211; serwis kawowy wraz z pocz\u0119stunkiem<\/p>\n<ul style=\"text-align: justify;\">\n<li>Kursy zawodowe dla bezrobotnych Rom\u00f3w. Przewiduje si\u0119 maksymalnie 3 kursy tj. Kucharz, Kelner i Magazynier (ka\u017cdy z nich po 180h).<\/li>\n<\/ul>\n<p style=\"padding-left: 30px; text-align: justify;\">Uczestnikom zostanie zapewniony:<br \/>\n&#8211; zwrot koszt\u00f3w dojazdu<br \/>\n&#8211; stypendia szkoleniowe<br \/>\n&#8211; materia\u0142y biurowe i szkoleniowe<br \/>\n&#8211; serwis kawowy wraz z pocz\u0119stunkiem<\/p>\n<ul style=\"text-align: justify;\">\n<li>Sta\u017ce zawodowe dla bezrobotnych Rom\u00f3w, 3-miesi\u0119czne dla 6 os\u00f3b, organizowane na terenie Nowego S\u0105cza i powiatu nowos\u0105deckiego. Ka\u017cdy sta\u017cysta zostanie obj\u0119ty opiek\u0105 indywidualnego opiekuna, maj\u0105cego za zadanie kierowanie osobistym rozwojem i zdobywaniem do\u015bwiadczenia.<\/li>\n<\/ul>\n<p style=\"padding-left: 30px; text-align: justify;\">Uczestnikom zostanie zapewnione:<br \/>\n&#8211; sfinansowanie bada\u0144 lekarskich<br \/>\n&#8211; zakup odzie\u017cy ochronnej<br \/>\n&#8211; zwrot koszt\u00f3w dojazdu<br \/>\n&#8211; stypendia sta\u017cowe<br \/>\n&#8211; ubezpieczenie NNW<\/p>\n<h3 style=\"padding-left: 30px; text-align: justify;\">Dokumenty do pobrania:<\/h3>\n<ul>\n<li><a href=\"http:\/\/sarr.com.pl\/wp-content\/uploads\/2014\/09\/OWP-Frmularz.doc\">Formularz zg\u0142oszeniowy<\/a><\/li>\n<li><a href=\"http:\/\/sarr.com.pl\/wp-content\/uploads\/2014\/09\/OWP-Oswiadczenie.doc\">O\u015bwiadczenie o udziale w analogicznych formach wsparcia<\/a><\/li>\n<li><a href=\"http:\/\/sarr.com.pl\/wp-content\/uploads\/2014\/09\/OWP-Zaswiadczenie.doc\">Za\u015bwiadczenie o zatrudnieniu i charakterze pracy<\/a><\/li>\n<li><strong><a href=\"http:\/\/sarr.com.pl\/wp-content\/uploads\/2014\/09\/Zarz\u0105dzenie-nr-4-Regulamin-projektu-1.3.1-3.doc\">Regulamin projektu 1.3.1-3<\/a><\/strong><\/li>\n<\/ul>\n<h2 style=\"text-align: center;\"><strong>REKRUTACJA TRWA! Zapraszamy<\/strong><\/h2>\n<p style=\"text-align: justify;\">Szczeg\u00f3\u0142owe informacje na temat projektu mo\u017cna uzyska\u0107: w biurze projektu \u201eObustronna wsp\u00f3\u0142praca podstaw\u0105 asymilacji ma\u0142opolskich Rom\u00f3w\u201d przy ul. Jagiello\u0144skiej 14 w Nowym S\u0105czu lub pod numerem telefonu 018 440 81 63 i e-mailem: skulczyk@sarr.com.pl ; imika@sarr.com.pl .<\/p>\n","protected":false},"excerpt":{"rendered":"<p>S\u0104 JESZCZE WOLNE MIEJSCA NA SZKOLENIA TEMATYCZNE DLA PRACOWNIK\u00d3W JST!!! S\u0105decka Agencja Rozwoju Regionalnego S.A. informuje, \u017ce z dniem 01.09.2014 r. rozpocz\u0119\u0142a realizacj\u0119 projektu pn. \u201eObustronna wsp\u00f3\u0142praca podstaw\u0105 asymilacji ma\u0142opolskich Rom\u00f3w\u201d. Priorytet 1. Zatrudnienie i integracja spo\u0142eczna. Dzia\u0142anie 1.3 \u2013 Og\u00f3lnopolskie programy integracji i aktywizacji zawodowej Poddzia\u0142anie 1.3.1 \u2013 Projekty na rzecz spo\u0142eczno\u015bci romskiej Projekt [&hellip;]<\/p>\n","protected":false},"author":1,"featured_media":0,"parent":29,"menu_order":6,"comment_status":"closed","ping_status":"open","template":"","meta":[],"_links":{"self":[{"href":"https:\/\/sarr.com.pl\/index.php?rest_route=\/wp\/v2\/pages\/1118"}],"collection":[{"href":"https:\/\/sarr.com.pl\/index.php?rest_route=\/wp\/v2\/pages"}],"about":[{"href":"https:\/\/sarr.com.pl\/index.php?rest_route=\/wp\/v2\/types\/page"}],"author":[{"embeddable":true,"href":"https:\/\/sarr.com.pl\/index.php?rest_route=\/wp\/v2\/users\/1"}],"replies":[{"embeddable":true,"href":"https:\/\/sarr.com.pl\/index.php?rest_route=%2Fwp%2Fv2%2Fcomments&post=1118"}],"version-history":[{"count":7,"href":"https:\/\/sarr.com.pl\/index.php?rest_route=\/wp\/v2\/pages\/1118\/revisions"}],"predecessor-version":[{"id":1162,"href":"https:\/\/sarr.com.pl\/index.php?rest_route=\/wp\/v2\/pages\/1118\/revisions\/1162"}],"up":[{"embeddable":true,"href":"https:\/\/sarr.com.pl\/index.php?rest_route=\/wp\/v2\/pages\/29"}],"wp:attachment":[{"href":"https:\/\/sarr.com.pl\/index.php?rest_route=%2Fwp%2Fv2%2Fmedia&parent=1118"}],"curies":[{"name":"wp","href":"https:\/\/api.w.org\/{rel}","templated":true}]}}