{"id":113,"date":"2013-05-07T08:42:17","date_gmt":"2013-05-07T06:42:17","guid":{"rendered":"http:\/\/ziemiasadecka.com\/sarr\/?page_id=113"},"modified":"2014-06-20T10:37:21","modified_gmt":"2014-06-20T08:37:21","slug":"microsoft-word","status":"publish","type":"page","link":"https:\/\/sarr.com.pl\/?page_id=113","title":{"rendered":"Microsoft Word"},"content":{"rendered":"<h2 style=\"text-align: justify;\"><b>Word podstawowy<\/b><\/h2>\n<h3 style=\"text-align: justify;\" align=\"center\"><span style=\"color: #000000;\"><b>Tworzenie i edycja dokument\u00f3w w programie MS Word<\/b><\/span><\/h3>\n<p style=\"text-align: justify;\"><b>Adresaci szkolenia<\/b><\/p>\n<p style=\"text-align: justify;\">Szkolenie jest skierowane do os\u00f3b, kt\u00f3re rozpoczynaj\u0105 prac\u0119 z programem MS Word, chc\u0105 pozna\u0107 program MS Word a tak\u017ce poszerzy\u0107 umiej\u0119tno\u015bci z zakresu obs\u0142ugi edytora tekstu<\/p>\n<p style=\"text-align: justify;\"><b>Cel szkolenia<\/b><\/p>\n<p style=\"text-align: justify;\">Celem szkolenia jest nabycie umiej\u0119tno\u015bci zwi\u0105zanych z tworzeniem i edytowaniem dokument\u00f3w przy u\u017cyciu Worda, a tak\u017ce opanowanie obs\u0142ugi najwa\u017cniejszych i najcz\u0119\u015bciej wykorzystywanych funkcji programu MS Word.<\/p>\n<p style=\"text-align: justify;\"><b>Program szkolenia<\/b><\/p>\n<p style=\"text-align: justify;\"><b><\/b>Zdobycie umiej\u0119tno\u015bci edycji tekst\u00f3w w programie MS Word (3h):<\/p>\n<ul>\n<li><span style=\"text-align: justify;\">poznanie budowy dokumentu,<\/span><\/li>\n<li><span style=\"text-align: justify;\">nabycie umiej\u0119tno\u015bci \u00a0poruszania si\u0119 po dokumencie,<\/span><\/li>\n<li><span style=\"text-align: justify;\">zdobycie praktycznej wiedzy o trybach wy\u015bwietlania\u00a0 odpowiednich do edycji, czytania z ekranu, wydruku.<\/span><\/li>\n<\/ul>\n<p><span style=\"text-align: justify;\">Zdobycie umiej\u0119tno\u015bci tworzenia dokument\u00f3w (3h):<\/span><\/p>\n<ul style=\"text-align: justify;\">\n<li>tworzenie nowych dokument\u00f3w (w tym formatowanie pisanego tekstu: rozmiar, kr\u00f3j czcionki, pogrubienie, pochylenie, podkre\u015blenie; u\u017cywanie indeksu g\u00f3rnego, dolnego; miana koloru czcionki i t\u0142a tekstu; odst\u0119py mi\u0119dzy wierszami (interlinia); poznanie skr\u00f3t\u00f3w klawiszowych przyspieszaj\u0105cych prac\u0119, wyr\u00f3wnywanie, wy\u015brodkowywanie i wyjustowywanie tekstu),<\/li>\n<li>tworzenie dokument\u00f3w na podstawie szablon\u00f3w,<\/li>\n<li>wstawianie i edycja tabel ( w tym wype\u0142nianie tabeli, modyfikacja tabel, formatowanie zawarto\u015bci).<\/li>\n<\/ul>\n<p><span style=\"text-align: justify;\">Zdobycie umiej\u0119tno\u015bci wstawiania i edycji grafiki (3h):<\/span><\/p>\n<ul style=\"text-align: justify;\">\n<li>wstawianie diagram\u00f3w,<\/li>\n<li>wstawianie ilustracji.<\/li>\n<\/ul>\n<p><span style=\"text-align: justify;\">Zdobycie umiej\u0119tno\u015bci wstawiania innych element\u00f3w dokumentu (3h):<\/span><\/p>\n<ul style=\"text-align: justify;\">\n<li>wstawianie nag\u0142\u00f3wka, stopki, numeru strony,<\/li>\n<li>wstawianie symboli specjalnych,<\/li>\n<li>wstawianie pola tekstowego, obiektu data i godzina, przypis\u00f3w dolnych i ko\u0144cowych.<\/li>\n<\/ul>\n<p><span style=\"text-align: justify;\">Zdobycie praktycznych umiej\u0119tno\u015bci pos\u0142ugiwania si\u0119 korespondencj\u0105 seryjn\u0105 oraz wstawianie spisu tre\u015bci(3h):<\/span><\/p>\n<ul style=\"text-align: justify;\">\n<li>zrozumienie czym jest i do czego s\u0142u\u017cy korespondencja seryjna,<\/li>\n<li>nabycie umiej\u0119tno\u015bci rozpoczynania korespondencji seryjnej,<\/li>\n<li>tworzenie kopert, etykiet,<\/li>\n<li>tworzenie i modyfikacja spisu tre\u015bci.<\/li>\n<\/ul>\n<p><span style=\"text-align: justify;\">Zapisywanie i drukowanie dokument\u00f3w (1h).<\/span><\/p>\n<p style=\"text-align: justify;\"><b>Forma prowadzenia zaj\u0119\u0107<\/b><\/p>\n<p style=\"text-align: justify;\">Szkolenie prowadzone jest w formie warsztatowej. Uczestnicy utrwalaj\u0105 nabyt\u0105 wiedz\u0119 poprzez wykonywanie \u0107wicze\u0144. Du\u017cy nacisk jest po\u0142o\u017cony na praktyczne wykorzystywanie nabytych umiej\u0119tno\u015bci w codziennej pracy.<\/p>\n<h2 style=\"text-align: justify;\"><b>Word zaawansowany<\/b><\/h2>\n<h3 style=\"text-align: justify;\" align=\"center\"><span style=\"color: #000000;\"><b>Zaawansowane narz\u0119dzia edytora MS Word<\/b><\/span><\/h3>\n<p style=\"text-align: justify;\"><b>Adresaci szkolenia<\/b><\/p>\n<p style=\"text-align: justify;\">Szkolenie jest skierowane do os\u00f3b, kt\u00f3re znaj\u0105 program MS Word oraz wykorzystuj\u0105 jego narz\u0119dzia, ale chc\u0105 udoskonali\u0107 swoje umiej\u0119tno\u015bci i w maksymalny spos\u00f3b wykorzysta\u0107 w praktyce edytor tekst\u00f3w.<\/p>\n<p style=\"text-align: justify;\"><b>Cel szkolenia<\/b><\/p>\n<p style=\"text-align: justify;\">Celem szkolenia jest nabycie umiej\u0119tno\u015bci w zakresie zaawansowanego wykorzystania edytora MS Word.<\/p>\n<p style=\"text-align: justify;\"><b>Program szkolenia<\/b><\/p>\n<p style=\"text-align: justify;\">Uczestnik szkolenia nabywa praktycznych umiej\u0119tno\u015bci w zakresie:<\/p>\n<p style=\"text-align: justify;\">Formaty plik\u00f3w (Zapisywanie dokument\u00f3w w okre\u015blonych formatach dla wybranych u\u017cytkownik\u00f3w i sytuacji-2h).<\/p>\n<p style=\"text-align: justify;\">Szablony dokument\u00f3w i ich wykorzystanie (2h)<\/p>\n<p style=\"text-align: justify;\">Pola i elementy specjalne (5h):<\/p>\n<ul style=\"text-align: justify;\">\n<li>autouzupe\u0142nianie, autotekst,<\/li>\n<li>automatyczna numeracja stron dokumentu,<\/li>\n<li>wstawianie i edycja r\u00f3wna\u0144,<\/li>\n<li>wstawianie obiekt\u00f3w zewn\u0119trznych \u2013 dokumenty PDF, wykresy z Excela, notatki d\u017awi\u0119kowe.<\/li>\n<\/ul>\n<p style=\"text-align: justify;\">Tabele (8h):<\/p>\n<ul style=\"text-align: justify;\">\n<li>modyfikacja tabel,<\/li>\n<li>w\u0142a\u015bciwo\u015bci tabeli, modyfikowanie formatowania,<\/li>\n<li>autoformatowanie tabeli,<\/li>\n<li>wykorzystywanie funkcji do oblicze\u0144,<\/li>\n<\/ul>\n<p><span style=\"text-align: justify;\">Konspekty i odwo\u0142ania (8h):<\/span><\/p>\n<ul style=\"text-align: justify;\">\n<li>skorowidz najwa\u017cniejszych hase\u0142 w dokumencie,<\/li>\n<li>zak\u0142adki i odsy\u0142acze \u2013 nawigacja w dokumencie,<\/li>\n<li>przypisy dolne i ko\u0144cowe,<\/li>\n<li>podpisy do rysunk\u00f3w, automatyczny spis tabel i ilustracji,<\/li>\n<li>ustalanie hierarchii dokument\u00f3w,<\/li>\n<li>dokumenty g\u0142\u00f3wne i podrz\u0119dne.<\/li>\n<\/ul>\n<p style=\"text-align: justify;\">Formularze i szablony (7h):<\/p>\n<ul style=\"text-align: justify;\">\n<li>tworzenie profesjonalnych szablon\u00f3w i dokument\u00f3w,<\/li>\n<li>zarz\u0105dzanie szablonami,<\/li>\n<li>tworzenie dokument\u00f3w w postaci formularzy.<\/li>\n<\/ul>\n<p style=\"text-align: justify;\">\u00a0<b>Forma prowadzenia zaj\u0119\u0107<\/b><\/p>\n<p style=\"text-align: justify;\">Szkolenie prowadzone jest w formie warsztatowej. Uczestnicy utrwalaj\u0105 nabyt\u0105 wiedz\u0119 poprzez wykonywanie \u0107wicze\u0144. Du\u017cy nacisk jest po\u0142o\u017cony na praktyczne wykorzystywanie nabytych umiej\u0119tno\u015bci w codziennej pracy.<\/p>\n","protected":false},"excerpt":{"rendered":"<p>Word podstawowy Tworzenie i edycja dokument\u00f3w w programie MS Word Adresaci szkolenia Szkolenie jest skierowane do os\u00f3b, kt\u00f3re rozpoczynaj\u0105 prac\u0119 z programem MS Word, chc\u0105 pozna\u0107 program MS Word a tak\u017ce poszerzy\u0107 umiej\u0119tno\u015bci z zakresu obs\u0142ugi edytora tekstu Cel szkolenia Celem szkolenia jest nabycie umiej\u0119tno\u015bci zwi\u0105zanych z tworzeniem i edytowaniem dokument\u00f3w przy u\u017cyciu Worda, a [&hellip;]<\/p>\n","protected":false},"author":1,"featured_media":0,"parent":109,"menu_order":1,"comment_status":"closed","ping_status":"open","template":"","meta":[],"_links":{"self":[{"href":"https:\/\/sarr.com.pl\/index.php?rest_route=\/wp\/v2\/pages\/113"}],"collection":[{"href":"https:\/\/sarr.com.pl\/index.php?rest_route=\/wp\/v2\/pages"}],"about":[{"href":"https:\/\/sarr.com.pl\/index.php?rest_route=\/wp\/v2\/types\/page"}],"author":[{"embeddable":true,"href":"https:\/\/sarr.com.pl\/index.php?rest_route=\/wp\/v2\/users\/1"}],"replies":[{"embeddable":true,"href":"https:\/\/sarr.com.pl\/index.php?rest_route=%2Fwp%2Fv2%2Fcomments&post=113"}],"version-history":[{"count":14,"href":"https:\/\/sarr.com.pl\/index.php?rest_route=\/wp\/v2\/pages\/113\/revisions"}],"predecessor-version":[{"id":1038,"href":"https:\/\/sarr.com.pl\/index.php?rest_route=\/wp\/v2\/pages\/113\/revisions\/1038"}],"up":[{"embeddable":true,"href":"https:\/\/sarr.com.pl\/index.php?rest_route=\/wp\/v2\/pages\/109"}],"wp:attachment":[{"href":"https:\/\/sarr.com.pl\/index.php?rest_route=%2Fwp%2Fv2%2Fmedia&parent=113"}],"curies":[{"name":"wp","href":"https:\/\/api.w.org\/{rel}","templated":true}]}}