{"id":115,"date":"2013-05-07T08:42:29","date_gmt":"2013-05-07T06:42:29","guid":{"rendered":"http:\/\/ziemiasadecka.com\/sarr\/?page_id=115"},"modified":"2014-06-20T10:41:13","modified_gmt":"2014-06-20T08:41:13","slug":"microsoft-excel","status":"publish","type":"page","link":"https:\/\/sarr.com.pl\/?page_id=115","title":{"rendered":"Microsoft Excel"},"content":{"rendered":"<h2 style=\"text-align: justify;\"><b>Excel podstawowy<\/b><\/h2>\n<p style=\"text-align: justify;\"><b>Adresaci szkolenia<\/b><\/p>\n<p style=\"text-align: justify;\">Szkolenie przeznaczone jest dla os\u00f3b rozpoczynaj\u0105cych prac\u0119 z Excelem oraz dla os\u00f3b, kt\u00f3re pracuj\u0105 ju\u017c z programem, ale chc\u0105 pog\u0142\u0119bi\u0107 posiadan\u0105 wiedz\u0119.<\/p>\n<p style=\"text-align: justify;\"><b>Cel szkolenia<\/b><\/p>\n<p style=\"text-align: justify;\">Celem szkolenia jest om\u00f3wienie i poznanie podstaw funkcjonowania programu Excel oraz jego praktyczne wykorzystanie w codziennej pracy.<\/p>\n<p style=\"text-align: justify;\"><b>Program szkolenia<\/b><\/p>\n<p style=\"text-align: justify;\">Wprowadzenie do pracy z arkuszami kalkulacyjnymi Excela (2h):<\/p>\n<ul style=\"text-align: justify;\">\n<li>zapoznanie z podstawowymi poj\u0119ciami &#8211; skoroszyt i arkusz,<\/li>\n<li>poznanie poj\u0119cia- kom\u00f3rki i adresu kom\u00f3rki w tym: czym jest kom\u00f3rka oraz jaki ma adres, czym s\u0105 wiersze i kolumny arkusza kalkulacyjnego oraz do czego s\u0142u\u017c\u0105,<\/li>\n<li>om\u00f3wienie podstawowych funkcji pask\u00f3w narz\u0119dziowych Excela (jak korzysta\u0107 z podstawowych narz\u0119dzi formatowania arkusza)<\/li>\n<\/ul>\n<p style=\"text-align: justify;\">Zdobycie podstawowej wiedzy o \u00a0pracy z Excelem (4h):<\/p>\n<ul style=\"text-align: justify;\">\n<li>tworzenie i zapisywanie skoroszytu, nawigacja po arkuszach skoroszytu,<\/li>\n<li>operacja na danych w tym: wprowadzanie danych do arkusza, poprawne wpisywanie dat, liczb i warto\u015bci tekstowych, modyfikacja danych, przenoszenie i kopiowanie danych w arkuszu oraz pomi\u0119dzy arkuszami, wstawianie arkuszy, usuwanie i przenoszenie arkuszy z danymi, zmiana szeroko\u015bci kolumn i wysoko\u015bci wierszy, scalanie kom\u00f3rek, praca z kolumnami i wierszami (wstawianie nowej kolumny, usuwanie kolumny, wstawianie wiersza, usuwanie wiersza, nadawanie kolor\u00f3w wierszom i kolumnom, ukrywanie wierszy i kolumn, odkrywanie wierszy i kolumn)<\/li>\n<\/ul>\n<p style=\"text-align: justify;\">Zapoznanie z\u00a0obliczeniami i zestawieniami \u00a0w Exelu (4h):<\/p>\n<ul style=\"text-align: justify;\">\n<li>nabycie umiej\u0119tno\u015bci tworzenia formu\u0142,<\/li>\n<li>adresowanie w formu\u0142ach,<\/li>\n<li>wykorzystywanie funkcji Excela do tworzenia oblicze\u0144 i zestawie\u0144.<\/li>\n<\/ul>\n<p style=\"text-align: justify;\">Zdobycie umiej\u0119tno\u015bci pracy z tabelami (3h):<\/p>\n<ul style=\"text-align: justify;\">\n<li>tworzenie tabel,<\/li>\n<li>szybkie wype\u0142niane tabel z liczbami,<\/li>\n<li>tworzeni oblicze\u0144 w tabelach,<\/li>\n<li>sortowanie i filtrowanie danych w tabeli.<\/li>\n<\/ul>\n<p style=\"text-align: justify;\">Zdobycie umiej\u0119tno\u015bci graficznej prezentacje danych (2h):<\/p>\n<ul style=\"text-align: justify;\">\n<li>tworzenie i modyfikacja wykres\u00f3w,<\/li>\n<li>rodzaje wykres\u00f3w oraz przyk\u0142ady wykorzystania,<\/li>\n<li>tworzenie schemat\u00f3w i diagram\u00f3w,<\/li>\n<li>dodawanie i edycja komentarzy.<\/li>\n<\/ul>\n<p style=\"text-align: justify;\">Drukowanie i jego opcje (1h):<\/p>\n<ul style=\"text-align: justify;\">\n<li>dodawanie numer\u00f3w stron,<\/li>\n<li>przygotowywanie arkusza do wydruku<\/li>\n<\/ul>\n<p style=\"text-align: justify;\" align=\"center\"><b>Forma prowadzenia zaj\u0119\u0107<\/b><\/p>\n<p style=\"text-align: justify;\">Szkolenie prowadzone jest w formie warsztatowej. Uczestnicy utrwalaj\u0105 nabyt\u0105 wiedz\u0119 poprzez wykonywanie \u0107wicze\u0144. Du\u017cy nacisk jest po\u0142o\u017cony na praktyczne wykorzystywanie nabytych umiej\u0119tno\u015bci w codziennej pracy.<\/p>\n<h2 style=\"text-align: justify;\"><\/h2>\n<h2 style=\"text-align: justify;\"><b>Excel zaawansowany<\/b><\/h2>\n<p style=\"text-align: justify;\"><b>Adresaci szkolenia<\/b><\/p>\n<p style=\"text-align: justify;\">Szkolenie jest skierowane do os\u00f3b, kt\u00f3re wykorzystuj\u0105 Excela w codziennej pracy, ale chc\u0105 pog\u0142\u0119bi\u0107 wiedz\u0119 w zakresie praktycznego wykorzystania programu .<\/p>\n<p style=\"text-align: justify;\"><b>Cel szkolenia<\/b><\/p>\n<p style=\"text-align: justify;\">Celem szkolenia jest poznanie zaawansowanych funkcji arkusza kalkulacyjnego Excel oraz praktyczne ich wykorzystanie w codziennej pracy.<\/p>\n<p style=\"text-align: justify;\"><b>Program szkolenia<\/b><\/p>\n<p style=\"text-align: justify;\">Uczestnik szkolenia nabywa praktycznych umiej\u0119tno\u015bci w zakresie:<\/p>\n<p style=\"text-align: justify;\">Formatowania warunkowego (6h):<\/p>\n<ul style=\"text-align: justify;\">\n<li>formatowanie warunkowe por\u00f3wnuj\u0105ce tabele,<\/li>\n<li>formatowanie warunkowe za pomoc\u0105 funkcji,<\/li>\n<li>formatowanie warunkowe r\u00f3\u017cnych zakres\u00f3w dat.<\/li>\n<\/ul>\n<p style=\"text-align: justify;\">Formu\u0142y i funkcje (8h):<\/p>\n<ul style=\"text-align: justify;\">\n<li>tworzenie formu\u0142 obliczeniowych wykorzystywanych w codziennej pracy,<\/li>\n<li>zastosowanie funkcji logicznych ( JE\u017bELI, LUB, ORAZ, SUMA),<\/li>\n<li>przetwarzanie tekstu za pomoc\u0105 funkcji tekstowych,<\/li>\n<li>wykonywanie oblicze\u0144 i operacji na datach,<\/li>\n<li>analiza formu\u0142, wychwytywanie i korygowanie b\u0142\u0119d\u00f3w w obliczeniach,<\/li>\n<li>funkcje por\u00f3wnywania i wyszukiwania danych w tabelach (WYSZUKAJ.PIONOWO, WYSZUKAJ.POZIOMO).<\/li>\n<\/ul>\n<p style=\"text-align: justify;\">Zarzadzanie arkuszami i skoroszytami (8h):<\/p>\n<ul style=\"text-align: justify;\">\n<li>zaawansowana praca z kom\u00f3rkami i nazwami,<\/li>\n<li>zakresy widoczno\u015bci nazw, mened\u017cer nazw,<\/li>\n<li>\u0142\u0105czenie arkuszy za pomoc\u0105 funkcji,<\/li>\n<li>\u0142\u0105czenie skoroszyt\u00f3w i praca na r\u00f3\u017cnych skoroszytach.<\/li>\n<\/ul>\n<p style=\"text-align: justify;\">Analizy i raporty (8h):<\/p>\n<ul style=\"text-align: justify;\">\n<li>tworzenie zestawie\u0144 zbiorowych i analiz wielopoziomowych,<\/li>\n<li>grupowanie danych i tworzenie konspektu,<\/li>\n<li>konsolidacja danych w arkuszach,<\/li>\n<li>konsolidacja danych z r\u00f3\u017cnych plik\u00f3w,<\/li>\n<li>najwa\u017cniejsze zasady analizy danych za pomoc\u0105 tabel przestawnych i wykres\u00f3w przestawnych (tworzenie i modyfikacja tabel przestawnych, tworzenie przekrojowych zestawie\u0144, analiz i raport\u00f3w).<\/li>\n<\/ul>\n<p style=\"text-align: justify;\">Zabezpieczenie dokumentu (1h):<\/p>\n<ul style=\"text-align: justify;\">\n<li>blokowanie dost\u0119pu do pliku za pomoc\u0105 hase\u0142,<\/li>\n<li>zabezpieczenie arkuszy i plik\u00f3w przed usuwaniem i modyfikowaniem danych,<\/li>\n<li>ochrona skoroszytu.<\/li>\n<\/ul>\n<p style=\"text-align: justify;\">Drukowanie arkuszy excela (1h):<\/p>\n<ul style=\"text-align: justify;\">\n<li>zaawansowane funkcje drukowania i przygotowania do wydruku<\/li>\n<\/ul>\n<p style=\"text-align: justify;\">\u00a0<em id=\"__mceDel\"><b>Forma prowadzenia zaj\u0119\u0107<\/b><\/em><\/p>\n<p style=\"text-align: justify;\">Szkolenie prowadzone jest w formie warsztatowej. Uczestnicy utrwalaj\u0105 nabyt\u0105 wiedz\u0119 poprzez wykonywanie \u0107wicze\u0144. Du\u017cy nacisk jest po\u0142o\u017cony na praktyczne wykorzystywanie nabytych umiej\u0119tno\u015bci w codziennej pracy.<\/p>\n","protected":false},"excerpt":{"rendered":"<p>Excel podstawowy Adresaci szkolenia Szkolenie przeznaczone jest dla os\u00f3b rozpoczynaj\u0105cych prac\u0119 z Excelem oraz dla os\u00f3b, kt\u00f3re pracuj\u0105 ju\u017c z programem, ale chc\u0105 pog\u0142\u0119bi\u0107 posiadan\u0105 wiedz\u0119. Cel szkolenia Celem szkolenia jest om\u00f3wienie i poznanie podstaw funkcjonowania programu Excel oraz jego praktyczne wykorzystanie w codziennej pracy. Program szkolenia Wprowadzenie do pracy z arkuszami kalkulacyjnymi Excela (2h): [&hellip;]<\/p>\n","protected":false},"author":1,"featured_media":0,"parent":109,"menu_order":2,"comment_status":"closed","ping_status":"open","template":"","meta":[],"_links":{"self":[{"href":"https:\/\/sarr.com.pl\/index.php?rest_route=\/wp\/v2\/pages\/115"}],"collection":[{"href":"https:\/\/sarr.com.pl\/index.php?rest_route=\/wp\/v2\/pages"}],"about":[{"href":"https:\/\/sarr.com.pl\/index.php?rest_route=\/wp\/v2\/types\/page"}],"author":[{"embeddable":true,"href":"https:\/\/sarr.com.pl\/index.php?rest_route=\/wp\/v2\/users\/1"}],"replies":[{"embeddable":true,"href":"https:\/\/sarr.com.pl\/index.php?rest_route=%2Fwp%2Fv2%2Fcomments&post=115"}],"version-history":[{"count":9,"href":"https:\/\/sarr.com.pl\/index.php?rest_route=\/wp\/v2\/pages\/115\/revisions"}],"predecessor-version":[{"id":1040,"href":"https:\/\/sarr.com.pl\/index.php?rest_route=\/wp\/v2\/pages\/115\/revisions\/1040"}],"up":[{"embeddable":true,"href":"https:\/\/sarr.com.pl\/index.php?rest_route=\/wp\/v2\/pages\/109"}],"wp:attachment":[{"href":"https:\/\/sarr.com.pl\/index.php?rest_route=%2Fwp%2Fv2%2Fmedia&parent=115"}],"curies":[{"name":"wp","href":"https:\/\/api.w.org\/{rel}","templated":true}]}}