{"id":117,"date":"2013-05-07T08:42:45","date_gmt":"2013-05-07T06:42:45","guid":{"rendered":"http:\/\/ziemiasadecka.com\/sarr\/?page_id=117"},"modified":"2014-06-20T10:45:36","modified_gmt":"2014-06-20T08:45:36","slug":"microsoft-powerpoint","status":"publish","type":"page","link":"https:\/\/sarr.com.pl\/?page_id=117","title":{"rendered":"Microsoft PowerPoint"},"content":{"rendered":"<h2 style=\"text-align: justify;\"><b>PowerPoint \u2013 tworzenie prezentacji multimedialnych<\/b><\/h2>\n<p style=\"text-align: justify;\"><b>Adresaci szkolenia<\/b><\/p>\n<p style=\"text-align: justify;\">Szkolenie jest przeznaczone dla os\u00f3b, kt\u00f3re w swojej pracy przygotowuj\u0105 wyst\u0105pienia i chc\u0105 pozna\u0107 mo\u017cliwo\u015bci programu PowerPoint w celu realizacji profesjonalnego pokazu i zaprezentowania go odbiorcom.<\/p>\n<p style=\"text-align: justify;\"><b>Cel szkolenia<\/b><\/p>\n<p style=\"text-align: justify;\">Celem szkolenia jest zdobycie umiej\u0119tno\u015bci codziennego wykorzystywania programu MS PowerPoint i tworzenia profesjonalnych prezentacji.<\/p>\n<p style=\"text-align: justify;\"><b>Program<\/b><\/p>\n<p style=\"text-align: justify;\">Wprowadzenie do programu PowerPoint<\/p>\n<p style=\"text-align: justify;\">Zdobycie praktycznej wiedzy o tworzeniu i edycji prezentacji (2h):<\/p>\n<ul style=\"text-align: justify;\">\n<li>praca z tekstem i formatowanie slajd\u00f3w,<\/li>\n<li>tworzenie konspekt\u00f3w \u2013 \u0142atwiejsza praca z tekstem,<\/li>\n<li>t\u0142a, nag\u0142\u00f3wki, stopki,<\/li>\n<li>wstawianie tabel, obrazk\u00f3w, klipart\u00f3w, wordart\u00f3w, wzor\u00f3w,<\/li>\n<li>praca z wzorem \u2013 modyfikacja prezentacji.<\/li>\n<\/ul>\n<p style=\"text-align: justify;\">Nabycie umiej\u0119tno\u015bci tworzenia diagram\u00f3w (1h):<\/p>\n<ul style=\"text-align: justify;\">\n<li>r\u0119czne rysowanie diagram\u00f3w,<\/li>\n<li>rorzystanie ze smartart\u00f3w.<\/li>\n<\/ul>\n<p style=\"text-align: justify;\">Zdobycie praktycznej wiedzy o zastosowaniu multimedi\u00f3w w prezentacji (2h):<\/p>\n<ul style=\"text-align: justify;\">\n<li>wstawianie i edycja zdj\u0119\u0107 i ilustracji,<\/li>\n<li>kadrowani zdj\u0119\u0107, zmiana rozmiaru i kompresja,<\/li>\n<li>prezentacja danych za pomoc\u0105 wykres\u00f3w, osadzanie wykres\u00f3w z Excela,<\/li>\n<li>przej\u015bcia i schematy animacji w tym: rodzaje efekt\u00f3w, ustawianie efekt\u00f3w, \u0142\u0105czenie efekt\u00f3w, animowanie wykres\u00f3w, smartart\u00f3w itp.<\/li>\n<li>wstawianie notatek g\u0142osowych i d\u017awi\u0119k\u00f3w,<\/li>\n<li>tworzenie podk\u0142ad\u00f3w muzycznych w prezentacji.<\/li>\n<\/ul>\n<p style=\"text-align: justify;\">Przygotowanie prezentacji do pokazu- praktyczne umiej\u0119tno\u015bci (2h):<\/p>\n<ul style=\"text-align: justify;\">\n<li>tworzenie kompletnych prezentacji ze wszystkimi potrzebnymi plikami,<\/li>\n<li>okre\u015blanie czasu potrzebnego na ca\u0142y pokaz, chronometra\u017c prezentacji-tworzenie,<\/li>\n<li>wydruk prezentacji.<\/li>\n<\/ul>\n<p style=\"text-align: justify;\">Pokaz- praktyczne umiej\u0119tno\u015bci (1h):<\/p>\n<ul style=\"text-align: justify;\">\n<li>przygotowanie i sprawdzenie sprz\u0119tu<\/li>\n<li>praca z prezentacj\u0105 podczas pokazu \u2013 najwa\u017cniejsze skr\u00f3ty klawiaturowe.<\/li>\n<\/ul>\n<p style=\"text-align: justify;\">\u00a0<b>Forma prowadzenia zaj\u0119\u0107<\/b><\/p>\n<p style=\"text-align: justify;\">Szkolenie prowadzone jest w formie warsztatowej. Uczestnicy utrwalaj\u0105 nabyt\u0105 wiedz\u0119 poprzez wykonywanie \u0107wicze\u0144. Du\u017cy nacisk jest po\u0142o\u017cony na praktyczne wykorzystywanie nabytych umiej\u0119tno\u015bci w codziennej pracy.<\/p>\n","protected":false},"excerpt":{"rendered":"<p>PowerPoint \u2013 tworzenie prezentacji multimedialnych Adresaci szkolenia Szkolenie jest przeznaczone dla os\u00f3b, kt\u00f3re w swojej pracy przygotowuj\u0105 wyst\u0105pienia i chc\u0105 pozna\u0107 mo\u017cliwo\u015bci programu PowerPoint w celu realizacji profesjonalnego pokazu i zaprezentowania go odbiorcom. Cel szkolenia Celem szkolenia jest zdobycie umiej\u0119tno\u015bci codziennego wykorzystywania programu MS PowerPoint i tworzenia profesjonalnych prezentacji. Program Wprowadzenie do programu PowerPoint Zdobycie [&hellip;]<\/p>\n","protected":false},"author":1,"featured_media":0,"parent":109,"menu_order":4,"comment_status":"closed","ping_status":"open","template":"","meta":[],"_links":{"self":[{"href":"https:\/\/sarr.com.pl\/index.php?rest_route=\/wp\/v2\/pages\/117"}],"collection":[{"href":"https:\/\/sarr.com.pl\/index.php?rest_route=\/wp\/v2\/pages"}],"about":[{"href":"https:\/\/sarr.com.pl\/index.php?rest_route=\/wp\/v2\/types\/page"}],"author":[{"embeddable":true,"href":"https:\/\/sarr.com.pl\/index.php?rest_route=\/wp\/v2\/users\/1"}],"replies":[{"embeddable":true,"href":"https:\/\/sarr.com.pl\/index.php?rest_route=%2Fwp%2Fv2%2Fcomments&post=117"}],"version-history":[{"count":7,"href":"https:\/\/sarr.com.pl\/index.php?rest_route=\/wp\/v2\/pages\/117\/revisions"}],"predecessor-version":[{"id":1042,"href":"https:\/\/sarr.com.pl\/index.php?rest_route=\/wp\/v2\/pages\/117\/revisions\/1042"}],"up":[{"embeddable":true,"href":"https:\/\/sarr.com.pl\/index.php?rest_route=\/wp\/v2\/pages\/109"}],"wp:attachment":[{"href":"https:\/\/sarr.com.pl\/index.php?rest_route=%2Fwp%2Fv2%2Fmedia&parent=117"}],"curies":[{"name":"wp","href":"https:\/\/api.w.org\/{rel}","templated":true}]}}