{"id":119,"date":"2013-05-07T08:42:59","date_gmt":"2013-05-07T06:42:59","guid":{"rendered":"http:\/\/ziemiasadecka.com\/sarr\/?page_id=119"},"modified":"2014-06-20T10:43:50","modified_gmt":"2014-06-20T08:43:50","slug":"microsoft-access","status":"publish","type":"page","link":"https:\/\/sarr.com.pl\/?page_id=119","title":{"rendered":"Microsoft Access"},"content":{"rendered":"<h2><b>Access podstawowy<\/b><\/h2>\n<p><b>Adresaci szkolenia<\/b><\/p>\n<p>Szkolenie przeznaczone dla os\u00f3b, kt\u00f3re wykorzystuj\u0105 program MS Access do gromadzenia i przechowywania danych, a tak\u017ce do os\u00f3b, kt\u00f3re w swojej pracy tworz\u0105 raporty na podstawie danych.<\/p>\n<p><b>Cel szkolenia<\/b><\/p>\n<p>Celem szkolenia jest zapoznanie si\u0119 z programem Access z punktu widzenia u\u017cytkownika baz danych, a tak\u017ce nabycie umiej\u0119tno\u015bci efektywnego korzystania z baz danych przy pomocy programu Access i poznanie podstaw tworzenia prostych baz danych.<\/p>\n<p><b>Program<\/b><\/p>\n<p>Nabycie podstawowych umiej\u0119tno\u015bci pracy z \u00a0programem Microsoft Access (5h):<\/p>\n<ul>\n<li>przechowywanie danych \u2013 dlaczego Access a nie Excel?<\/li>\n<li>zapoznanie z najwa\u017cniejszymi elementami bazy danych \u2013 tabele, kwerendy, formularze i raporty,<\/li>\n<li>zapoznanie z interfejsem u\u017cytkownika, wst\u0105\u017ck\u0105 i paskiem szybkiego dost\u0119pu,<\/li>\n<li>nabycie umiej\u0119tno\u015bci przygotowania danych.<\/li>\n<\/ul>\n<p>Zdobycie umiej\u0119tno\u015bci tworzenia i wzbogacania baz danych (6h):<\/p>\n<ul>\n<li>nabycie umiej\u0119tno\u015bci korzystania z kreator\u00f3w tabel, formularzy, kwerend i raport\u00f3w,<\/li>\n<li>tworzenie gotowych szablon\u00f3w plik\u00f3w i tabel,<\/li>\n<li>tworzenie tabel : widok projektowania tabeli,<\/li>\n<li>tworzenie formularzy,<\/li>\n<li>tworzenie raport\u00f3w,<\/li>\n<li>nabycie umiej\u0119tno\u015bci importowania danych do Accessa ze \u017ar\u00f3de\u0142 zewn\u0119trznych ( Excel, plik podstawowy).<\/li>\n<\/ul>\n<p>Nabycie umiej\u0119tno\u015bci sprawnego korzystanie z baz danych (5h):<\/p>\n<ul>\n<li>drukowanie danych i raport\u00f3w,<\/li>\n<li>analiza danych na ekranie : proste i z\u0142o\u017cone sortowanie i filtrowanie.<\/li>\n<\/ul>\n<p style=\"text-align: justify;\" align=\"center\"><b>Forma prowadzenia zaj\u0119\u0107<\/b><\/p>\n<p>Szkolenie prowadzone jest w formie warsztatowej. Uczestnicy utrwalaj\u0105 nabyt\u0105 wiedz\u0119 poprzez wykonywanie \u0107wicze\u0144. Du\u017cy nacisk jest po\u0142o\u017cony na praktyczne wykorzystywanie nabytych umiej\u0119tno\u015bci w codziennej pracy.<\/p>\n","protected":false},"excerpt":{"rendered":"<p>Access podstawowy Adresaci szkolenia Szkolenie przeznaczone dla os\u00f3b, kt\u00f3re wykorzystuj\u0105 program MS Access do gromadzenia i przechowywania danych, a tak\u017ce do os\u00f3b, kt\u00f3re w swojej pracy tworz\u0105 raporty na podstawie danych. Cel szkolenia Celem szkolenia jest zapoznanie si\u0119 z programem Access z punktu widzenia u\u017cytkownika baz danych, a tak\u017ce nabycie umiej\u0119tno\u015bci efektywnego korzystania z baz [&hellip;]<\/p>\n","protected":false},"author":1,"featured_media":0,"parent":109,"menu_order":4,"comment_status":"closed","ping_status":"open","template":"","meta":[],"_links":{"self":[{"href":"https:\/\/sarr.com.pl\/index.php?rest_route=\/wp\/v2\/pages\/119"}],"collection":[{"href":"https:\/\/sarr.com.pl\/index.php?rest_route=\/wp\/v2\/pages"}],"about":[{"href":"https:\/\/sarr.com.pl\/index.php?rest_route=\/wp\/v2\/types\/page"}],"author":[{"embeddable":true,"href":"https:\/\/sarr.com.pl\/index.php?rest_route=\/wp\/v2\/users\/1"}],"replies":[{"embeddable":true,"href":"https:\/\/sarr.com.pl\/index.php?rest_route=%2Fwp%2Fv2%2Fcomments&post=119"}],"version-history":[{"count":6,"href":"https:\/\/sarr.com.pl\/index.php?rest_route=\/wp\/v2\/pages\/119\/revisions"}],"predecessor-version":[{"id":1041,"href":"https:\/\/sarr.com.pl\/index.php?rest_route=\/wp\/v2\/pages\/119\/revisions\/1041"}],"up":[{"embeddable":true,"href":"https:\/\/sarr.com.pl\/index.php?rest_route=\/wp\/v2\/pages\/109"}],"wp:attachment":[{"href":"https:\/\/sarr.com.pl\/index.php?rest_route=%2Fwp%2Fv2%2Fmedia&parent=119"}],"curies":[{"name":"wp","href":"https:\/\/api.w.org\/{rel}","templated":true}]}}