{"id":121,"date":"2013-05-07T08:43:28","date_gmt":"2013-05-07T06:43:28","guid":{"rendered":"http:\/\/ziemiasadecka.com\/sarr\/?page_id=121"},"modified":"2014-06-20T10:47:05","modified_gmt":"2014-06-20T08:47:05","slug":"szkolenie-program-platnik","status":"publish","type":"page","link":"https:\/\/sarr.com.pl\/?page_id=121","title":{"rendered":"Szkolenie Program P\u0142atnik"},"content":{"rendered":"<h2 style=\"text-align: justify;\"><b>P\u0142atnik \u2013 szkolenie podstawowe<\/b><\/h2>\n<p style=\"text-align: justify;\"><b>Adresaci szkolenia<\/b><\/p>\n<p style=\"text-align: justify;\">Szkolenie jest skierowane do os\u00f3b nie posiadaj\u0105cych do\u015bwiadczenia w pracy z programem P\u0141ATNIK chc\u0105cych dowiedzie\u0107 si\u0119 jak za pomoc\u0105 programu sporz\u0105dza\u0107 zg\u0142oszenia, rozliczenia i inne dokumenty do ZUS. Szkolenie trwa 16h.<\/p>\n<p style=\"text-align: justify;\"><b>Cel szkolenia<\/b><\/p>\n<p style=\"text-align: justify;\">Celem szkolenia jest nabycie praktycznych umiej\u0119tno\u015bci zwi\u0105zanych z programem P\u0141ATNIK, a tak\u017ce zdobycie umiej\u0119tno\u015bci niezb\u0119dnych do comiesi\u0119cznych rozlicze\u0144 z Zak\u0142adem Ubezpiecze\u0144 Spo\u0142ecznych.<\/p>\n<p style=\"text-align: justify;\"><b>Program<\/b><\/p>\n<ol>\n<li>Zapoznanie z og\u00f3ln\u0105 charakterystyk\u0105 programu przeznaczonego do rozlicze\u0144 ZUS.<\/li>\n<li>Nabycie umiej\u0119tno\u015bci instalacji i rejestracji programu P\u0141ATNIK.<\/li>\n<li>Zapoznanie z\u00a0podstawowym menu oraz ikonami programu.<\/li>\n<li>Nabycie umiej\u0119tno\u015bci wprowadzania p\u0142atnika do rejestru p\u0142atnika.<\/li>\n<li>Nabycie umiej\u0119tno\u015bci zg\u0142aszania ubezpieczonych do ubezpiecze\u0144 spo\u0142ecznych, zdrowotnych, zg\u0142aszanie cz\u0142onk\u00f3w rodziny ubezpieczonego do ubezpieczenia zdrowotnego \u2013 druki ZUA, ZZA, ZCZA.<\/li>\n<li>Tworzenie dokument\u00f3w rozliczeniowych<\/li>\n<li>Wyci\u0105gi z CRV- tworzenie.<\/li>\n<li>Tworzenie dokument\u00f3w p\u0142atniczych (przelew\u00f3w).<\/li>\n<li>Zapoznanie z metodami przesy\u0142ania dokument\u00f3w do ZUS.<\/li>\n<li>Nauka archiwizowania dokument\u00f3w w programie P\u0141ATNIK.<\/li>\n<li>Obs\u0142uga bazy danych \\<\/li>\n<\/ol>\n<p>&nbsp;<\/p>\n<h2><b>P\u0142atnik \u2013 szkolenie rozszerzone<\/b><\/h2>\n<p style=\"text-align: justify;\"><b>Adresaci szkolenia:<\/b><\/p>\n<p style=\"text-align: justify;\">Szkolenie jest skierowane do os\u00f3b, kt\u00f3re pracuj\u0105 w pionie administracyjnym, zajmuj\u0105cych si\u0119 sprawami osobowymi i p\u0142acowymi w jednostce, kt\u00f3re s\u0105 zorientowane w zasadach ubezpiecze\u0144 spo\u0142ecznych. Szkolenie trwa 24h.<\/p>\n<p style=\"text-align: justify;\"><b>Cel szkolenia:<\/b><\/p>\n<p style=\"text-align: justify;\">Celem szkolenia jest poznanie mo\u017cliwo\u015bci i funkcji programu P\u0141ATNIK w zakresie weryfikacji zgromadzonych i danych pomocnych w prawid\u0142owym przygotowaniu korekt oraz rozszerzenie umiej\u0119tno\u015bci w zakresie obs\u0142ugi programu.<\/p>\n<p style=\"text-align: justify;\"><b>Program<\/b><\/p>\n<ol>\n<li>Zdobycie praktycznych umiej\u0119tno\u015bci weryfikacji danych w programie P\u0141ATNIK.<\/li>\n<li>Korekta dokument\u00f3w ubezpieczeniowych.<\/li>\n<li>Przygotowanie dokument\u00f3w koryguj\u0105cych.<\/li>\n<li>Poznanie zasad rozliczania i op\u0142acania sk\u0142adek na Emerytury pomostowe w kontek\u015bcie nowych dokument\u00f3w zg\u0142oszeniowych i rozliczeniowych.<\/li>\n<li>Poznanie sposob\u00f3w odzyskiwania danych \u2013 archiwizacja i kopie bezpiecze\u0144stwa.<\/li>\n<li>Podsumowanie \u2013 czas na pytania i odpowiedzi<\/li>\n<\/ol>\n","protected":false},"excerpt":{"rendered":"<p>P\u0142atnik \u2013 szkolenie podstawowe Adresaci szkolenia Szkolenie jest skierowane do os\u00f3b nie posiadaj\u0105cych do\u015bwiadczenia w pracy z programem P\u0141ATNIK chc\u0105cych dowiedzie\u0107 si\u0119 jak za pomoc\u0105 programu sporz\u0105dza\u0107 zg\u0142oszenia, rozliczenia i inne dokumenty do ZUS. Szkolenie trwa 16h. Cel szkolenia Celem szkolenia jest nabycie praktycznych umiej\u0119tno\u015bci zwi\u0105zanych z programem P\u0141ATNIK, a tak\u017ce zdobycie umiej\u0119tno\u015bci niezb\u0119dnych do [&hellip;]<\/p>\n","protected":false},"author":1,"featured_media":0,"parent":109,"menu_order":5,"comment_status":"closed","ping_status":"open","template":"","meta":[],"_links":{"self":[{"href":"https:\/\/sarr.com.pl\/index.php?rest_route=\/wp\/v2\/pages\/121"}],"collection":[{"href":"https:\/\/sarr.com.pl\/index.php?rest_route=\/wp\/v2\/pages"}],"about":[{"href":"https:\/\/sarr.com.pl\/index.php?rest_route=\/wp\/v2\/types\/page"}],"author":[{"embeddable":true,"href":"https:\/\/sarr.com.pl\/index.php?rest_route=\/wp\/v2\/users\/1"}],"replies":[{"embeddable":true,"href":"https:\/\/sarr.com.pl\/index.php?rest_route=%2Fwp%2Fv2%2Fcomments&post=121"}],"version-history":[{"count":8,"href":"https:\/\/sarr.com.pl\/index.php?rest_route=\/wp\/v2\/pages\/121\/revisions"}],"predecessor-version":[{"id":1044,"href":"https:\/\/sarr.com.pl\/index.php?rest_route=\/wp\/v2\/pages\/121\/revisions\/1044"}],"up":[{"embeddable":true,"href":"https:\/\/sarr.com.pl\/index.php?rest_route=\/wp\/v2\/pages\/109"}],"wp:attachment":[{"href":"https:\/\/sarr.com.pl\/index.php?rest_route=%2Fwp%2Fv2%2Fmedia&parent=121"}],"curies":[{"name":"wp","href":"https:\/\/api.w.org\/{rel}","templated":true}]}}