{"id":1239,"date":"2016-09-29T14:15:27","date_gmt":"2016-09-29T12:15:27","guid":{"rendered":"http:\/\/sarr.com.pl\/?page_id=1239"},"modified":"2020-07-01T09:52:33","modified_gmt":"2020-07-01T07:52:33","slug":"krajowy-fundusz-szkoleniowy-szkolenia","status":"publish","type":"page","link":"https:\/\/sarr.com.pl\/?page_id=1239","title":{"rendered":"Krajowy Fundusz Szkoleniowy \u2013 Szkolenia"},"content":{"rendered":"<p style=\"text-align: justify;\">Wychodz\u0105c naprzeciw Pa\u0144stwa oczekiwaniom S\u0105decka Agencja Rozwoju Regionalnego S.A. \u2028w Nowym S\u0105czu przygotowa\u0142a cykl szkole\u0144, na kt\u00f3re mo\u017cna uzyska\u0107 dofinansowanie w wysoko\u015bci 80% z Krajowego Funduszu Szkoleniowego skierowanych do pracownik\u00f3w Pa\u0144stwa przedsi\u0119biorstwa.<br \/>\nEkspertami prowadz\u0105cymi szkolenia b\u0119d\u0105 wybitni teoretycy i zarazem praktycy, specjali\u015bci \u2028w poszczeg\u00f3lnych dziedzinach, potwierdzone wieloletnim do\u015bwiadczeniem zawodowym, doskonale orientuj\u0105cy si\u0119 w poszczeg\u00f3lnych zakresach oferowanych szkole\u0144, ale i r\u00f3wnie\u017c w problematyce pracy.<br \/>\nZdaj\u0105c sobie spraw\u0119, \u017ce bardzo wa\u017cnym elementem ograniczaj\u0105cym mo\u017cliwo\u015b\u0107 szkolenia kadry pracowniczej jest ma\u0142a dyspozycyjno\u015b\u0107 pracownik\u00f3w (tym bardziej je\u015bli w szkolenie zaanga\u017cowany jest np. ca\u0142y zesp\u00f3\u0142), dlatego na Pa\u0144stwa \u017cyczenie jeste\u015bmy w stanie zorganizowa\u0107 szkolenia na zam\u00f3wienie, r\u00f3wnie\u017c w biurach\/siedzibach firmy (od poniedzia\u0142ku do niedzieli \u2028w godzinach 7:00 &#8211; 20:00).<\/p>\n<p>Specjalnie na potrzeby Pa\u0144stwa firmy przygotowali\u015bmy takie szkolenia jak:<\/p>\n<ul>\n<li><strong>Dla pracownik\u00f3w administracji<\/strong>\n<ul>\n<li>Pracownik administracyjno-biurowy<\/li>\n<li>Ksi\u0119gowy z elementami podatkowej ksi\u0105\u017cki przychod\u00f3w i rozchod\u00f3w<\/li>\n<li>Specjalista ds. kadrowo-p\u0142acowych<\/li>\n<li>Specjalista ds. pozyskiwania i rozliczania projekt\u00f3w ze \u015brodk\u00f3w Unii Europejskiej<\/li>\n<li>Archiwizacja dokument\u00f3w w projektach unijnych<\/li>\n<li>Kurs AutoCAD<\/li>\n<\/ul>\n<\/li>\n<\/ul>\n<ul>\n<li><strong>Dla pracownik\u00f3w Dom\u00f3w Pomocy Spo\u0142ecznej, Dom\u00f3w Seniora, Sanatori\u00f3w<\/strong>\n<ul>\n<li>Specjalistyczny kurs z zakresu technik post\u0119powania z pacjentem w celu zapobiegania chorobom mi\u0119\u015bniowo-szkieletowym u pracownik\u00f3w s\u0142u\u017cby zdrowia rozszerzony o tematyk\u0119 pracy z osobami przewlekle chorymi i\/lub chorymi w\u00a0 stanach terminalnych<\/li>\n<li>Teoretyczne i techniczne aspekty zaka\u017ce\u0144 wewn\u0105trzszpitalnych &#8211; kontrola rozprzestrzeniania infekcji. Podstawy obserwacji pogorszenia stanu pacjenta.<\/li>\n<li>Cewnikowanie p\u0119cherza moczowego<\/li>\n<li>Opieka nad pacjentem w wieku podesz\u0142ym, leczonym chirurgicznie<\/li>\n<li>Kurs Administratora Bezpiecze\u0144stwa Informacji rozszerzony o tematyk\u0119 Ochrony Danych Osobowych uwzgl\u0119dniaj\u0105cych zmiany wprowadzone po 01.01.2015r.<\/li>\n<li>Praktyczny kurs Polskiego J\u0119zyka Migowego (PJM) dla s\u0142u\u017cb medycznych obejmuj\u0105cy tematyk\u0119 najcz\u0119stszych stan\u00f3w chorobowych, zagro\u017cenia \u017cycia, resuscytacji kr\u0105\u017ceniowo-oddechowej oraz technik prawid\u0142owego przekazywania trudnych informacji o stanie zdrowia i \u015bmierci.<\/li>\n<li>Ci\u0119\u017ckie powik\u0142ania poprzetoczeniowe<\/li>\n<li>Wewn\u0105trzszpitalna resuscytacja kr\u0105\u017ceniowo-oddechowa \/ aktualizacja wytycznych European Resuscitation Council 2015<\/li>\n<\/ul>\n<\/li>\n<\/ul>\n<ul>\n<li><strong>Dla pracownik\u00f3w gastronomii<\/strong>\n<ul>\n<li>\u00a0Barista<\/li>\n<li>Kelner I i II stopnia<\/li>\n<li>Carving<\/li>\n<li>Barman<\/li>\n<li>Kucharz potraw regionalnych<\/li>\n<li>Sommelier<\/li>\n<li>Cukiernik<\/li>\n<li>Zdobnictwo cukiernicze<\/li>\n<\/ul>\n<\/li>\n<\/ul>\n<ul>\n<li><strong>Dla pracownik\u00f3w ochrony<\/strong>\n<ul>\n<li>W ramach ROZPORZ\u0104DZENIA MINISTRA SPRAW WEWNETRZNYCH I ADMINISTRACJI ( za\u0142\u0105cznik) nasza oferta szkoleniowa ( 40 h ) obejmuje :<br \/>\n1. Zagadnienia prawne \u2013 4h<br \/>\n2. Pomoc przedlekarska \u2013 8h<br \/>\n3. Wyszkolenie strzeleckie na strzelnicy \u2013 12 h (zaj\u0119cia w grupach maksymalnie 12-16 osobowych z instruktorem)<br \/>\n4. Zaj\u0119cia z samoobrony \u2013 16 h \u00a0(zaj\u0119cia w salach gimnastycznych z instruktorem)<\/li>\n<\/ul>\n<\/li>\n<\/ul>\n<ul>\n<li><strong>Dla pracownik\u00f3w recepcji ( wraz z obs\u0142ug\u0105 obiekt\u00f3w gastronomiczno \u2013 turystycznych)<\/strong>\n<ul>\n<li>Akademia mened\u017cera<\/li>\n<li>Obs\u0142uga recepcji<\/li>\n<li>Obs\u0142uga obiekt\u00f3w turystycznych<\/li>\n<li>Obs\u0142uga obiekt\u00f3w gastronomicznych<\/li>\n<li>Specjalista do spraw marketingu turystycznego<\/li>\n<\/ul>\n<\/li>\n<\/ul>\n<ul>\n<li><strong>Dla os\u00f3b zajmuj\u0105cych si\u0119 eksploatacj\u0105 urz\u0105dze\u0144, instalacji i sieci<\/strong>\n<ul>\n<li>SEP D &#8211; grupa I,II,III<\/li>\n<li>SEP E &#8211; grupa I,II,III<\/li>\n<\/ul>\n<\/li>\n<\/ul>\n<ul>\n<li><strong>Dla ksi\u0119gowych, kadrowych<\/strong>\n<ul>\n<li>ZMIANY W PRZEPISACH VAT, PIT, CIT ORAZ ORDYNACJI PODATKOWEJ PO 1 STYCZNIA 2016 R.<\/li>\n<li>SPECJALISTA DS. KADR I P\u0141AC<\/li>\n<li>EXCEL DLA KSI\u0118GOWYCH &#8211; POZIOM ZAAWANSOWANY<\/li>\n<li>ZMIANY W PRAWIE PRACY w 2016r.<\/li>\n<\/ul>\n<\/li>\n<\/ul>\n<ul>\n<li><strong>Dla kierownik\u00f3w dzia\u0142\u00f3w<\/strong>\n<ul>\n<li>Akademia przyw\u00f3dztwa : zarz\u0105dzanie lud\u017ami i motywowanie<\/li>\n<li>Profesjonalna obs\u0142uga klienta<\/li>\n<li>Motywowanie i wywieranie wp\u0142yw\u00f3w na pracownik\u00f3w<\/li>\n<li>Team building \u2013 efektywna praca w zespole z elementami treningu kompetencji interpersonalnej<\/li>\n<li>Kierowanie wizerunku firmy poprzez dzia\u0142ania public relations<\/li>\n<li>Zarz\u0105dzanie zmianami w przedsi\u0119biorstwie. Efektywna praca w zespole jako wsparcie dla zmian zachodz\u0105cych i zarz\u0105dzania przez cele<\/li>\n<li>Odpowiedzialno\u015b\u0107 os\u00f3b zarz\u0105dzaj\u0105cych pracownikami<\/li>\n<li>Logistyka<\/li>\n<\/ul>\n<\/li>\n<\/ul>\n<ul>\n<li><strong>Dla operator\u00f3w urz\u0105dze\u0144<\/strong>\n<ul>\n<li>\u017burawi wie\u017cowych<\/li>\n<li>\u017burawi przeno\u015bnych HDS<\/li>\n<li>W\u00f3zk\u00f3w jezdniowych wraz z uprawnieniami do bezpiecznej wymiany butli gazowej<\/li>\n<li>W\u00f3zk\u00f3w jezdniowych specjalizowanych (tzw. koparki i \u0142adowarki teleskopowe)<\/li>\n<li>Koparko-\u0142adowarki<\/li>\n<li>Koparki jednonaczyniowe<\/li>\n<li>\u0141adowarki jednonaczyniowe<\/li>\n<li>Spycharki<\/li>\n<li>Walce drogowe<\/li>\n<li>Przecinarki do nawierzchni dr\u00f3g<\/li>\n<li>Narz\u0119dzia udarowe r\u0119czne<\/li>\n<li>Betoniarki<\/li>\n<li>Zag\u0119szczarki i ubijaki wibracyjne<\/li>\n<li>Pi\u0142y mechaniczne do \u015bcinki drzew<\/li>\n<li>Monta\u017cysta rusztowa\u0144 budowlano-monta\u017cowych metalowych<\/li>\n<li>Maszyny do produkcji, sortowania i uszlachetniania kruszyw (kruszarki)<\/li>\n<li>Koparki jednonaczyniowe<\/li>\n<li>\u0141adowarki jednonaczyniowe<\/li>\n<li>Spycharki<\/li>\n<li>Walce drogowe<\/li>\n<li>Maszyny do rozk\u0142adania mieszanek bitumicznych<\/li>\n<li>Narz\u0119dzia udarowe r\u0119czne<\/li>\n<li>Przecinarki do nawierzchni dr\u00f3g<\/li>\n<li>Zag\u0119szczarki i ubijaki wibracyjne<\/li>\n<li>Eksploatacja stacji uzdatniania wody<\/li>\n<li>Systemy sterowania sieci przemys\u0142owych<\/li>\n<li>Specjalistyczny kurs z obs\u0142ugi samochod\u00f3w do czyszczenia kanalizacji<\/li>\n<\/ul>\n<\/li>\n<\/ul>\n<ul>\n<li><strong>Dla operator\u00f3w urz\u0105dze\u0144 podlegaj\u0105cych pod Urz\u0105d Dozoru Technicznego<\/strong>\n<ul>\n<li>Podesty ruchome przejezdne (zwy\u017cki)<\/li>\n<li>Obs\u0142uga w\u00f3zk\u00f3w jezdniowych podno\u015bnikowych prowadzonych i zdalnie sterowanych<\/li>\n<li>Obs\u0142uga w\u00f3zk\u00f3w jezdniowych podno\u015bnikowych \u2013 w\u00f3zki wid\u0142owe<\/li>\n<li>Obs\u0142uga w\u00f3zk\u00f3w jezdniowych specjalizowanych \u2013 koparki i \u0142adowarki teleskopowe<\/li>\n<li>Konserwator w\u00f3zk\u00f3w jezdniowych podno\u015bnikowych\/wid\u0142owych<\/li>\n<li>Konserwator w\u00f3zk\u00f3w jezdniowych podno\u015bnikowych specjalizowanych ze zmiennym wysi\u0119giem<\/li>\n<li>Obs\u0142uga \u017curawi samojezdnych\/samochodowych<\/li>\n<li>Operator HDS<\/li>\n<\/ul>\n<\/li>\n<\/ul>\n<p>Je\u017celi jeste\u015bcie Pa\u0144stwo zainteresowani nasz\u0105 ofert\u0105 prosimy o kontakt mailowy:<\/p>\n<p><a href=\"mailto:jkita@sarr.com.pl\">jkita@sarr.com.pl<\/a><br \/>\n<a href=\"mailto:mfraczek@sarr.com.pl\">mfraczek@sarr.com.pl<\/a><br \/>\n<a href=\"mailto:spustulka@sarr.com.pl\">spustulka@sarr.com.pl<\/a><\/p>\n","protected":false},"excerpt":{"rendered":"<p>Wychodz\u0105c naprzeciw Pa\u0144stwa oczekiwaniom S\u0105decka Agencja Rozwoju Regionalnego S.A. \u2028w Nowym S\u0105czu przygotowa\u0142a cykl szkole\u0144, na kt\u00f3re mo\u017cna uzyska\u0107 dofinansowanie w wysoko\u015bci 80% z Krajowego Funduszu Szkoleniowego skierowanych do pracownik\u00f3w Pa\u0144stwa przedsi\u0119biorstwa. Ekspertami prowadz\u0105cymi szkolenia b\u0119d\u0105 wybitni teoretycy i zarazem praktycy, specjali\u015bci \u2028w poszczeg\u00f3lnych dziedzinach, potwierdzone wieloletnim do\u015bwiadczeniem zawodowym, doskonale orientuj\u0105cy si\u0119 w poszczeg\u00f3lnych zakresach [&hellip;]<\/p>\n","protected":false},"author":1,"featured_media":0,"parent":11,"menu_order":0,"comment_status":"closed","ping_status":"closed","template":"","meta":[],"_links":{"self":[{"href":"https:\/\/sarr.com.pl\/index.php?rest_route=\/wp\/v2\/pages\/1239"}],"collection":[{"href":"https:\/\/sarr.com.pl\/index.php?rest_route=\/wp\/v2\/pages"}],"about":[{"href":"https:\/\/sarr.com.pl\/index.php?rest_route=\/wp\/v2\/types\/page"}],"author":[{"embeddable":true,"href":"https:\/\/sarr.com.pl\/index.php?rest_route=\/wp\/v2\/users\/1"}],"replies":[{"embeddable":true,"href":"https:\/\/sarr.com.pl\/index.php?rest_route=%2Fwp%2Fv2%2Fcomments&post=1239"}],"version-history":[{"count":3,"href":"https:\/\/sarr.com.pl\/index.php?rest_route=\/wp\/v2\/pages\/1239\/revisions"}],"predecessor-version":[{"id":1784,"href":"https:\/\/sarr.com.pl\/index.php?rest_route=\/wp\/v2\/pages\/1239\/revisions\/1784"}],"up":[{"embeddable":true,"href":"https:\/\/sarr.com.pl\/index.php?rest_route=\/wp\/v2\/pages\/11"}],"wp:attachment":[{"href":"https:\/\/sarr.com.pl\/index.php?rest_route=%2Fwp%2Fv2%2Fmedia&parent=1239"}],"curies":[{"name":"wp","href":"https:\/\/api.w.org\/{rel}","templated":true}]}}