{"id":1246,"date":"2016-10-21T07:10:59","date_gmt":"2016-10-21T05:10:59","guid":{"rendered":"http:\/\/sarr.com.pl\/?page_id=1246"},"modified":"2016-10-21T07:10:59","modified_gmt":"2016-10-21T05:10:59","slug":"fundusze-europejskie-2014-2020","status":"publish","type":"page","link":"https:\/\/sarr.com.pl\/?page_id=1246","title":{"rendered":"FUNDUSZE EUROPEJSKIE  2014 &#8211; 2020"},"content":{"rendered":"<p style=\"text-align: justify;\">Polska na lata 2014-2020 otrzyma\u0142a 82,5 miliard\u00f3w euro. Do 2020 roku b\u0119dziemy mogli wyda\u0107 z bud\u017cetu europejskiego ponad pi\u0119\u0107set miliard\u00f3w z\u0142otych, z czego 349 miliard\u00f3w z\u0142otych z samej tylko polityki sp\u00f3jno\u015bci. Pieni\u0105dze te prze\u0142o\u017c\u0105 si\u0119 na lepsz\u0105 jako\u015b\u0107 \u017cycia, umacnianie nowoczesnej i konkurencyjnej gospodarki oraz na inwestycje w przysz\u0142e pokolenia. Komisja Europejska zatwierdzi\u0142a wszystkie 22 programy (6 krajowych i 16 regionalnych) na lata 2014-2020. Nowa filozofia wykorzystania Funduszy Europejskich oznacza nowy spos\u00f3b zarz\u0105dzania nimi. Prawie po\u0142owa wszystkich pieni\u0119dzy z Unii b\u0119dzie rozdzielona na szczeblu samorz\u0105dowym. G\u0142\u00f3wnym celem regionalnych program\u00f3w operacyjnych b\u0119dzie zwi\u0119kszenie konkurencyjno\u015bci region\u00f3w oraz poprawa jako\u015bci \u017cycia ich mieszka\u0144c\u00f3w poprzez wykorzystanie potencja\u0142\u00f3w regionalnych i niwelowanie barier rozwojowych. Bud\u017cet 16 program\u00f3w regionalnych wynosi ok. 31,3 mld euro, czyli ok. 132,4 miliardy z\u0142otych. Jest to niemal 40 proc. wszystkich \u015brodk\u00f3w na lata 2014-2020.Wsparcie Funduszy Europejskich obejmie te obszary, kt\u00f3re najbardziej przyczyniaj\u0105 si\u0119 do wzrostu gospodarczego, zwi\u0119kszenia zatrudnienia i modernizacji gospodarki. Premiowane b\u0119d\u0105 te przedsi\u0119wzi\u0119cia, z kt\u00f3rych efekt\u00f3w korzysta\u0107 b\u0119dziemy jeszcze d\u0142ugo po ich zako\u0144czeniu. \u015arodki unijne zainwestowane b\u0119d\u0105 przede wszystkim w innowacyjno\u015b\u0107 i konkurencyjno\u015b\u0107 gospodarki, zmniejszenie dysproporcji w rozwoju poszczeg\u00f3lnych cz\u0119\u015bci naszego kraju, bardziej przyjazne i sprawne pa\u0144stwo oraz w dalszy rozw\u00f3j infrastruktury transportowej i ochrony \u015brodowiska.<\/p>\n<p style=\"text-align: justify;\">\n<p style=\"text-align: justify;\">W ramach funduszy du\u017cy nacisk b\u0119dzie po\u0142o\u017cony na dzia\u0142ania prowadz\u0105ce do wzrostu konkurencyjno\u015bci i innowacyjno\u015bci gospodarki opartej na badaniach, kapitale intelektualnym oraz rezultatach przemian cyfrowych \u2013 a nie na niskich kosztach pracy.<\/p>\n<ul style=\"text-align: justify;\">\n<li>Wsp\u00f3\u0142finansowanie prac badawczo-rozwojowych inicjowanych przez przedsi\u0119biorc\u00f3w \u2013 zyskujemy nowe innowacyjne pomys\u0142y.<\/li>\n<li>Powi\u0105zanie polskiej nauki z gospodark\u0105.<\/li>\n<li>Wsparcie finansowe u\u0142atwiaj\u0105ce wdro\u017cenie nowych pomys\u0142\u00f3w przez przedsi\u0119biorc\u00f3w.<\/li>\n<li>Podnoszenie konkurencyjno\u015bci ma\u0142ych i \u015brednich przedsi\u0119biorstw.<\/li>\n<\/ul>\n<p style=\"text-align: justify;\">\n<p style=\"text-align: justify;\">Na lata 2014-2020 wskazano tzw. obszary strategicznej interwencji, czyli kluczowe obszary, kt\u00f3re b\u0119d\u0105\u00a0 wspierane . Wprowadzono r\u00f3wnie\u017c nowy instrument: kontrakty terytorialne, czyli umowy mi\u0119dzy rz\u0105dem a samorz\u0105dami wojew\u00f3dztw, w kt\u00f3rych obie strony uzgodni\u0142y najwa\u017cniejsze cele i przedsi\u0119wzi\u0119cia, maj\u0105ce istotne znaczenie dla rozwoju kraju oraz obj\u0119tego nim wojew\u00f3dztwa. G\u0142\u00f3wne obszary wsparcia w miastach to transport publiczny, infrastruktura \u015brodowiskowa, rewitalizacja, infrastruktura spo\u0142eczna, strategie niskoemisyjne, efektywno\u015b\u0107 energetyczna. Obok Programu Rozwoju Obszar\u00f3w Wiejskich, mo\u017cliwe jest wsparcie z funduszy polityki sp\u00f3jno\u015bci rozwoju przedsi\u0119biorczo\u015bci i lepszego wykorzystanie kapita\u0142u ludzkiego, reorientacji zawodowej rolnik\u00f3w, rewitalizacji spo\u0142ecznej i infrastrukturalnej oraz infrastruktury wodno-kanalizacyjnej i przeciwpowodziowej. To program wspieraj\u0105cy rozw\u00f3j gospodarczy i spo\u0142eczny\u00a0 5 wojew\u00f3dztw Polski Wschodniej. Priorytety tego programu to Przedsi\u0119biorcza Polska Wschodnia, Nowoczesna Infrastruktura Transportowa, Ponadregionalna Infrastruktura Kolejowa \u2013 wp\u0142yn\u0105 one na bardziej dynamiczny rozw\u00f3j, wzmocnienie konkurencyjno\u015bci i atrakcyjno\u015bci\u00a0 makroregionu, a przez to zwi\u0119kszenie zamo\u017cno\u015bci mieszka\u0144c\u00f3w i poprawy jako\u015bci ich \u017cycia.<\/p>\n<p style=\"text-align: justify;\">\n<p style=\"text-align: justify;\">Jednym\u00a0 z najwa\u017cniejszych priorytet\u00f3w b\u0119dzie wyr\u00f3wnywanie szans spo\u0142ecznych , edukacja i inwestycje w cz\u0142owieka w sk\u0142ad kt\u00f3rego wchodz\u0105 :<\/p>\n<p style=\"text-align: justify;\">\n<ul style=\"text-align: justify;\">\n<li>Wi\u0119ksze szanse na zatrudnienie dla os\u00f3b bezrobotnych i nieaktywnych zawodowo.<\/li>\n<li>Pomoc osobom w trudnej sytuacji w znalezieniu pracy np. starszym i z niepe\u0142nosprawno\u015bciami.<\/li>\n<li>Wy\u017csza jako\u015b\u0107 i lepsza dost\u0119pno\u015b\u0107 us\u0142ug publicznych np. zdrowia i edukacji.<\/li>\n<li>Rozw\u00f3j umiej\u0119tno\u015bci praktycznych uczni\u00f3w i student\u00f3w \u2013 kszta\u0142cenie w poszukiwanych zawodach.<\/li>\n<li>Dodatkowe zaj\u0119cia szkolne i pozalekcyjne dla uczni\u00f3w i student\u00f3w \u2013 lepiej wykszta\u0142ceni absolwenci.<\/li>\n<li>U\u0142atwienie rodzicom powrotu do pracy \u2013 wi\u0119cej dost\u0119pnych \u017c\u0142obk\u00f3w i przedszkoli.<\/li>\n<li>Inicjatywa dla m\u0142odych czyli specjalny pakiet dzia\u0142a\u0144 dla os\u00f3b do 29 roku \u017cycia w zakresie:<\/li>\n<\/ul>\n<p style=\"text-align: justify;\">&#8211; pomocy w aktywnym poszukiwaniu pracy,<br \/>\n&#8211; podnoszenia kwalifikacji zawodowych os\u00f3b m\u0142odych oraz ich lepszego dopasowania do potrzeb rynku pracy<br \/>\n&#8211; pomocy w zdobyciu do\u015bwiadczenia zawodowego przez osoby wchodz\u0105ce na rynek pracy (w tym wsparcie przedsi\u0119biorczo\u015bci os\u00f3b m\u0142odych).<br \/>\n&#8211; wspierania mobilno\u015bci zawodowej os\u00f3b m\u0142odych.<\/p>\n<ul style=\"text-align: justify;\">\n<li>Wsparcie dla os\u00f3b 50 plus:<\/li>\n<\/ul>\n<p style=\"text-align: justify;\">\u00a0\u00a0\u00a0\u00a0\u00a0\u00a0 &#8211; zapewnianie dost\u0119pu do zatrudnienia osobom poszukuj\u0105cym pracy i nieaktywnym zawodowo,<br \/>\n&#8211; podejmowanie lokalnych inicjatyw na rzecz zatrudnienia oraz wspieranie mobilno\u015bci pracownik\u00f3w,<br \/>\n&#8211; wspieranie samozatrudnienia, przedsi\u0119biorczo\u015bci oraz tworzenia nowych miejsc pracy,<br \/>\n&#8211; wsparcie w zakresie aktywnego i zdrowego starzenia si\u0119, wyd\u0142u\u017cenie aktywno\u015bci zawodowej.<br \/>\n&#8211; wsparcie program\u00f3w rehabilitacji leczniczej u\u0142atwiaj\u0105cych powroty do pracy oraz umo\u017cliwiaj\u0105ce wyd\u0142u\u017cenie aktywno\u015bci zawodowej.<\/p>\n<p style=\"text-align: justify;\">\n<p style=\"text-align: justify;\">\n<p style=\"text-align: justify;\">W najbli\u017cszych latach b\u0119d\u0105 wzmacniane nowoczesne fundamenty rozwoju kraju. Zapewniony dost\u0119p do szybkiego Internetu, efektywnych i przyjaznych u\u017cytkownikom e-us\u0142ug publicznych oraz podniesienie poziomu kompetencji cyfrowych mieszka\u0144c\u00f3w Polski. Wspierane b\u0119d\u0105 tak\u017ce reformy w obszarze dobrego rz\u0105dzenia.<\/p>\n<p style=\"text-align: justify;\">Szczeg\u00f3lne cele to:<\/p>\n<ul style=\"text-align: justify;\">\n<li>Powszechna dost\u0119pno\u015b\u0107 do szybkiego Internetu.<\/li>\n<li>Wi\u0119cej us\u0142ug dla obywateli dost\u0119pnych przez Internet.<\/li>\n<li>Szkolenia buduj\u0105ce kompetencje cyfrowe.<\/li>\n<li>U\u0142atwienia prawne i administracyjne dla przedsi\u0119biorstw.<\/li>\n<li>Usprawnienie dzia\u0142alno\u015bci s\u0105d\u00f3w gospodarczych.<\/li>\n<li>Lepsze dzia\u0142ania administracji lokalnej w obszarach istotnych z punktu widzenia przedsi\u0119biorczo\u015bci.<\/li>\n<li>Podniesienie jako\u015bci stanowionego prawa poprzez zwi\u0119kszanie kompetencji pracownik\u00f3w administracji i wzmocnienie procesu konsultacji spo\u0142ecznych.<\/li>\n<li>Zwi\u0119kszenie potencja\u0142u instytucjonalnego administracji publicznej w zakresie planowania i zagospodarowania przestrzennego oraz usprawnienie proces\u00f3w inwestycyjno-budowlanych.<\/li>\n<\/ul>\n<p style=\"text-align: justify;\">\n<p style=\"text-align: justify;\">Trudno m\u00f3wi\u0107 o innowacyjnej i konkurencyjnej gospodarce bez oparcia jej na dobrze funkcjonuj\u0105cej infrastrukturze. W dalszym ci\u0105gu jest jeszcze sporo do nadrobienia w tym zakresie, dlatego w kolejnych latach nadal finansowany b\u0119dzie rozw\u00f3j po\u0142\u0105cze\u0144 kolejowych i drogowych oraz efektywne korzystanie z zasob\u00f3w\u00a0 energetycznych, \u015brodowiskowych i kulturowych.<\/p>\n<p style=\"text-align: justify;\">G\u0142\u00f3wnymi zadaniami b\u0119d\u0105:<\/p>\n<ul>\n<li style=\"text-align: justify;\">Wysok\u0105 jako\u015b\u0107 po\u0142\u0105cze\u0144 drogowych i kolejowych w uk\u0142adzie europejskim i krajowym,<\/li>\n<li style=\"text-align: justify;\">Sprawny transport w regionach,<\/li>\n<li style=\"text-align: justify;\">Inwestycje w transport multimodalny, czyli wykorzystuj\u0105cy wi\u0119cej\u00a0 ni\u017c jeden \u015brodek przewozu,<\/li>\n<li style=\"text-align: justify;\">Popraw\u0119 bezpiecze\u0144stwa port\u00f3w lotniczych,<\/li>\n<li style=\"text-align: justify;\">Przyjazn\u0105 \u015brodowisku komunikacja miejska,<\/li>\n<li style=\"text-align: justify;\">Lepsz\u0105 infrastruktura przesy\u0142owa i dystrybucyjna energii elektrycznej i gazu ziemnego,<\/li>\n<li style=\"text-align: justify;\">Ochron\u0119 zasob\u00f3w naturalnych i kulturowych.<\/li>\n<\/ul>\n<p>&nbsp;<\/p>\n","protected":false},"excerpt":{"rendered":"<p>Polska na lata 2014-2020 otrzyma\u0142a 82,5 miliard\u00f3w euro. Do 2020 roku b\u0119dziemy mogli wyda\u0107 z bud\u017cetu europejskiego ponad pi\u0119\u0107set miliard\u00f3w z\u0142otych, z czego 349 miliard\u00f3w z\u0142otych z samej tylko polityki sp\u00f3jno\u015bci. Pieni\u0105dze te prze\u0142o\u017c\u0105 si\u0119 na lepsz\u0105 jako\u015b\u0107 \u017cycia, umacnianie nowoczesnej i konkurencyjnej gospodarki oraz na inwestycje w przysz\u0142e pokolenia. Komisja Europejska zatwierdzi\u0142a wszystkie 22 [&hellip;]<\/p>\n","protected":false},"author":1,"featured_media":0,"parent":19,"menu_order":0,"comment_status":"closed","ping_status":"closed","template":"","meta":[],"_links":{"self":[{"href":"https:\/\/sarr.com.pl\/index.php?rest_route=\/wp\/v2\/pages\/1246"}],"collection":[{"href":"https:\/\/sarr.com.pl\/index.php?rest_route=\/wp\/v2\/pages"}],"about":[{"href":"https:\/\/sarr.com.pl\/index.php?rest_route=\/wp\/v2\/types\/page"}],"author":[{"embeddable":true,"href":"https:\/\/sarr.com.pl\/index.php?rest_route=\/wp\/v2\/users\/1"}],"replies":[{"embeddable":true,"href":"https:\/\/sarr.com.pl\/index.php?rest_route=%2Fwp%2Fv2%2Fcomments&post=1246"}],"version-history":[{"count":1,"href":"https:\/\/sarr.com.pl\/index.php?rest_route=\/wp\/v2\/pages\/1246\/revisions"}],"predecessor-version":[{"id":1247,"href":"https:\/\/sarr.com.pl\/index.php?rest_route=\/wp\/v2\/pages\/1246\/revisions\/1247"}],"up":[{"embeddable":true,"href":"https:\/\/sarr.com.pl\/index.php?rest_route=\/wp\/v2\/pages\/19"}],"wp:attachment":[{"href":"https:\/\/sarr.com.pl\/index.php?rest_route=%2Fwp%2Fv2%2Fmedia&parent=1246"}],"curies":[{"name":"wp","href":"https:\/\/api.w.org\/{rel}","templated":true}]}}