{"id":1351,"date":"2016-10-21T18:39:49","date_gmt":"2016-10-21T16:39:49","guid":{"rendered":"http:\/\/sarr.com.pl\/?page_id=1351"},"modified":"2021-04-28T13:46:47","modified_gmt":"2021-04-28T11:46:47","slug":"podniesienie-kwalifikacji-zawodowych-wsrod-nowosadeckich-romow","status":"publish","type":"page","link":"https:\/\/sarr.com.pl\/?page_id=1351","title":{"rendered":"Podniesienie kwalifikacji zawodowych w\u015br\u00f3d nowos\u0105deckich Rom\u00f3w"},"content":{"rendered":"<p style=\"text-align: center;\"><a href=\"http:\/\/sarr.com.pl\/wp-content\/uploads\/2016\/10\/logosy-pkr.png\"><img loading=\"lazy\" class=\"aligncenter wp-image-1370\" src=\"http:\/\/sarr.com.pl\/wp-content\/uploads\/2016\/10\/logosy-pkr-1024x164.png\" alt=\"logosy-pkr\" width=\"600\" height=\"96\" srcset=\"https:\/\/sarr.com.pl\/wp-content\/uploads\/2016\/10\/logosy-pkr-1024x164.png 1024w, https:\/\/sarr.com.pl\/wp-content\/uploads\/2016\/10\/logosy-pkr-300x48.png 300w, https:\/\/sarr.com.pl\/wp-content\/uploads\/2016\/10\/logosy-pkr-768x123.png 768w, https:\/\/sarr.com.pl\/wp-content\/uploads\/2016\/10\/logosy-pkr.png 1723w\" sizes=\"(max-width: 600px) 100vw, 600px\" \/><\/a><\/p>\n<p style=\"text-align: center;\">S\u0105decka Agencja Rozwoju Regionalnego S.A. od 1 pa\u017adziernika 2016 r. realizuje projekt pn.<\/p>\n<h3 style=\"text-align: center;\"><strong>\u201ePodniesienie kwalifikacji zawodowych w\u015br\u00f3d nowos\u0105deckich Rom\u00f3w\u201d<\/strong><\/h3>\n<p style=\"text-align: center;\">w ramach Programu Operacyjnego Wiedza Edukacja Rozw\u00f3j<\/p>\n<p style=\"text-align: center;\">Dzia\u0142anie: 2.7 Zwi\u0119kszenie mo\u017cliwo\u015bci zatrudnienia os\u00f3b w szczeg\u00f3lnym stopniu zagro\u017conych wykluczeniem spo\u0142ecznym<\/p>\n<h2 style=\"text-align: center;\"><strong>SZUKASZ PRACY? <\/strong><\/h2>\n<h2 style=\"text-align: center;\"><strong>a mo\u017ce<\/strong><\/h2>\n<h2 style=\"text-align: center;\"><strong>CHCESZ PODNIE\u015a\u0106 SWOJE KWALIFIKACJE ZAWODOWE? <\/strong><\/h2>\n<h2 style=\"text-align: center;\"><strong>TEN PROJEKT JEST W\u0141A\u015aNIE DLA CIEBIE!!!<\/strong><\/h2>\n<p><strong>JE\u015aLI:<\/strong><\/p>\n<ul>\n<li><strong>\u00a0<\/strong>jeste\u015b osob\u0105 bezrobotn\u0105 pochodzenia romskiego<\/li>\n<li>masz 18 do 64 lat<\/li>\n<li>mieszkasz na terenie Miasta Nowego S\u0105cza lub Gminy \u0141\u0105cko<\/li>\n<\/ul>\n<p><strong>ZG\u0141O\u015a SI\u0118 DO NAS I SKORZYSTAJ Z:<\/strong><\/p>\n<ul>\n<li><strong>\u00a0<\/strong>doradztwa zawodowego<\/li>\n<li>szkole\u0144 w zakresie aktywizacji zawodowej oraz umiej\u0119tno\u015bci spo\u0142ecznych<\/li>\n<li>wybranego przez Ciebie szkolenia zawodowego<\/li>\n<li>4 \u2013 miesi\u0119cznego sta\u017cu zawodowego<\/li>\n<li>mo\u017cliwo\u015bci podj\u0119cia pracy<\/li>\n<\/ul>\n<p><strong>WSZYSTKIE PROPONOWANE FORMY WSPARCIA S\u0104 BEZP\u0141ATNE!!!<\/strong><\/p>\n<p>DODATKOWO ZAPEWNIAMY:<\/p>\n<ul>\n<li>zwrot koszt\u00f3w dojazd\u00f3w na szkolenia i sta\u017c<\/li>\n<li>stypendium szkoleniowe i sta\u017cowe<\/li>\n<li>badania lekarskie dla os\u00f3b podejmuj\u0105cych sta\u017c<\/li>\n<\/ul>\n<p><strong>TU UZYSKASZ INFORMACJE O PROJEKCIE<\/strong>:<\/p>\n<p>Biuro projektu:<\/p>\n<p>S\u0105decka Agencja Rozwoju Regionalnego S.A.<br \/>\nJagiello\u0144ska 14, 33-300 Nowy S\u0105cz,<br \/>\ntel.: 18\u00a0440 81 63, wew. 36 lub 37<\/p>\n<p>e \u2013mail: <a href=\"mailto:ssulkowska@sarr.com.pl\">ssulkowska@sarr.com.pl<\/a>, <a href=\"mailto:mduszka@sarr.com.pl\">mduszka@sarr.com.pl<\/a><\/p>\n<p>Regulamin oraz formularze rekrutacyjne dost\u0119pne s\u0105 na stronie internetowej<\/p>\n<p>S\u0105deckiej Agencji Rozwoju Regionalnego www.sarr.com.pl oraz w biurze projektu.<\/p>\n<p>Celem projektu jest przeciwdzia\u0142anie wykluczeniu bezrobotnej spo\u0142eczno\u015bci romskiej poprzez integracj\u0119 spo\u0142eczno-zawodow\u0105 niezb\u0119dn\u0105 w zdobyciu i utrzymaniu zatrudnienia.<\/p>\n<p>Dofinansowanie projektu z UE: 500 184,08 z\u0142.<\/p>\n<p><a href=\"http:\/\/sarr.com.pl\/wp-content\/uploads\/2016\/10\/r2016-ulotka.pdf\">Ulotka<\/a><\/p>\n","protected":false},"excerpt":{"rendered":"<p>S\u0105decka Agencja Rozwoju Regionalnego S.A. od 1 pa\u017adziernika 2016 r. realizuje projekt pn. \u201ePodniesienie kwalifikacji zawodowych w\u015br\u00f3d nowos\u0105deckich Rom\u00f3w\u201d w ramach Programu Operacyjnego Wiedza Edukacja Rozw\u00f3j Dzia\u0142anie: 2.7 Zwi\u0119kszenie mo\u017cliwo\u015bci zatrudnienia os\u00f3b w szczeg\u00f3lnym stopniu zagro\u017conych wykluczeniem spo\u0142ecznym SZUKASZ PRACY? a mo\u017ce CHCESZ PODNIE\u015a\u0106 SWOJE KWALIFIKACJE ZAWODOWE? TEN PROJEKT JEST W\u0141A\u015aNIE DLA CIEBIE!!! JE\u015aLI: \u00a0jeste\u015b [&hellip;]<\/p>\n","protected":false},"author":1,"featured_media":0,"parent":29,"menu_order":0,"comment_status":"closed","ping_status":"closed","template":"","meta":[],"_links":{"self":[{"href":"https:\/\/sarr.com.pl\/index.php?rest_route=\/wp\/v2\/pages\/1351"}],"collection":[{"href":"https:\/\/sarr.com.pl\/index.php?rest_route=\/wp\/v2\/pages"}],"about":[{"href":"https:\/\/sarr.com.pl\/index.php?rest_route=\/wp\/v2\/types\/page"}],"author":[{"embeddable":true,"href":"https:\/\/sarr.com.pl\/index.php?rest_route=\/wp\/v2\/users\/1"}],"replies":[{"embeddable":true,"href":"https:\/\/sarr.com.pl\/index.php?rest_route=%2Fwp%2Fv2%2Fcomments&post=1351"}],"version-history":[{"count":6,"href":"https:\/\/sarr.com.pl\/index.php?rest_route=\/wp\/v2\/pages\/1351\/revisions"}],"predecessor-version":[{"id":2210,"href":"https:\/\/sarr.com.pl\/index.php?rest_route=\/wp\/v2\/pages\/1351\/revisions\/2210"}],"up":[{"embeddable":true,"href":"https:\/\/sarr.com.pl\/index.php?rest_route=\/wp\/v2\/pages\/29"}],"wp:attachment":[{"href":"https:\/\/sarr.com.pl\/index.php?rest_route=%2Fwp%2Fv2%2Fmedia&parent=1351"}],"curies":[{"name":"wp","href":"https:\/\/api.w.org\/{rel}","templated":true}]}}