{"id":1424,"date":"2017-02-15T09:43:43","date_gmt":"2017-02-15T07:43:43","guid":{"rendered":"http:\/\/sarr.com.pl\/?page_id=1424"},"modified":"2018-12-10T08:23:46","modified_gmt":"2018-12-10T06:23:46","slug":"samorzad-najwyzszej-jakosci-od-administrowania-do-wspolrzadzenia","status":"publish","type":"page","link":"https:\/\/sarr.com.pl\/?page_id=1424","title":{"rendered":"Samorz\u0105d najwy\u017cszej jako\u015bci \u2013 od administrowania do wsp\u00f3\u0142rz\u0105dzenia"},"content":{"rendered":"<h2><span style=\"color: #ff0000;\">REALIZACJA PROJEKTU ZAKO\u0143CZONA!<\/span><\/h2>\n<p>S\u0105decka Agencja Rozwoju Regionalnego S.A. w partnerstwie Umbrella Consulting Sp. z o.o. i Beta Consult Bohdan Turowski oraz z 7. jednostkami samorz\u0105du terytorialnego z wojew\u00f3dztwa dolno\u015bl\u0105skiego:<\/p>\n<ul>\n<li>Gmin\u0105 Miejsk\u0105 Wa\u0142brzych<\/li>\n<li>Gmin\u0105 Gryf\u00f3w \u015al\u0105ski<\/li>\n<li>Gmin\u0105 Lubomierz<\/li>\n<li>Gmin\u0105 Mirsk<\/li>\n<li>Gmin\u0105 Miejsk\u0105 Piechowice<\/li>\n<li>Gmin\u0105 i Miastem Lw\u00f3wek \u015al\u0105ski<\/li>\n<li>Gmin\u0105 Wle\u0144<\/li>\n<\/ul>\n<p>realizuje projekt dofinansowany z Europejskiego Funduszu Spo\u0142ecznego pt.:<\/p>\n<p><strong>\u201eSamorz\u0105d najwy\u017cszej jako\u015bci \u2013 od administrowania do wsp\u00f3\u0142rz\u0105dzenia\u201d<\/strong><\/p>\n<p>Celem projektu jest poprawa warunk\u00f3w do prowadzenia dzia\u0142alno\u015bci gospodarczej w 7 JST grupy docelowej poprzez dzia\u0142ania nakierowane na podnoszenie jako\u015bci i efektywno\u015bci us\u0142ug administracyjnych w zakresie podatk\u00f3w i op\u0142at lokalnych oraz zarz\u0105dzania nieruchomo\u015bciami.<\/p>\n<p>Okres realizacji projektu 1 pa\u017adziernika 2016 do 30 kwietnia 2018.<\/p>\n<p>Wsp\u00f3\u0142finansowanie Europejskiego Funduszu Spo\u0142ecznego:\u00a0\u00a0 1\u00a0333\u00a0983,84 z\u0142<\/p>\n<p>Wsp\u00f3\u0142finansowanie krajowe z bud\u017cetu pa\u0144stwa (wk\u0142ad w\u0142asny JST): 248\u00a0816,16 z\u0142<\/p>\n<p>Dodatkowe informacje &#8211; <a href=\"http:\/\/sarr.com.pl\/wp-content\/uploads\/2017\/02\/Projekt2-18.pdf\">Kliknij tutaj (plik pdf)<\/a><\/p>\n","protected":false},"excerpt":{"rendered":"<p>REALIZACJA PROJEKTU ZAKO\u0143CZONA! S\u0105decka Agencja Rozwoju Regionalnego S.A. w partnerstwie Umbrella Consulting Sp. z o.o. i Beta Consult Bohdan Turowski oraz z 7. jednostkami samorz\u0105du terytorialnego z wojew\u00f3dztwa dolno\u015bl\u0105skiego: Gmin\u0105 Miejsk\u0105 Wa\u0142brzych Gmin\u0105 Gryf\u00f3w \u015al\u0105ski Gmin\u0105 Lubomierz Gmin\u0105 Mirsk Gmin\u0105 Miejsk\u0105 Piechowice Gmin\u0105 i Miastem Lw\u00f3wek \u015al\u0105ski Gmin\u0105 Wle\u0144 realizuje projekt dofinansowany z Europejskiego Funduszu [&hellip;]<\/p>\n","protected":false},"author":1,"featured_media":0,"parent":457,"menu_order":8,"comment_status":"closed","ping_status":"closed","template":"","meta":[],"_links":{"self":[{"href":"https:\/\/sarr.com.pl\/index.php?rest_route=\/wp\/v2\/pages\/1424"}],"collection":[{"href":"https:\/\/sarr.com.pl\/index.php?rest_route=\/wp\/v2\/pages"}],"about":[{"href":"https:\/\/sarr.com.pl\/index.php?rest_route=\/wp\/v2\/types\/page"}],"author":[{"embeddable":true,"href":"https:\/\/sarr.com.pl\/index.php?rest_route=\/wp\/v2\/users\/1"}],"replies":[{"embeddable":true,"href":"https:\/\/sarr.com.pl\/index.php?rest_route=%2Fwp%2Fv2%2Fcomments&post=1424"}],"version-history":[{"count":2,"href":"https:\/\/sarr.com.pl\/index.php?rest_route=\/wp\/v2\/pages\/1424\/revisions"}],"predecessor-version":[{"id":1679,"href":"https:\/\/sarr.com.pl\/index.php?rest_route=\/wp\/v2\/pages\/1424\/revisions\/1679"}],"up":[{"embeddable":true,"href":"https:\/\/sarr.com.pl\/index.php?rest_route=\/wp\/v2\/pages\/457"}],"wp:attachment":[{"href":"https:\/\/sarr.com.pl\/index.php?rest_route=%2Fwp%2Fv2%2Fmedia&parent=1424"}],"curies":[{"name":"wp","href":"https:\/\/api.w.org\/{rel}","templated":true}]}}