{"id":147,"date":"2013-05-07T09:02:35","date_gmt":"2013-05-07T07:02:35","guid":{"rendered":"http:\/\/ziemiasadecka.com\/sarr\/?page_id=147"},"modified":"2014-10-08T09:33:55","modified_gmt":"2014-10-08T07:33:55","slug":"cennik-szkolen-informatycznych","status":"publish","type":"page","link":"https:\/\/sarr.com.pl\/?page_id=147","title":{"rendered":"Cennik szkole\u0144 informatycznych"},"content":{"rendered":"<p><b>Ceny w tabeli s\u0105 podane dla szkole\u0144 min. 4 osobowych<\/b><\/p>\n<table border=\"1\" cellspacing=\"0\" cellpadding=\"0\">\n<tbody>\n<tr>\n<td valign=\"top\" width=\"262\">\n<p align=\"center\"><b>Nazwa szkolenia<\/b><\/p>\n<p>&nbsp;<\/td>\n<td valign=\"top\" width=\"113\">\n<p align=\"center\"><b>Liczba godzin<\/b><\/p>\n<\/td>\n<td valign=\"top\" width=\"113\">\n<p align=\"center\"><b>D\u0142ugo\u015b\u0107<\/b><\/p>\n<\/td>\n<td valign=\"top\" width=\"125\">\n<p align=\"center\"><b>Cena<\/b><\/p>\n<\/td>\n<\/tr>\n<tr>\n<td valign=\"top\" width=\"262\">Word podstawowy \u2013 tworzenie i edycja dokument\u00f3w w programie MS Word<\/td>\n<td valign=\"top\" width=\"113\">\n<p align=\"center\">16 h<\/p>\n<\/td>\n<td valign=\"top\" width=\"113\">\n<p align=\"center\">2 dni<\/p>\n<\/td>\n<td valign=\"top\" width=\"125\">\n<p align=\"center\">640 z\u0142 brutto<\/p>\n<\/td>\n<\/tr>\n<tr>\n<td valign=\"top\" width=\"262\">Word zaawansowany \u2013 zaawansowane narz\u0119dzia edytora MS Word<\/td>\n<td valign=\"top\" width=\"113\">\n<p align=\"center\">32 h<\/p>\n<\/td>\n<td valign=\"top\" width=\"113\">\n<p align=\"center\">4 dni<\/p>\n<\/td>\n<td valign=\"top\" width=\"125\">\n<p align=\"center\">1280 z\u0142 brutto<\/p>\n<\/td>\n<\/tr>\n<tr>\n<td valign=\"top\" width=\"262\">Excel podstawowy<\/td>\n<td valign=\"top\" width=\"113\">\n<p align=\"center\">16 h<\/p>\n<\/td>\n<td valign=\"top\" width=\"113\">\n<p align=\"center\">2 dni<\/p>\n<\/td>\n<td valign=\"top\" width=\"125\">\n<p align=\"center\">640 z\u0142 brutto<\/p>\n<\/td>\n<\/tr>\n<tr>\n<td valign=\"top\" width=\"262\">Excel zaawansowany<\/td>\n<td valign=\"top\" width=\"113\">\n<p align=\"center\">32 h<\/p>\n<\/td>\n<td valign=\"top\" width=\"113\">\n<p align=\"center\">4 dni<\/p>\n<\/td>\n<td valign=\"top\" width=\"125\">\n<p align=\"center\">1280 z\u0142 brutto<\/p>\n<\/td>\n<\/tr>\n<tr>\n<td valign=\"top\" width=\"262\">MS Power Point- tworzenie prezentacji multimedialnych<\/td>\n<td valign=\"top\" width=\"113\">\n<p align=\"center\">8 h<\/p>\n<\/td>\n<td valign=\"top\" width=\"113\">\n<p align=\"center\">1 dzie\u0144<\/p>\n<\/td>\n<td valign=\"top\" width=\"125\">\n<p align=\"center\">320 z\u0142 brutto<\/p>\n<\/td>\n<\/tr>\n<tr>\n<td valign=\"top\" width=\"262\">Access podstawowy<\/td>\n<td valign=\"top\" width=\"113\">\n<p align=\"center\">16 h<\/p>\n<\/td>\n<td valign=\"top\" width=\"113\">\n<p align=\"center\">2 dni<\/p>\n<\/td>\n<td valign=\"top\" width=\"125\">\n<p align=\"center\">640 z\u0142 brutto<\/p>\n<\/td>\n<\/tr>\n<tr>\n<td valign=\"top\" width=\"262\">P\u0141ATNIK \u2013 szkolenie podstawowe<\/td>\n<td valign=\"top\" width=\"113\">\n<p align=\"center\">16 h<\/p>\n<\/td>\n<td valign=\"top\" width=\"113\">\n<p align=\"center\">2 dni<\/p>\n<\/td>\n<td valign=\"top\" width=\"125\">\n<p align=\"center\">592 z\u0142 brutto<\/p>\n<\/td>\n<\/tr>\n<tr>\n<td valign=\"top\" width=\"262\">P\u0141ATNIK \u2013 szkolenie rozszerzone<\/td>\n<td valign=\"top\" width=\"113\">\n<p align=\"center\">24 h<\/p>\n<\/td>\n<td valign=\"top\" width=\"113\">\n<p align=\"center\">3 dni<\/p>\n<\/td>\n<td valign=\"top\" width=\"125\">\n<p align=\"center\">888 z\u0142 brutto<\/p>\n<\/td>\n<\/tr>\n<\/tbody>\n<\/table>\n<p>&nbsp;<\/p>\n<p>Istnieje mo\u017cliwo\u015b\u0107 organizacji szkolenia dla jednego kursanta. W takim przypadku cena jest ustalana indywidualnie.<\/p>\n<p>Plan szkolenia mo\u017ce by\u0107 zmieniony w zale\u017cno\u015bci od potrzeb i mo\u017cliwo\u015bci uczestnik\u00f3w.<\/p>\n","protected":false},"excerpt":{"rendered":"<p>Ceny w tabeli s\u0105 podane dla szkole\u0144 min. 4 osobowych Nazwa szkolenia &nbsp; Liczba godzin D\u0142ugo\u015b\u0107 Cena Word podstawowy \u2013 tworzenie i edycja dokument\u00f3w w programie MS Word 16 h 2 dni 640 z\u0142 brutto Word zaawansowany \u2013 zaawansowane narz\u0119dzia edytora MS Word 32 h 4 dni 1280 z\u0142 brutto Excel podstawowy 16 h 2 [&hellip;]<\/p>\n","protected":false},"author":1,"featured_media":0,"parent":109,"menu_order":6,"comment_status":"closed","ping_status":"open","template":"","meta":[],"_links":{"self":[{"href":"https:\/\/sarr.com.pl\/index.php?rest_route=\/wp\/v2\/pages\/147"}],"collection":[{"href":"https:\/\/sarr.com.pl\/index.php?rest_route=\/wp\/v2\/pages"}],"about":[{"href":"https:\/\/sarr.com.pl\/index.php?rest_route=\/wp\/v2\/types\/page"}],"author":[{"embeddable":true,"href":"https:\/\/sarr.com.pl\/index.php?rest_route=\/wp\/v2\/users\/1"}],"replies":[{"embeddable":true,"href":"https:\/\/sarr.com.pl\/index.php?rest_route=%2Fwp%2Fv2%2Fcomments&post=147"}],"version-history":[{"count":6,"href":"https:\/\/sarr.com.pl\/index.php?rest_route=\/wp\/v2\/pages\/147\/revisions"}],"predecessor-version":[{"id":1130,"href":"https:\/\/sarr.com.pl\/index.php?rest_route=\/wp\/v2\/pages\/147\/revisions\/1130"}],"up":[{"embeddable":true,"href":"https:\/\/sarr.com.pl\/index.php?rest_route=\/wp\/v2\/pages\/109"}],"wp:attachment":[{"href":"https:\/\/sarr.com.pl\/index.php?rest_route=%2Fwp%2Fv2%2Fmedia&parent=147"}],"curies":[{"name":"wp","href":"https:\/\/api.w.org\/{rel}","templated":true}]}}