{"id":1550,"date":"2018-01-21T11:12:00","date_gmt":"2018-01-21T09:12:00","guid":{"rendered":"http:\/\/sarr.com.pl\/?page_id=1550"},"modified":"2018-07-29T20:57:16","modified_gmt":"2018-07-29T18:57:16","slug":"informacje-dot-przyznawania-stypendiow-na-nauke-jezyka-angielskiego-w-szkole-jezykowej","status":"publish","type":"page","link":"https:\/\/sarr.com.pl\/?page_id=1550","title":{"rendered":"Informacje dot. przyznawania stypendi\u00f3w na nauk\u0119 j\u0119zyka angielskiego w szkole j\u0119zykowej"},"content":{"rendered":"<p><strong><em>Informacje dot. przyznawania stypendi\u00f3w na nauk\u0119 j\u0119zyka angielskiego w szkole j\u0119zykowej:<\/em><\/strong><\/p>\n<ul>\n<li><a href=\"http:\/\/sarr.com.pl\/wp-content\/uploads\/2018\/07\/Regulamin-przyznawania-stypendi\u00f3w-na-nja.docx\">Regulamin przyznawania stypendi\u00f3w na nauk\u0119 j\u0119zyka angielskiego<\/a><\/li>\n<li><a href=\"http:\/\/sarr.com.pl\/wp-content\/uploads\/2018\/01\/Za\u0142\u0105cznik-nr-1-Wniosek-o-przyznanie-stypendium-na-nauk\u0119-j\u0119zyka-angielskiego.docx\">Za\u0142\u0105cznik nr 1 &#8211; Wniosek o przyznanie stypendium na nauk\u0119 j\u0119zyka angielskiego<\/a><\/li>\n<li><a href=\"http:\/\/sarr.com.pl\/wp-content\/uploads\/2018\/01\/Za\u0142\u0105cznik-nr-2-O\u015bwiadczenie-uczestnika-projektu-ucznia.docx\">Za\u0142\u0105cznik nr 2- O\u015bwiadczenie uczestnika projektu (ucznia)<\/a><\/li>\n<li><a href=\"http:\/\/sarr.com.pl\/wp-content\/uploads\/2018\/01\/Za\u0142\u0105cznik-nr-3-wz\u00f3r-o\u015bwiadczenia-o-przys\u0142uguj\u0105cym-uprawnieniu-do-otrzymania-zasi\u0142ku-rodzinnego-oraz-dodatk\u00f3w-do-zasi\u0142ku-rodzinnego-.docx\">Za\u0142\u0105cznik nr 3- wz\u00f3r o\u015bwiadczenia o przys\u0142uguj\u0105cym uprawnieniu do otrzymania zasi\u0142ku rodzinnego oraz dodatk\u00f3w do zasi\u0142ku rodzinnego<\/a><\/li>\n<li><a href=\"http:\/\/sarr.com.pl\/wp-content\/uploads\/2018\/01\/Za\u0142\u0105cznik-nr-4-O\u015bwiadczenie-o-wywodzeniu-si\u0119-ucznia-z-rodziny-wielodzietnej.docx\">Za\u0142\u0105cznik nr 4- O\u015bwiadczenie o wywodzeniu si\u0119 ucznia z rodziny wielodzietnej<\/a><\/li>\n<li><a href=\"http:\/\/sarr.com.pl\/wp-content\/uploads\/2018\/01\/Za\u0142\u0105cznik-nr-5-O\u015bwiadczenie-o-statusie-rodziny-niepe\u0142nej.docx\">Za\u0142\u0105cznik nr 5- O\u015bwiadczenie o statusie rodziny niepe\u0142nej<\/a><\/li>\n<li><a href=\"http:\/\/sarr.com.pl\/wp-content\/uploads\/2018\/01\/Za\u0142\u0105cznik-nr-6-Arkusz-indywidualnej-diagnozy-potrzeb-ucznia.doc.docx\">Za\u0142\u0105cznik nr 6-Arkusz indywidualnej diagnozy potrzeb ucznia.doc<\/a><\/li>\n<li><a href=\"http:\/\/sarr.com.pl\/wp-content\/uploads\/2018\/01\/Za\u0142\u0105cznik-nr-7-Wz\u00f3r-o\u015bwiadczenia-o-rachunku-bankowym.docx\">Za\u0142\u0105cznik nr 7- Wz\u00f3r o\u015bwiadczenia o rachunku bankowym<\/a><\/li>\n<li><a href=\"http:\/\/sarr.com.pl\/wp-content\/uploads\/2018\/01\/Za\u0142\u0105cznik-nr-8-Dane-osobowe-uczestnika-projektu-na-potrzeby-Centralnego-Systemu-Teleinformatycznego-SL-2014.docx\">Za\u0142\u0105cznik nr 8- Dane osobowe uczestnika projektu na potrzeby Centralnego Systemu Teleinformatycznego SL 2014<\/a><\/li>\n<li><a href=\"http:\/\/sarr.com.pl\/wp-content\/uploads\/2018\/01\/Za\u0142\u0105cznik-nr-9-Deklaracja-uczestnictwa-ucznia-w-projekcie.docx\">Za\u0142\u0105cznik nr 9- Deklaracja uczestnictwa ucznia w projekcie<\/a><\/li>\n<li><a href=\"http:\/\/sarr.com.pl\/wp-content\/uploads\/2018\/01\/Za\u0142\u0105cznik-nr-10-wz\u00f3r-umowy-stypendialnej-.docx\">Za\u0142\u0105cznik nr 10 &#8211; wz\u00f3r umowy stypendialnej<\/a> <a href=\"http:\/\/sarr.com.pl\/wp-content\/uploads\/2018\/01\/Za\u0142\u0105cznik-nr-11-O\u015bwiadczenie-uczestnika-projektuucznia-o-wyra\u017ceniu-zgody-na-upowszechnianie-wizerunku.docx\">Za\u0142\u0105cznik nr 11-O\u015bwiadczenie uczestnika projektu(ucznia) o wyra\u017ceniu zgody na upowszechnianie wizerunku<\/a><\/li>\n<\/ul>\n","protected":false},"excerpt":{"rendered":"<p>Informacje dot. przyznawania stypendi\u00f3w na nauk\u0119 j\u0119zyka angielskiego w szkole j\u0119zykowej: Regulamin przyznawania stypendi\u00f3w na nauk\u0119 j\u0119zyka angielskiego Za\u0142\u0105cznik nr 1 &#8211; Wniosek o przyznanie stypendium na nauk\u0119 j\u0119zyka angielskiego Za\u0142\u0105cznik nr 2- O\u015bwiadczenie uczestnika projektu (ucznia) Za\u0142\u0105cznik nr 3- wz\u00f3r o\u015bwiadczenia o przys\u0142uguj\u0105cym uprawnieniu do otrzymania zasi\u0142ku rodzinnego oraz dodatk\u00f3w do zasi\u0142ku rodzinnego Za\u0142\u0105cznik [&hellip;]<\/p>\n","protected":false},"author":1,"featured_media":0,"parent":1447,"menu_order":0,"comment_status":"closed","ping_status":"closed","template":"","meta":[],"_links":{"self":[{"href":"https:\/\/sarr.com.pl\/index.php?rest_route=\/wp\/v2\/pages\/1550"}],"collection":[{"href":"https:\/\/sarr.com.pl\/index.php?rest_route=\/wp\/v2\/pages"}],"about":[{"href":"https:\/\/sarr.com.pl\/index.php?rest_route=\/wp\/v2\/types\/page"}],"author":[{"embeddable":true,"href":"https:\/\/sarr.com.pl\/index.php?rest_route=\/wp\/v2\/users\/1"}],"replies":[{"embeddable":true,"href":"https:\/\/sarr.com.pl\/index.php?rest_route=%2Fwp%2Fv2%2Fcomments&post=1550"}],"version-history":[{"count":6,"href":"https:\/\/sarr.com.pl\/index.php?rest_route=\/wp\/v2\/pages\/1550\/revisions"}],"predecessor-version":[{"id":1640,"href":"https:\/\/sarr.com.pl\/index.php?rest_route=\/wp\/v2\/pages\/1550\/revisions\/1640"}],"up":[{"embeddable":true,"href":"https:\/\/sarr.com.pl\/index.php?rest_route=\/wp\/v2\/pages\/1447"}],"wp:attachment":[{"href":"https:\/\/sarr.com.pl\/index.php?rest_route=%2Fwp%2Fv2%2Fmedia&parent=1550"}],"curies":[{"name":"wp","href":"https:\/\/api.w.org\/{rel}","templated":true}]}}