{"id":161,"date":"2013-05-14T09:55:45","date_gmt":"2013-05-14T07:55:45","guid":{"rendered":"http:\/\/ziemiasadecka.com\/sarr\/?page_id=161"},"modified":"2014-02-28T21:50:03","modified_gmt":"2014-02-28T19:50:03","slug":"projekt-nowe-perspektywy-dla-osob-bezrobotnych","status":"publish","type":"page","link":"https:\/\/sarr.com.pl\/?page_id=161","title":{"rendered":"Projekt &#8222;Nowe perspektywy dla os\u00f3b bezrobotnych\u201d"},"content":{"rendered":"<p style=\"text-align: justify;\">S\u0105decka Agencja Rozwoju Regionalnego S.A. wsp\u00f3lnie z Powiatem Sanockim informuj\u0105, \u017ce od dnia 1 kwietnia 2013 r. rozpocz\u0119li realizacj\u0119 projektu pn. &#8222;Nowe perspektywy dla os\u00f3b bezrobotnych&#8221;w ramach Programu Operacyjnego Kapita\u0142 Ludzki Dzia\u0142anie 8.1 Rozw\u00f3j pracownik\u00f3w i przedsi\u0119biorstw w regionie Poddzia\u0142anie 8.1.2 Wsparcie proces\u00f3w adaptacyjnych i modernizacyjnych w regionie Projekt wsp\u00f3\u0142finansowany z Unii Europejskiej w ramach Europejskiego Funduszu Spo\u0142ecznego<br \/>\nW ramach projektu Uczestnicy\/czki obj\u0119ci b\u0119d\u0105 wsparciem w zakresie nast\u0119puj\u0105cych element\u00f3w:<\/p>\n<ul style=\"text-align: justify;\">\n<li>poradnictwo zawodowe i psychologiczne<\/li>\n<li>szkolenia zawodowe<\/li>\n<li>szkolenia z przedsi\u0119biorczo\u015bci i doradztwo z zakresu przygotowania biznes planu<\/li>\n<li>bezzwrotne dotacje w wysoko\u015bci 40 000 z\u0142 na rozpocz\u0119cie dzia\u0142alno\u015bci gospodarczej<\/li>\n<li>podstawowe wsparcie pomostowe dla nowopowsta\u0142ych firm &#8211; 800 z\u0142 miesi\u0119cznie nawet przez rok!<\/li>\n<li>profesjonalne wsparcie doradcze w zakresie prowadzenia firmy<\/li>\n<li>mo\u017cliwo\u015b\u0107 podj\u0119cia pracy u pracodawcy w ramach zatrudnienia subsydiowanego<\/li>\n<\/ul>\n<p style=\"text-align: justify;\">Projekt realizowany b\u0119dzie w okresie od 01.04.2013 do 30.09.2014 i adresowany jest do 30 os\u00f3b fizycznych zamieszkuj\u0105cych na terenie powiatu sanockiego, kt\u00f3rzy spe\u0142niaj\u0105 \u0142\u0105cznie nast\u0119puj\u0105ce warunki:<\/p>\n<ul style=\"text-align: justify;\">\n<li>osoba bezrobotna zarejestrowana w Urz\u0119dzie Pracy, kt\u00f3ra utraci\u0142a prac\u0119 w okresie nie d\u0142u\u017cszym ni\u017c 6 miesi\u0119cy przed dniem przyst\u0105pienia do projektu z przyczyn dotycz\u0105cych pracodawcy (np. likwidacja zak\u0142adu pracy, upad\u0142o\u015b\u0107, likwidacja stanowiska pracy)<\/li>\n<li>co najmniej 10 &#8211; letni sta\u017c pracy<\/li>\n<li>wykszta\u0142cenie co najwy\u017cej \u015brednie<\/li>\n<\/ul>\n<p style=\"text-align: justify;\">Projekt wyklucza udzia\u0142 os\u00f3b, kt\u00f3re posiada\u0142y zarejestrowan\u0105 dzia\u0142alno\u015b\u0107 gospodarcz\u0105 w okresie 1 roku przed przyst\u0105pieniem do projektu.<\/p>\n<p style=\"text-align: justify;\">Proces rekrutacji b\u0119dzie prowadzony w siedzibie Starostwa Powiatowego w Sanoku przy ul. Rynek 1. Informacje na temat rekrutacji (termin, regulamin oraz dokumenty do pobrania) zostan\u0105<br \/>\nopublikowane w terminie p\u00f3\u017aniejszym.<\/p>\n<p style=\"text-align: justify;\">TU UZYSKASZ INFORMACJE O PROJEKCIE:<br \/>\n<strong>Biuro projektu: ul. Sobieskiego 12, 38-500 Sanok, tel.: 511 695 589<\/strong><br \/>\ne \u2013mail: <a href=\"jslota@sarr.com.pl\">jslota@sarr.com.pl<\/a>, <a href=\"ssulkowska@sarr.com.pl\">ssulkowska@sarr.com.pl<\/a><\/p>\n<p style=\"text-align: justify;\">Regulamin oraz formularze rekrutacyjne dost\u0119pne b\u0119d\u0105 na stronie internetowej S\u0105deckiej Agencji<br \/>\nRozwoju Regionalnego <a href=\"http:\/\/www.sarr.com.pl\">www.sarr.com.pl<\/a> oraz Powiatu Sanockiego <a href=\"http:\/\/www.powiat-sanok.pl\">www.powiat-sanok.pl<\/a>.<\/p>\n<p><span style=\"color: #333399;\"><b>OG\u0141OSZENIE z dnia 18.06.2013 r.|<br \/>\n<\/b><b>Zmiana kryteri\u00f3w kwalifikacji do projektu <\/b><b>pn. \u201eNOWE PERSPEKTYWY DLA OS\u00d3B BEZROBOTNYCH\u201d<\/b><\/span><\/p>\n<p><span style=\"color: #333399;\">Informujemy, \u017ce do projektu mog\u0105 r\u00f3wnie\u017c przyst\u0105pi\u0107<\/span><br \/>\n<span style=\"color: #333399;\">OSOBY POSIADAJ\u0104CE WYKSZTA\u0141CENIE WY\u017bSZE BEZ WZGL\u0118DU NA LICZB\u0118 LAT STA\u017bU PRACY<\/span><br \/>\n<span style=\"color: #333399;\"><b>REKRUTACJA NADAL TRWA \u2013 ZAPRASZAMY!<br \/>\n<\/b><b>S\u0105 wolne miejsca na jednorazow\u0105 dotacj\u0119 i zatrudnienie subsydiowane!<\/b><\/span><\/p>\n<p>Dokumenty do pobrania:<\/p>\n<ul>\n<li><a href=\"http:\/\/www.sarr.com.pl\/wp-content\/uploads\/2013\/05\/npdob_regulaminrekrutacji.doc\">Regulamin rekrutacji<\/a><\/li>\n<li><a href=\"http:\/\/www.sarr.com.pl\/wp-content\/uploads\/2013\/05\/npdob_deklaracjaudzialu.doc\">Deklaracja udzia\u0142u w projekcie<\/a><\/li>\n<li><a href=\"http:\/\/www.sarr.com.pl\/wp-content\/uploads\/2013\/05\/npdob_formularzrekrutacjyjny.doc\">Formularz rekrutacyjny<\/a><\/li>\n<li><a href=\"http:\/\/www.sarr.com.pl\/wp-content\/uploads\/2013\/05\/npdob_kartyoceny.doc\">Karta oceny<\/a><\/li>\n<li><a href=\"http:\/\/www.sarr.com.pl\/wp-content\/uploads\/2013\/05\/BIZNES-PLAN-8.1.2-PO-KL-08.08.2013.doc\">Biznes plan <\/a><\/li>\n<\/ul>\n<p style=\"text-align: center;\"><span style=\"color: #ff0000;\"><strong>\u00a0REKRUTACJA DO PROJEKTU\u00a0 ZAKO\u0143CZONA!<\/strong><\/span><\/p>\n<h2 style=\"text-align: center;\"><strong>WYNIKI REKRUTACJI DO PROJEKTU &#8222;NOWE PERSPEKTYWY DLA OS\u00d3B BEZROBOTNYCH&#8221;<\/strong><\/h2>\n<p><a href=\"http:\/\/www.sarr.com.pl\/wp-content\/uploads\/2013\/05\/LISTA-RANKINGOWA1.doc\">LISTA RANKINGOWA 1<\/a><\/p>\n<p><a href=\"http:\/\/www.sarr.com.pl\/wp-content\/uploads\/2013\/05\/LISTA-RANKINGOWA2.doc\">LISTA RANKINGOWA2<\/a><\/p>\n<p><a href=\"http:\/\/sarr.com.pl\/wp-content\/uploads\/2013\/05\/listarankingowa-.doc\">LISTA RANKINGOWA 3<\/a><\/p>\n<h2>Dokumenty do pobrania:<\/h2>\n<ul>\n<li><a href=\"http:\/\/sarr.com.pl\/wp-content\/uploads\/2013\/05\/0_Regulamin_przyznawania_przedluzonego_wsparcia.doc\">Regulamin_przyznawania_przed\u0142u\u017conego_wsparcia<\/a><\/li>\n<li><a href=\"http:\/\/sarr.com.pl\/wp-content\/uploads\/2013\/05\/1._Wzor_wniosku_o_przyznanie_przedluzonego_wspracia_pomo.doc\">Wz\u00f3r_wniosku_o_przyznanie_przed\u0142u\u017conego_wsparacia<\/a><\/li>\n<li><a href=\"http:\/\/sarr.com.pl\/wp-content\/uploads\/2013\/05\/2_Wzor_karty_oceny_formalnej.doc\">Wz\u00f3r_karty_oceny_formalnej<\/a><\/li>\n<li><a href=\"http:\/\/sarr.com.pl\/wp-content\/uploads\/2013\/05\/3_Wzor_karty_oceny_merytorycznej_przedluzonego_wsparcia.doc\">Wz\u00f3r_karty_oceny_merytorycznej_przed\u0142u\u017conego_wsparcia<\/a><\/li>\n<li><a href=\"http:\/\/sarr.com.pl\/wp-content\/uploads\/2013\/05\/4_Bilans.docx\">Bilans (wersja DOCX)<\/a><\/li>\n<li><a href=\"http:\/\/sarr.com.pl\/wp-content\/uploads\/2013\/05\/4_Bilans.pdf\">Bilan (wersja PDF)<\/a><\/li>\n<li><a href=\"http:\/\/sarr.com.pl\/wp-content\/uploads\/2013\/05\/5_Rachunek_zyskow_i_strat.docx\">Rachunek_zysk\u00f3w_i_strat (wersja DOCX)<\/a><\/li>\n<li><a href=\"http:\/\/sarr.com.pl\/wp-content\/uploads\/2013\/05\/5_Rachunek_zyskow_i_strat.pdf\">Rachunek_zysk\u00f3w_i_strat (wersja PDF)<\/a><\/li>\n<\/ul>\n<p>&nbsp;<\/p>\n","protected":false},"excerpt":{"rendered":"<p>S\u0105decka Agencja Rozwoju Regionalnego S.A. wsp\u00f3lnie z Powiatem Sanockim informuj\u0105, \u017ce od dnia 1 kwietnia 2013 r. rozpocz\u0119li realizacj\u0119 projektu pn. &#8222;Nowe perspektywy dla os\u00f3b bezrobotnych&#8221;w ramach Programu Operacyjnego Kapita\u0142 Ludzki Dzia\u0142anie 8.1 Rozw\u00f3j pracownik\u00f3w i przedsi\u0119biorstw w regionie Poddzia\u0142anie 8.1.2 Wsparcie proces\u00f3w adaptacyjnych i modernizacyjnych w regionie Projekt wsp\u00f3\u0142finansowany z Unii Europejskiej w ramach [&hellip;]<\/p>\n","protected":false},"author":1,"featured_media":0,"parent":29,"menu_order":1,"comment_status":"closed","ping_status":"open","template":"","meta":[],"_links":{"self":[{"href":"https:\/\/sarr.com.pl\/index.php?rest_route=\/wp\/v2\/pages\/161"}],"collection":[{"href":"https:\/\/sarr.com.pl\/index.php?rest_route=\/wp\/v2\/pages"}],"about":[{"href":"https:\/\/sarr.com.pl\/index.php?rest_route=\/wp\/v2\/types\/page"}],"author":[{"embeddable":true,"href":"https:\/\/sarr.com.pl\/index.php?rest_route=\/wp\/v2\/users\/1"}],"replies":[{"embeddable":true,"href":"https:\/\/sarr.com.pl\/index.php?rest_route=%2Fwp%2Fv2%2Fcomments&post=161"}],"version-history":[{"count":17,"href":"https:\/\/sarr.com.pl\/index.php?rest_route=\/wp\/v2\/pages\/161\/revisions"}],"predecessor-version":[{"id":937,"href":"https:\/\/sarr.com.pl\/index.php?rest_route=\/wp\/v2\/pages\/161\/revisions\/937"}],"up":[{"embeddable":true,"href":"https:\/\/sarr.com.pl\/index.php?rest_route=\/wp\/v2\/pages\/29"}],"wp:attachment":[{"href":"https:\/\/sarr.com.pl\/index.php?rest_route=%2Fwp%2Fv2%2Fmedia&parent=161"}],"curies":[{"name":"wp","href":"https:\/\/api.w.org\/{rel}","templated":true}]}}