{"id":1669,"date":"2018-11-07T18:27:59","date_gmt":"2018-11-07T16:27:59","guid":{"rendered":"http:\/\/sarr.com.pl\/?page_id=1669"},"modified":"2018-11-07T18:34:26","modified_gmt":"2018-11-07T16:34:26","slug":"rodo","status":"publish","type":"page","link":"https:\/\/sarr.com.pl\/?page_id=1669","title":{"rendered":"RODO"},"content":{"rendered":"<h2><strong>Ochrona danych osobowych<br \/>\n<\/strong><\/h2>\n<h4>SZANOWNI PA\u0143STWO<\/h4>\n<p>S\u0105decka Agencja Rozwoju Regionalnego S.A. informuje Pa\u0144stwa o przetwarzaniu danych osobowych stanowi\u0105cych Pa\u0144stwa w\u0142asno\u015b\u0107 zgodnie z art. 13 ust. 1-2 Rozporz\u0105dzenia Parlamentu Europejskiego i Rady (UE) 2016\/679 z dnia 27 kwietnia 2016 r. w sprawie ochrony os\u00f3b fizycznych w zwi\u0105zku z przetwarzaniem danych osobowych i w sprawie swobodnego przep\u0142ywu takich danych oraz uchylenia dyrektywy 95\/46\/WE (og\u00f3lne rozporz\u0105dzenie o ochronie danych, zwane dalej \u201eRODO\u201d):<\/p>\n<p>Administratorem Danych Osobowych (dalej Administrator) jest S\u0105decka Agencja Rozwoju Regionalnego S.A. z siedzib\u0105 w 33-300 Nowy S\u0105cz, ul. Jagiello\u0144ska 14.<\/p>\n<h3>W jakim celu przetwarzamy dane osobowe:<\/h3>\n<ul>\n<li>w celu realizacji projekt\u00f3w w szczeg\u00f3lno\u015bci potwierdzenia kwalifikowalno\u015bci wydatk\u00f3w, udzielenia wsparcia, monitoringu, ewaluacji, kontroli, audytu i sprawozdawczo\u015bci oraz dzia\u0142a\u0144 informacyjno-promocyjnych<\/li>\n<li>w celu podj\u0119cia dzia\u0142a\u0144 przed zawarciem umowy oraz w celu zawarcia i realizacji umowy,<\/li>\n<li>w celach informacyjnych i marketingowych, wy\u0142\u0105cznie na podstawie zgody zgodnie z tre\u015bci\u0105 udzielonej zgody.<\/li>\n<li>w celu ochrony przed zagro\u017ceniami zewn\u0119trznymi oraz wewn\u0119trznymi (zwi\u0119kszenie bezpiecze\u0144stwa pracownik\u00f3w oraz bezpiecze\u0144stwa technologicznego)<\/li>\n<li>w celu zatrudniania pracownik\u00f3w i prowadzenia proces\u00f3w rekrutacji.<\/li>\n<\/ul>\n<h3>Jak d\u0142ugo przetwarzamy dane osobowe:<\/h3>\n<p>W zale\u017cno\u015bci od celu przetwarzania dane osobowe b\u0119d\u0105 przechowywane<\/p>\n<ul>\n<li>przez okres trwania umowy oraz po zako\u0144czeniu jej trwania w celu wype\u0142nienia obowi\u0105zku prawnego ci\u0105\u017c\u0105cego na Administratorze,<\/li>\n<li>na czas zgodny z obowi\u0105zuj\u0105cymi przepisami prawa,<\/li>\n<li>a w przypadku prawnie usprawiedliwionych cel\u00f3w Administratora, w tym sprzeda\u017cy i marketingu bezpo\u015bredniego, do czasu cofni\u0119cia przez osob\u0119 kt\u00f3rej dane dotycz\u0105 zgody.<\/li>\n<li>W przypadku monitoringu wideo (CCTV) przez okres do 14 dni.<\/li>\n<\/ul>\n<h3>Komu powierzamy i udost\u0119pniamy dane osobowe:<\/h3>\n<p>Pozyskane dane osobowe mog\u0105 zosta\u0107 udost\u0119pnione innym podmiotom w tym: firmom \u015bwiadcz\u0105cym us\u0142ugi wspieraj\u0105ce, operatorom pocztowym, firmom kurierskim, podmiotom \u015bwiadcz\u0105cym na rzecz SARR S.A. us\u0142ugi doradcze, w szczeg\u00f3lnych przypadkach (wykroczenia lub przest\u0119pstwa) dane osobowe (w tym dane z monitoringu wizyjnego) mog\u0105 by\u0107 udost\u0119pnione organom \u015bcigania.<\/p>\n<p>Dane osobowe mo\u017cemy powierzy\u0107 do przetwarzania w naszym imieniu podmiotom realizuj\u0105cym dla nas us\u0142ugi wspieraj\u0105ce np. podwykonawstwo, hostowane strony internetowej, \u015bwiadczenie us\u0142ug ksi\u0119gowych, obs\u0142uga serwisowa naszych system\u00f3w informatycznych.<\/p>\n<p>Dane osobowe mo\u017cemy r\u00f3wnie\u017c powierzy\u0107 do przetwarzania podmiotom, kt\u00f3re na rzecz beneficjenta uczestnicz\u0105 w realizacji projektu. Pa\u0144stwa dane osobowe mog\u0105 zosta\u0107 przekazane podmiotom realizuj\u0105cym badania ewaluacyjne na zlecenie SARR S.A., Instytucji Po\u015brednicz\u0105cej lub beneficjenta. Dane osobowe mog\u0105 zosta\u0107 r\u00f3wnie\u017c powierzone specjalistycznym podmiotom, realizuj\u0105cym na zlecenie SARR S.A., Instytucji Po\u015brednicz\u0105cej oraz beneficjenta kontrole i audyty.<\/p>\n<h3>Prawa kt\u00f3re przys\u0142uguj\u0105 osobie kt\u00f3rej dane przetwarzamy:<\/h3>\n<p>Osoba fizyczna ma prawo dost\u0119pu do tre\u015bci swoich danych osobowych oraz prawo ich sprostowania, usuni\u0119cia, ograniczenia przetwarzania, prawo do przenoszenia danych, prawo do wniesienia sprzeciwu, prawo do cofni\u0119cia zgody w dowolnym momencie.<\/p>\n<p>Osoba fizyczna ma prawo wniesienia skargi do Urz\u0119du Ochrony Danych Osobowych, gdy uzna, \u017ce przetwarzanie jej danych osobowych narusza przepisy rozporz\u0105dzenia Parlamentu Europejskiego i Rady (UE) nr 2016\/679 z dnia 27 kwietnia 2016 r. w sprawie ochrony os\u00f3b fizycznych w zwi\u0105zku z przetwarzaniem danych osobowych i w sprawie swobodnego przep\u0142ywu takich danych oraz uchylenia dyrektywy 95\/46\/WE (og\u00f3lne rozporz\u0105dzenie o ochronie danych) (Dz. Urz. UE L 119 z 4.05.2016).<\/p>\n<p>Kontakt z Inspektorem Ochrony Danych mo\u017cliwy jest za pomoc\u0105 poczty elektronicznej, adres: iod@sarr.com.pl.<\/p>\n<p>&nbsp;<\/p>\n","protected":false},"excerpt":{"rendered":"<p>Ochrona danych osobowych SZANOWNI PA\u0143STWO S\u0105decka Agencja Rozwoju Regionalnego S.A. informuje Pa\u0144stwa o przetwarzaniu danych osobowych stanowi\u0105cych Pa\u0144stwa w\u0142asno\u015b\u0107 zgodnie z art. 13 ust. 1-2 Rozporz\u0105dzenia Parlamentu Europejskiego i Rady (UE) 2016\/679 z dnia 27 kwietnia 2016 r. w sprawie ochrony os\u00f3b fizycznych w zwi\u0105zku z przetwarzaniem danych osobowych i w sprawie swobodnego przep\u0142ywu takich [&hellip;]<\/p>\n","protected":false},"author":1,"featured_media":0,"parent":260,"menu_order":0,"comment_status":"closed","ping_status":"closed","template":"","meta":[],"_links":{"self":[{"href":"https:\/\/sarr.com.pl\/index.php?rest_route=\/wp\/v2\/pages\/1669"}],"collection":[{"href":"https:\/\/sarr.com.pl\/index.php?rest_route=\/wp\/v2\/pages"}],"about":[{"href":"https:\/\/sarr.com.pl\/index.php?rest_route=\/wp\/v2\/types\/page"}],"author":[{"embeddable":true,"href":"https:\/\/sarr.com.pl\/index.php?rest_route=\/wp\/v2\/users\/1"}],"replies":[{"embeddable":true,"href":"https:\/\/sarr.com.pl\/index.php?rest_route=%2Fwp%2Fv2%2Fcomments&post=1669"}],"version-history":[{"count":3,"href":"https:\/\/sarr.com.pl\/index.php?rest_route=\/wp\/v2\/pages\/1669\/revisions"}],"predecessor-version":[{"id":1673,"href":"https:\/\/sarr.com.pl\/index.php?rest_route=\/wp\/v2\/pages\/1669\/revisions\/1673"}],"up":[{"embeddable":true,"href":"https:\/\/sarr.com.pl\/index.php?rest_route=\/wp\/v2\/pages\/260"}],"wp:attachment":[{"href":"https:\/\/sarr.com.pl\/index.php?rest_route=%2Fwp%2Fv2%2Fmedia&parent=1669"}],"curies":[{"name":"wp","href":"https:\/\/api.w.org\/{rel}","templated":true}]}}