{"id":168,"date":"2013-05-14T10:06:58","date_gmt":"2013-05-14T08:06:58","guid":{"rendered":"http:\/\/ziemiasadecka.com\/sarr\/?page_id=168"},"modified":"2014-02-26T17:28:51","modified_gmt":"2014-02-26T15:28:51","slug":"projekt-zagrozeni-wykluczeniem-spolecznym-aktywni-zawodowo","status":"publish","type":"page","link":"https:\/\/sarr.com.pl\/?page_id=168","title":{"rendered":"Projekt &#8222;Zagro\u017ceni wykluczeniem spo\u0142ecznym \u2013 aktywni zawodowo&#8221;"},"content":{"rendered":"<p style=\"text-align: justify;\">S\u0105decka Agencja Rozwoju Regionalnego S.A. informuje, \u017ce od dnia 1 kwietnia 2013 r. na terenie powiatu sanockiego rozpoczyna realizacj\u0119 projektu pn. &#8222;Zagro\u017ceni wykluczeniem spo\u0142ecznym \u2013 aktywni zawodowo&#8221; wsp\u00f3\u0142finansowanego z Europejskiego Funduszu Spo\u0142ecznego w ramach Programu Operacyjnego Kapita\u0142 Ludzki &#8211; Dzia\u0142anie 7.2 Przeciwdzia\u0142anie wykluczeniu i wzmocnienie sektora ekonomii spo\u0142ecznej, Poddzia\u0142anie 7.2.1 Aktywizacja zawodowa i spo\u0142eczna os\u00f3b zagro\u017conych wykluczeniem spo\u0142ecznym. Celem g\u0142\u00f3wnym projektu jest wzrost aktywno\u015bci spo\u0142eczno-zawodowej w\u015br\u00f3d os\u00f3b niezatrudnionych w wieku od 15 do 64 lat zagro\u017conych wykluczeniem spo\u0142ecznym z terenu powiatu sanockiego.<\/p>\n<p style=\"text-align: justify;\">W ramach projektu Beneficjenci Ostateczni obj\u0119ci b\u0119d\u0105 wsparciem w zakresie nast\u0119puj\u0105cych element\u00f3w:<\/p>\n<p style=\"text-align: justify;\"><strong>Poradnictwo psychologiczno-motywacyjno-doradcze:<\/strong><\/p>\n<ul>\n<li><span style=\"text-align: justify;\">warsztaty psychologiczne<\/span><\/li>\n<li><span style=\"text-align: justify;\">trening kompetencji i umiej\u0119tno\u015bci spo\u0142ecznych<\/span><\/li>\n<li><span style=\"text-align: justify;\">indywidualne spotkanie z psychologiem<\/span><\/li>\n<li><span style=\"text-align: justify;\">indywidualne doradztwo zawodowe<\/span><\/li>\n<\/ul>\n<p><strong>Szkolenia zawodowe \u2013 proponowane do wyboru:<\/strong><\/p>\n<ul>\n<li>magazynier z w\u00f3zkiem wid\u0142owym,<\/li>\n<li>sprzedawca<\/li>\n<li>florysta<\/li>\n<li>koparko-\u0142adowarki<\/li>\n<li>kucharz-kelner ma\u0142ej gastronomii<\/li>\n<li>inne (typ szkolenia adekwatny z wyborem i potrzebami Beneficjenta Ostatecznego)<\/li>\n<\/ul>\n<p style=\"text-align: justify;\"><strong>Mo\u017cliwo\u015b\u0107 podj\u0119cia pracy u pracodawcy w ramach zatrudnienia subsydiowanego<\/strong><\/p>\n<p style=\"text-align: justify;\"><strong>Mo\u017cliwo\u015b\u0107 odbycia sta\u017cu zawodowego<\/strong><\/p>\n<p style=\"text-align: justify;\">Projekt realizowany b\u0119dzie w okresie od 01.04.2013 do 31.10.2014 i adresowany jest do 20 os\u00f3b w wieku aktywno\u015bci zawodowej 15 \u2013 64 lata z wykszta\u0142ceniem \u015brednim, zawodowym, gimnazjalnym lub podstawowym, zagro\u017conych wykluczeniem spo\u0142ecznym z powodu bezrobocia i ub\u00f3stwa zamieszkuj\u0105cych na terenie powiatu sanockiego. Proces rekrutacji b\u0119dzie prowadzony od miesi\u0105ca Maja 2013 r. Informacje na temat rekrutacji (termin, regulamin oraz dokumenty do pobrania) zostan\u0105 opublikowane w terminie p\u00f3\u017aniejszym.<\/p>\n<p style=\"text-align: justify;\">Szczeg\u00f3\u0142owe informacje na temat projektu mo\u017cna uzyska\u0107: w biurze projektu \u201eZagro\u017ceni wykluczeniem spo\u0142ecznym \u2013 aktywni zawodowo\u201d przy ul. Sobieskiego 12 w Sanoku lub pod nr telefonu 724 951 507 lub 723 539 090, e-mail: <a href=\"mwygoda@sarr.com.pl\">mwygoda@sarr.com.pl<\/a> oraz <a href=\"bmrugala@sarr.com.pl\">bmrugala@sarr.com.pl<\/a><\/p>\n<p style=\"text-align: justify;\">Instytucja Po\u015brednicz\u0105ca<br \/>\nWojew\u00f3dzki Urz\u0105d Pracy w Rzeszowie, ul. p\u0142k. L. Lisa Kuli 20, 35-025 Rzesz\u00f3w,\u00a0www.wup-rzeszow.pl<\/p>\n<p style=\"text-align: justify;\"><a href=\"http:\/\/www.efs.gov.pl\">www.efs.gov.pl<\/a>, <a href=\"http:\/\/www.mrr.gov.pl\">www.mrr.gov.pl<\/a>, <a href=\"http:\/\/www.pokl.wup-rzeszow.pl\">www.pokl.wup-rzeszow.pl<\/a><em id=\"__mceDel\">, <\/em><em id=\"__mceDel\"><\/em><a href=\"http:\/\/www.funduszestrukturalne.gov.pl\">www.funduszestrukturalne.gov.pl<\/a><\/p>\n<p>&nbsp;<\/p>\n<p>Dokumenty do pobrania:<\/p>\n<ul>\n<li><a href=\"http:\/\/www.sarr.com.pl\/wp-content\/uploads\/2013\/05\/az-instrukcja.doc\">Instrukcja wype\u0142niania formularzy<\/a><\/li>\n<li><a href=\"http:\/\/www.sarr.com.pl\/wp-content\/uploads\/2013\/05\/Regulamin-Rekrutacyjny.doc\">Regulamin Rekrutacyjny<\/a><\/li>\n<li><a href=\"http:\/\/www.sarr.com.pl\/wp-content\/uploads\/2013\/05\/az-zal1.doc\">Formularz rekrutacyjny<\/a><\/li>\n<li><a href=\"http:\/\/www.sarr.com.pl\/wp-content\/uploads\/2013\/05\/az-zal2.doc\">O\u015bwiadczenie o wyra\u017ceniu zgody na przetwarzanie danych osobowych,<\/a><\/li>\n<li><a href=\"http:\/\/www.sarr.com.pl\/wp-content\/uploads\/2013\/05\/az-zal3.doc\">O\u015bwiadczenie o posiadanym wykszta\u0142ceniu,<\/a><\/li>\n<li><a href=\"http:\/\/www.sarr.com.pl\/wp-content\/uploads\/2013\/05\/az-zal4.doc\">O\u015bwiadczenie o miejscu zamieszkania,<\/a><\/li>\n<li><a href=\"http:\/\/www.sarr.com.pl\/wp-content\/uploads\/2013\/05\/az-zal5n.doc\">O\u015bwiadczenie o akceptacji Regulaminu rekrutacji,<\/a><\/li>\n<li><a href=\"http:\/\/www.sarr.com.pl\/wp-content\/uploads\/2013\/05\/az-zal6.doc\">O\u015bwiadczenie o dochodach<\/a><\/li>\n<li><a href=\"http:\/\/www.sarr.com.pl\/wp-content\/uploads\/2013\/05\/az-zal7.doc\">Karta oceny formalnej dokument\u00f3w rekrutacyjnych<\/a><\/li>\n<li><a href=\"http:\/\/www.sarr.com.pl\/wp-content\/uploads\/2013\/05\/az-zal8.doc\">Karty oceny rozmowy z psychologiem<\/a><\/li>\n<li><a href=\"http:\/\/www.sarr.com.pl\/wp-content\/uploads\/2013\/05\/az-zal9.doc\">O\u015bwiadczenie Beneficjenta Ostatecznego,<\/a><\/li>\n<li><a href=\"http:\/\/www.sarr.com.pl\/wp-content\/uploads\/2013\/06\/az-zal10a.doc\">Deklaracja uczestnictwa w projekcie,<\/a><\/li>\n<\/ul>\n<ul>\n<li><span style=\"color: #ff0000;\"><strong><span style=\"font-size: 200%;\"><strong><a href=\"http:\/\/www.sarr.com.pl\/wp-content\/uploads\/2013\/05\/LISTA-RANKINGOWA-OCENA-FORMALNA-WEB2.pdf\"><span style=\"color: #ff0000;\">Lista rankingowa po ocenie formalnej<\/span><\/a><\/strong><\/span><\/strong><\/span><strong><\/strong><\/li>\n<\/ul>\n<ul>\n<li>\n<h2><span style=\"color: #ff0000;\"><strong><a href=\"http:\/\/www.sarr.com.pl\/wp-content\/uploads\/2013\/05\/LISTA-RANKINGOWA-ROZMOWA-Z-PSYCHOLOGIEM-WEB.pdf\"><span style=\"color: #ff0000;\">Lista rankingowa po rozmowie z psychologiem<\/span><\/a><\/strong><\/span><\/h2>\n<\/li>\n<\/ul>\n<h1 style=\"text-align: center;\"><span style=\"color: #ff0000;\">REKRUTACJA ZAKO\u0143CZONA<\/span><\/h1>\n<ul>\n<li><a href=\"http:\/\/www.sarr.com.pl\/wp-content\/uploads\/2013\/05\/PODSTAWOWA-LISTA-RANKINGOWA-WEB.pdf\">Podstawowa lista rankingowa<\/a>,<\/li>\n<li><a href=\"http:\/\/www.sarr.com.pl\/wp-content\/uploads\/2013\/05\/REZERWOWA-LISTA-RANKINGOWA-WEB-2.pdf\">Rezerwowa lista rankingowa<\/a>,<\/li>\n<li><a href=\"http:\/\/www.sarr.com.pl\/wp-content\/uploads\/2013\/05\/Zasady-refundacji-koszt\u00f3w-opieki-nad-dzieckiem-do-lat-7-lub-osob\u0105-zale\u017cn\u01052.pdf\">Zasady refundacji koszt\u00f3w opieki nad dzieckiem do lat 7 lub osob\u0105 zale\u017cn\u0105<\/a><\/li>\n<li><a href=\"http:\/\/sarr.com.pl\/wp-content\/uploads\/2013\/05\/RegStazZWS.pdf\">Regulamin sta\u017cy zawodowych<\/a><\/li>\n<\/ul>\n<p><a href=\"http:\/\/sarr.com.pl\/wp-content\/uploads\/2013\/05\/RegStazZWS.pdf\">\u00a0<\/a><\/p>\n<p><a href=\"http:\/\/www.sarr.com.pl\/wp-content\/uploads\/2013\/05\/KAPITAL_LUDZKI.jpg\"><img loading=\"lazy\" class=\"alignleft size-medium wp-image-376\" alt=\"KAPITAL_LUDZKI\" src=\"http:\/\/www.sarr.com.pl\/wp-content\/uploads\/2013\/05\/KAPITAL_LUDZKI-300x145.jpg\" width=\"263\" height=\"98\" \/><\/a><\/p>\n<p><a href=\"http:\/\/www.sarr.com.pl\/wp-content\/uploads\/2013\/05\/UE+EFS_L-kolor.jpg\"><img loading=\"lazy\" class=\"alignright size-medium wp-image-375\" alt=\"UE+EFS_L-kolor\" src=\"http:\/\/www.sarr.com.pl\/wp-content\/uploads\/2013\/05\/UE+EFS_L-kolor-300x110.jpg\" width=\"300\" height=\"90\" \/><\/a><\/p>\n<p>&nbsp;<\/p>\n<p>&nbsp;<\/p>\n<p>&nbsp;<\/p>\n","protected":false},"excerpt":{"rendered":"<p>S\u0105decka Agencja Rozwoju Regionalnego S.A. informuje, \u017ce od dnia 1 kwietnia 2013 r. na terenie powiatu sanockiego rozpoczyna realizacj\u0119 projektu pn. &#8222;Zagro\u017ceni wykluczeniem spo\u0142ecznym \u2013 aktywni zawodowo&#8221; wsp\u00f3\u0142finansowanego z Europejskiego Funduszu Spo\u0142ecznego w ramach Programu Operacyjnego Kapita\u0142 Ludzki &#8211; Dzia\u0142anie 7.2 Przeciwdzia\u0142anie wykluczeniu i wzmocnienie sektora ekonomii spo\u0142ecznej, Poddzia\u0142anie 7.2.1 Aktywizacja zawodowa i spo\u0142eczna os\u00f3b [&hellip;]<\/p>\n","protected":false},"author":1,"featured_media":0,"parent":29,"menu_order":2,"comment_status":"closed","ping_status":"open","template":"","meta":[],"_links":{"self":[{"href":"https:\/\/sarr.com.pl\/index.php?rest_route=\/wp\/v2\/pages\/168"}],"collection":[{"href":"https:\/\/sarr.com.pl\/index.php?rest_route=\/wp\/v2\/pages"}],"about":[{"href":"https:\/\/sarr.com.pl\/index.php?rest_route=\/wp\/v2\/types\/page"}],"author":[{"embeddable":true,"href":"https:\/\/sarr.com.pl\/index.php?rest_route=\/wp\/v2\/users\/1"}],"replies":[{"embeddable":true,"href":"https:\/\/sarr.com.pl\/index.php?rest_route=%2Fwp%2Fv2%2Fcomments&post=168"}],"version-history":[{"count":55,"href":"https:\/\/sarr.com.pl\/index.php?rest_route=\/wp\/v2\/pages\/168\/revisions"}],"predecessor-version":[{"id":783,"href":"https:\/\/sarr.com.pl\/index.php?rest_route=\/wp\/v2\/pages\/168\/revisions\/783"}],"up":[{"embeddable":true,"href":"https:\/\/sarr.com.pl\/index.php?rest_route=\/wp\/v2\/pages\/29"}],"wp:attachment":[{"href":"https:\/\/sarr.com.pl\/index.php?rest_route=%2Fwp%2Fv2%2Fmedia&parent=168"}],"curies":[{"name":"wp","href":"https:\/\/api.w.org\/{rel}","templated":true}]}}