{"id":1747,"date":"2020-03-18T20:26:09","date_gmt":"2020-03-18T18:26:09","guid":{"rendered":"https:\/\/sarr.com.pl\/?page_id=1747"},"modified":"2020-03-18T20:26:09","modified_gmt":"2020-03-18T18:26:09","slug":"ksiazka-pt-geneza-i-plany-zamku-sadeckiego","status":"publish","type":"page","link":"https:\/\/sarr.com.pl\/?page_id=1747","title":{"rendered":"Ksi\u0105\u017cka pt. &#8222;GENEZA I PLANY ZAMKU S\u0104DECKIEGO"},"content":{"rendered":"\n<p><strong>S\u0105decka Agencja Rozwoju Regionalnego S.A. wyda\u0142a ksi\u0105\u017ck\u0119 pt. &#8222;GENEZA I PLANY ZAMKU S\u0104DECKIEGO&#8221; zawieraj\u0105c\u0105 wiadomo\u015bci na temat pocz\u0105tk\u00f3w zamku oraz wszystkie dost\u0119pne plany i schematy zamku wraz z ich szczeg\u00f3\u0142owymi opisami.\u00a0<\/strong><br \/><\/p>\n\n\n\n<p>Ksi\u0105\u017ck\u0119 t\u0105 mo\u017cna naby\u0107 w ksi\u0119garni Alfabet w Nowym S\u0105czu przy<br \/>ul. Jagiello\u0144skiej 5 w godzinach 9.00-17.00<\/p>\n\n\n\n<figure class=\"wp-block-image size-large\"><img loading=\"lazy\" width=\"745\" height=\"1024\" src=\"https:\/\/sarr.com.pl\/wp-content\/uploads\/2020\/03\/okladka-1-745x1024.jpg\" alt=\"\" class=\"wp-image-1748\" srcset=\"https:\/\/sarr.com.pl\/wp-content\/uploads\/2020\/03\/okladka-1-745x1024.jpg 745w, https:\/\/sarr.com.pl\/wp-content\/uploads\/2020\/03\/okladka-1-218x300.jpg 218w, https:\/\/sarr.com.pl\/wp-content\/uploads\/2020\/03\/okladka-1-768x1055.jpg 768w, https:\/\/sarr.com.pl\/wp-content\/uploads\/2020\/03\/okladka-1-1118x1536.jpg 1118w, https:\/\/sarr.com.pl\/wp-content\/uploads\/2020\/03\/okladka-1-1490x2048.jpg 1490w, https:\/\/sarr.com.pl\/wp-content\/uploads\/2020\/03\/okladka-1-scaled.jpg 1863w\" sizes=\"(max-width: 745px) 100vw, 745px\" \/><\/figure>\n","protected":false},"excerpt":{"rendered":"<p>S\u0105decka Agencja Rozwoju Regionalnego S.A. wyda\u0142a ksi\u0105\u017ck\u0119 pt. &#8222;GENEZA I PLANY ZAMKU S\u0104DECKIEGO&#8221; zawieraj\u0105c\u0105 wiadomo\u015bci na temat pocz\u0105tk\u00f3w zamku oraz wszystkie dost\u0119pne plany i schematy zamku wraz z ich szczeg\u00f3\u0142owymi opisami.\u00a0 Ksi\u0105\u017ck\u0119 t\u0105 mo\u017cna naby\u0107 w ksi\u0119garni Alfabet w Nowym S\u0105czu przyul. Jagiello\u0144skiej 5 w godzinach 9.00-17.00<\/p>\n","protected":false},"author":8,"featured_media":0,"parent":0,"menu_order":0,"comment_status":"closed","ping_status":"closed","template":"","meta":[],"_links":{"self":[{"href":"https:\/\/sarr.com.pl\/index.php?rest_route=\/wp\/v2\/pages\/1747"}],"collection":[{"href":"https:\/\/sarr.com.pl\/index.php?rest_route=\/wp\/v2\/pages"}],"about":[{"href":"https:\/\/sarr.com.pl\/index.php?rest_route=\/wp\/v2\/types\/page"}],"author":[{"embeddable":true,"href":"https:\/\/sarr.com.pl\/index.php?rest_route=\/wp\/v2\/users\/8"}],"replies":[{"embeddable":true,"href":"https:\/\/sarr.com.pl\/index.php?rest_route=%2Fwp%2Fv2%2Fcomments&post=1747"}],"version-history":[{"count":1,"href":"https:\/\/sarr.com.pl\/index.php?rest_route=\/wp\/v2\/pages\/1747\/revisions"}],"predecessor-version":[{"id":1749,"href":"https:\/\/sarr.com.pl\/index.php?rest_route=\/wp\/v2\/pages\/1747\/revisions\/1749"}],"wp:attachment":[{"href":"https:\/\/sarr.com.pl\/index.php?rest_route=%2Fwp%2Fv2%2Fmedia&parent=1747"}],"curies":[{"name":"wp","href":"https:\/\/api.w.org\/{rel}","templated":true}]}}