{"id":1793,"date":"2020-07-01T17:38:39","date_gmt":"2020-07-01T15:38:39","guid":{"rendered":"https:\/\/sarr.com.pl\/?page_id=1793"},"modified":"2022-06-01T09:32:45","modified_gmt":"2022-06-01T07:32:45","slug":"kontakt-z-akcjonariuszami","status":"publish","type":"page","link":"https:\/\/sarr.com.pl\/?page_id=1793","title":{"rendered":"Dla Akcjonariuszy"},"content":{"rendered":"\n<div class=\"wp-block-file\"><a href=\"https:\/\/sarr.com.pl\/wp-content\/uploads\/2022\/01\/Akt-notarialny-25.01.2022r.-1.pdf\">Akt notarialny, repertorium &#8222;A&#8221; nr: 525\/2022<\/a><a href=\"https:\/\/sarr.com.pl\/wp-content\/uploads\/2022\/01\/Akt-notarialny-25.01.2022r.-1.pdf\" class=\"wp-block-file__button\" download>Pobierz<\/a><\/div>\n\n\n\n<h5><strong>ZWYCZAJNE WALNE ZGROMADZENIE AKCONARIUSZY W DNIU 21.06.2022R.<\/strong><\/h5>\n\n\n\n<div class=\"wp-block-file\"><a href=\"https:\/\/sarr.com.pl\/wp-content\/uploads\/2022\/06\/Zwolanie-ZWZ.pdf\">Zwo\u0142anie  ZWZ<\/a><a href=\"https:\/\/sarr.com.pl\/wp-content\/uploads\/2022\/06\/Zwolanie-ZWZ.pdf\" class=\"wp-block-file__button\" download>Pobierz<\/a><\/div>\n\n\n\n<div class=\"wp-block-file\"><a href=\"https:\/\/sarr.com.pl\/wp-content\/uploads\/2022\/06\/Sprwawozdanie-niezaleznego-bieglego-rewidenta-z-badania-rocznego-sprwaozdania-finasowego-wraz-ze-Sprawozdaniem-z-dzialalnosci-spolki-za-rok-2021.pdf\">Sprawozdanie niezale\u017cnego bieg\u0142ego rewidenta z badania rocznego sprawozdania finansowego wraz ze Sprawozdaniem z dzia\u0142alno\u015bci sp\u00f3\u0142ki za rok 2021<\/a><a href=\"https:\/\/sarr.com.pl\/wp-content\/uploads\/2022\/06\/Sprwawozdanie-niezaleznego-bieglego-rewidenta-z-badania-rocznego-sprwaozdania-finasowego-wraz-ze-Sprawozdaniem-z-dzialalnosci-spolki-za-rok-2021.pdf\" class=\"wp-block-file__button\" download>Pobierz<\/a><\/div>\n\n\n\n<div class=\"wp-block-file\"><a href=\"https:\/\/sarr.com.pl\/wp-content\/uploads\/2022\/06\/Uchwala-Zarzadu-w-sprawie-przyjecia-Sprawozdania-finansowego-za-rok-2021-1.pdf\">Uchwala Zarz\u0105du w sprawie przyj\u0119cia Sprawozdania finansowego za rok 2021 <\/a><a href=\"https:\/\/sarr.com.pl\/wp-content\/uploads\/2022\/06\/Uchwala-Zarzadu-w-sprawie-przyjecia-Sprawozdania-finansowego-za-rok-2021-1.pdf\" class=\"wp-block-file__button\" download>Pobierz<\/a><\/div>\n\n\n\n<div class=\"wp-block-file\"><a href=\"https:\/\/sarr.com.pl\/wp-content\/uploads\/2022\/06\/Uchwala-Zarzadu-w-sprawie-przyjecia-Sprawozdania-Zarzadu-z-dzailalnosci-spolki-za-rok-2021.pdf\">Uchwala Zarz\u0105du w sprawie przyj\u0119cia Sprawozdania Zarz\u0105du z dzia\u0142alno\u015bci sp\u00f3\u0142ki za rok 2021<\/a><a href=\"https:\/\/sarr.com.pl\/wp-content\/uploads\/2022\/06\/Uchwala-Zarzadu-w-sprawie-przyjecia-Sprawozdania-Zarzadu-z-dzailalnosci-spolki-za-rok-2021.pdf\" class=\"wp-block-file__button\" download>Pobierz<\/a><\/div>\n\n\n\n<div class=\"wp-block-file\"><a href=\"https:\/\/sarr.com.pl\/wp-content\/uploads\/2022\/06\/Uchwala-Zarzadu-w-sprawie-wniosku-Zarzadu-o-podziale-zysku-z-dzialalnosci-Spolki-za-rok-2021.pdf\">Uchwala Zarz\u0105du w sprawie wniosku Zarz\u0105du o-podziale zysku z dzia\u0142alno\u015bci Spolki-za-rok-2021<\/a><a href=\"https:\/\/sarr.com.pl\/wp-content\/uploads\/2022\/06\/Uchwala-Zarzadu-w-sprawie-wniosku-Zarzadu-o-podziale-zysku-z-dzialalnosci-Spolki-za-rok-2021.pdf\" class=\"wp-block-file__button\" download>Pobierz<\/a><\/div>\n\n\n\n<div class=\"wp-block-file\"><a href=\"https:\/\/sarr.com.pl\/wp-content\/uploads\/2022\/06\/Wyciag-z-Rejestru-akcjonariuszy-spolki.pdf\">Wyci\u0105g z Rejestru akcjonariuszy sp\u00f3\u0142ki<\/a><a href=\"https:\/\/sarr.com.pl\/wp-content\/uploads\/2022\/06\/Wyciag-z-Rejestru-akcjonariuszy-spolki.pdf\" class=\"wp-block-file__button\" download>Pobierz<\/a><\/div>\n\n\n\n<div class=\"wp-block-file\"><a href=\"https:\/\/sarr.com.pl\/wp-content\/uploads\/2022\/06\/Uchwala-Rady-Nadzorczej-w-sprawie-przyjecia-rocznego-sprwawozdania-finansowego-za-rok-2021.pdf\">Uchwala Rady Nadzorczej w sprawie przyj\u0119cia rocznego sprawozdania finansowego za rok 2021<\/a><a href=\"https:\/\/sarr.com.pl\/wp-content\/uploads\/2022\/06\/Uchwala-Rady-Nadzorczej-w-sprawie-przyjecia-rocznego-sprwawozdania-finansowego-za-rok-2021.pdf\" class=\"wp-block-file__button\" download>Pobierz<\/a><\/div>\n\n\n\n<div class=\"wp-block-file\"><a href=\"https:\/\/sarr.com.pl\/wp-content\/uploads\/2022\/06\/Uchwala-Rady-Nadzorczej-w-sprawie-pzryjecia-Sprawozdania-Zarzadu-z-dzialalniosci-spolki-za-rok-2021.pdf\">Uchwala Rady Nadzorczej w sprawie przyj\u0119cia Sprawozdania Zarz\u0105du z dzia\u0142alno\u015bci sp\u00f3\u0142ki za rok 2021<\/a><a href=\"https:\/\/sarr.com.pl\/wp-content\/uploads\/2022\/06\/Uchwala-Rady-Nadzorczej-w-sprawie-pzryjecia-Sprawozdania-Zarzadu-z-dzialalniosci-spolki-za-rok-2021.pdf\" class=\"wp-block-file__button\" download>Pobierz<\/a><\/div>\n\n\n\n<div class=\"wp-block-file\"><a href=\"https:\/\/sarr.com.pl\/wp-content\/uploads\/2022\/06\/Uchwala-Rady-Nadzorczej-w-sprawie-przyjecia-Sprawozdania-Rady-Nadzorczej-z-oceny-sprawozdania-finansowego-i-sprawozdania-Zarzadu-za-rok-2021.pdf\">Uchwala Rady Nadzorczej w sprawie przyj\u0119cia Sprawozdania Rady Nadzorczej z oceny sprawozdania finansowego i sprawozdania Zarz\u0105du za rok 2021<\/a><a href=\"https:\/\/sarr.com.pl\/wp-content\/uploads\/2022\/06\/Uchwala-Rady-Nadzorczej-w-sprawie-przyjecia-Sprawozdania-Rady-Nadzorczej-z-oceny-sprawozdania-finansowego-i-sprawozdania-Zarzadu-za-rok-2021.pdf\" class=\"wp-block-file__button\" download>Pobierz<\/a><\/div>\n\n\n\n<div class=\"wp-block-file\"><a href=\"https:\/\/sarr.com.pl\/wp-content\/uploads\/2022\/06\/Uchwala-Rady-Nadzorczej-w-sprawie-oceny-wniosku-Zarzadu-dot.-podzailu-zysku-z-dzialalnosci-spolki-za-2021-oraz-pokryciu-straty-z-lat-ubieglych.pdf\">Uchwala Rady Nadzorczej w sprawie oceny wniosku Zarz\u0105du dot. podzia\u0142u zysku z dzia\u0142alno\u015bci sp\u00f3\u0142ki za 2021-oraz pokryciu straty z lat ubieg\u0142ych<\/a><a href=\"https:\/\/sarr.com.pl\/wp-content\/uploads\/2022\/06\/Uchwala-Rady-Nadzorczej-w-sprawie-oceny-wniosku-Zarzadu-dot.-podzailu-zysku-z-dzialalnosci-spolki-za-2021-oraz-pokryciu-straty-z-lat-ubieglych.pdf\" class=\"wp-block-file__button\" download>Pobierz<\/a><\/div>\n\n\n\n<div class=\"wp-block-file\"><a href=\"https:\/\/sarr.com.pl\/wp-content\/uploads\/2022\/06\/Uchwala-Rady-Nadzorczej-w-sprawie-udzielenia-absolutorium-Prezesowi-Zarzadu-za-wykonanie-obowiazkow-za-rok-2021.pdf\">Uchwala Rady Nadzorczej w sprawie udzielenia absolutorium Prezesowi Zarz\u0105du za wykonanie obowi\u0105zk\u00f3w za rok 2021<\/a><a href=\"https:\/\/sarr.com.pl\/wp-content\/uploads\/2022\/06\/Uchwala-Rady-Nadzorczej-w-sprawie-udzielenia-absolutorium-Prezesowi-Zarzadu-za-wykonanie-obowiazkow-za-rok-2021.pdf\" class=\"wp-block-file__button\" download>Pobierz<\/a><\/div>\n\n\n\n<div class=\"wp-block-file\"><a href=\"https:\/\/sarr.com.pl\/wp-content\/uploads\/2022\/06\/Uchwala-Rady-Nadzorczej-w-sprawie-przyjecia-Sprawozdania-z-dzialalnosci-Rady-Nadzorczej-za-rok-2021.pdf\">Uchwala Rady Nadzorczej w sprawie przyj\u0119cia Sprawozdania z dzia\u0142alno\u015bci Rady Nadzorczej za rok 2021<\/a><a href=\"https:\/\/sarr.com.pl\/wp-content\/uploads\/2022\/06\/Uchwala-Rady-Nadzorczej-w-sprawie-przyjecia-Sprawozdania-z-dzialalnosci-Rady-Nadzorczej-za-rok-2021.pdf\" class=\"wp-block-file__button\" download>Pobierz<\/a><\/div>\n\n\n\n<div class=\"wp-block-file\"><a href=\"https:\/\/sarr.com.pl\/wp-content\/uploads\/2022\/06\/Sprawozdanie-Rady-Nadzorczej-z-wynikow-oceny-sprawozdania-finansowego-i-sprawozdania-dzailalnosci-Zarzadu-z-dzailalnosci-za-rok-2021.pdf\">Sprawozdanie Rady Nadzorczej z wynik\u00f3w oceny sprawozdania finansowego i sprawozdania dzia\u0142alno\u015bci Zarz\u0105du z dzailalnosci-za-rok-2021<\/a><a href=\"https:\/\/sarr.com.pl\/wp-content\/uploads\/2022\/06\/Sprawozdanie-Rady-Nadzorczej-z-wynikow-oceny-sprawozdania-finansowego-i-sprawozdania-dzailalnosci-Zarzadu-z-dzailalnosci-za-rok-2021.pdf\" class=\"wp-block-file__button\" download>Pobierz<\/a><\/div>\n\n\n\n<div class=\"wp-block-file\"><a href=\"https:\/\/sarr.com.pl\/wp-content\/uploads\/2022\/06\/Sprawozdanie-z-dzialalnosci-Rady-Nadzorczej.pdf\">Sprawozdanie z dzia\u0142alno\u015bci Rady Nadzorczej<\/a><a href=\"https:\/\/sarr.com.pl\/wp-content\/uploads\/2022\/06\/Sprawozdanie-z-dzialalnosci-Rady-Nadzorczej.pdf\" class=\"wp-block-file__button\" download>Pobierz<\/a><\/div>\n\n\n\n<p><strong>NADZWYCZAJNE WALNE ZGROMADZENIE AKCONARIUSZY W DNIU 25.01.2022R.<\/strong><\/p>\n\n\n\n<div class=\"wp-block-file\"><a href=\"https:\/\/sarr.com.pl\/wp-content\/uploads\/2022\/01\/1.jpg\"><\/a><a href=\"https:\/\/sarr.com.pl\/wp-content\/uploads\/2021\/06\/zwolanie-ZWZ-30.06.21.pdf\">Zwo\u0142anie NWZ<\/a><a href=\"https:\/\/sarr.com.pl\/wp-content\/uploads\/2022\/01\/1.jpg\" class=\"wp-block-file__button\" download>Pobierz<\/a><\/div>\n\n\n\n<div class=\"wp-block-file\"><a href=\"https:\/\/sarr.com.pl\/wp-content\/uploads\/2022\/01\/2.jpg\">Uchwa\u0142a nr 1\/2022 w sprawie rekomendacji Zarz\u0105du Sp\u00f3\u0142ki dotycz\u0105cej wyboru podmiotu maj\u0105cego prowadzi\u0107 Rejestr Akcjonariuszy SARR S.A.<\/a><a href=\"https:\/\/sarr.com.pl\/wp-content\/uploads\/2022\/01\/2.jpg\" class=\"wp-block-file__button\" download>Pobierz<\/a><\/div>\n\n\n\n<div class=\"wp-block-file\"><a href=\"https:\/\/sarr.com.pl\/wp-content\/uploads\/2022\/01\/BDM.pdf\"> Oferta &#8211; Dom Maklerski BDM S.A.<\/a><a href=\"https:\/\/sarr.com.pl\/wp-content\/uploads\/2022\/01\/BDM.pdf\" class=\"wp-block-file__button\" download>Pobierz<\/a><\/div>\n\n\n\n<div class=\"wp-block-file\"><a href=\"https:\/\/sarr.com.pl\/wp-content\/uploads\/2022\/01\/NWAI.pdf\">Oferta &#8211; NWAI Dom Maklerski SA<\/a><a href=\"https:\/\/sarr.com.pl\/wp-content\/uploads\/2022\/01\/NWAI.pdf\" class=\"wp-block-file__button\" download>Pobierz<\/a><\/div>\n\n\n\n<div class=\"wp-block-file\"><a href=\"https:\/\/sarr.com.pl\/wp-content\/uploads\/2022\/01\/TRIGON.pdf\">Oferta &#8211; Trigon Dom Maklerski S.A.<\/a><a href=\"https:\/\/sarr.com.pl\/wp-content\/uploads\/2022\/01\/TRIGON.pdf\" class=\"wp-block-file__button\" download>Pobierz<\/a><\/div>\n\n\n\n<p><strong>PROTOK\u00d3\u0141 ZWYCZAJNEGO WALNEGO ZGROMADZENIA AKCJONARIUSZY Z DNIA 30.06.2021r.<\/strong><\/p>\n\n\n\n<div class=\"wp-block-file\"><a href=\"https:\/\/sarr.com.pl\/wp-content\/uploads\/2021\/07\/aktnotarialny.pdf\">Akt notarialny, repertorium &#8222;A&#8221; nr: 6712\/2021<\/a><a href=\"https:\/\/sarr.com.pl\/wp-content\/uploads\/2021\/07\/aktnotarialny.pdf\" class=\"wp-block-file__button\" download>Pobierz<\/a><\/div>\n\n\n\n<p><strong> ZWYCZAJNE WALNE ZGROMADZENIE AKCONARIUSZY W DNIU 30.06.2021R.<\/strong><\/p>\n\n\n\n<div class=\"wp-block-file\"><a href=\"https:\/\/sarr.com.pl\/wp-content\/uploads\/2021\/06\/zwolanie-ZWZ-30.06.21.pdf\">Zwo\u0142anie ZWZ <\/a><a href=\"https:\/\/sarr.com.pl\/wp-content\/uploads\/2021\/06\/zwolanie-ZWZ-30.06.21.pdf\" class=\"wp-block-file__button\" download>Pobierz<\/a><\/div>\n\n\n\n<div class=\"wp-block-file\"><a href=\"https:\/\/sarr.com.pl\/wp-content\/uploads\/2021\/06\/uchwala-Z-spraw.finans.2020.pdf\">Uchwa\u0142a zarz\u0105du o przyj\u0119ciu sprawozdania finansowego za rok 2020 wraz ze sprawozdaniem<\/a><a href=\"https:\/\/sarr.com.pl\/wp-content\/uploads\/2021\/06\/uchwala-Z-spraw.finans.2020.pdf\" class=\"wp-block-file__button\" download>Pobierz<\/a><\/div>\n\n\n\n<div class=\"wp-block-file\"><a href=\"https:\/\/sarr.com.pl\/wp-content\/uploads\/2021\/06\/Spr.bieglego.pdf\">Sprawozdanie bieg\u0142ego rewidenta z badania sprawozdania finansowego za rok 2020<\/a><a href=\"https:\/\/sarr.com.pl\/wp-content\/uploads\/2021\/06\/Spr.bieglego.pdf\" class=\"wp-block-file__button\" download>Pobierz<\/a><\/div>\n\n\n\n<div class=\"wp-block-file\"><a href=\"https:\/\/sarr.com.pl\/wp-content\/uploads\/2021\/06\/Uchw.RN-bilans-2020.pdf\">Uchwa\u0142a Rady Nadzorczej o przyj\u0119ciu sprawozdania finansowego za rok 2020<\/a><a href=\"https:\/\/sarr.com.pl\/wp-content\/uploads\/2021\/06\/Uchw.RN-bilans-2020.pdf\" class=\"wp-block-file__button\" download>Pobierz<\/a><\/div>\n\n\n\n<div class=\"wp-block-file\"><a href=\"https:\/\/sarr.com.pl\/wp-content\/uploads\/2021\/06\/Uchw.Z-sprawozdanie-z-dzial.-SARR-2020.pdf\">Uchwa\u0142a Zarz\u0105du o przyj\u0119ciu sprawozdania z dzia\u0142alno\u015bci sp\u00f3\u0142ki za rok 2020 wraz ze sprawozdaniem<\/a><a href=\"https:\/\/sarr.com.pl\/wp-content\/uploads\/2021\/06\/Uchw.Z-sprawozdanie-z-dzial.-SARR-2020.pdf\" class=\"wp-block-file__button\" download>Pobierz<\/a><\/div>\n\n\n\n<div class=\"wp-block-file\"><a href=\"https:\/\/sarr.com.pl\/wp-content\/uploads\/2021\/06\/Uchw.RN-Spraw.-Zarz.-2020.pdf\">Uchwa\u0142a Rady Nadzorczej o zatwierdzeniu sprawozdania Zarz\u0105du z dzia\u0142alno\u015bci sp\u00f3\u0142ki za rok 2020<\/a><a href=\"https:\/\/sarr.com.pl\/wp-content\/uploads\/2021\/06\/Uchw.RN-Spraw.-Zarz.-2020.pdf\" class=\"wp-block-file__button\" download>Pobierz<\/a><\/div>\n\n\n\n<div class=\"wp-block-file\"><a href=\"https:\/\/sarr.com.pl\/wp-content\/uploads\/2021\/06\/uchwala-Z-podz.zysku-2020-1.pdf\">Uchwa\u0142a Zarz\u0105du z wnioskiem o podziale zysku za rok 2020<\/a><a href=\"https:\/\/sarr.com.pl\/wp-content\/uploads\/2021\/06\/uchwala-Z-podz.zysku-2020-1.pdf\" class=\"wp-block-file__button\" download>Pobierz<\/a><\/div>\n\n\n\n<div class=\"wp-block-file\"><a href=\"https:\/\/sarr.com.pl\/wp-content\/uploads\/2021\/06\/Uchw.RN-podz.zysku-2020.pdf\">Uchwa\u0142a Rady Nadzorczej dot. wniosku Zarz\u0105du o podziale zysku za rok 2020<\/a><a href=\"https:\/\/sarr.com.pl\/wp-content\/uploads\/2021\/06\/Uchw.RN-podz.zysku-2020.pdf\" class=\"wp-block-file__button\" download>Pobierz<\/a><\/div>\n\n\n\n<div class=\"wp-block-file\"><a href=\"https:\/\/sarr.com.pl\/wp-content\/uploads\/2021\/06\/Uchw.RN-absolut.J.Suwala-2020.pdf\">Uchwa\u0142a Rady Nadzorczej dot. udzielenia absolutorium Prezesowi Jaros\u0142awowi Suwale za rok 2020<\/a><a href=\"https:\/\/sarr.com.pl\/wp-content\/uploads\/2021\/06\/Uchw.RN-absolut.J.Suwala-2020.pdf\" class=\"wp-block-file__button\" download>Pobierz<\/a><\/div>\n\n\n\n<div class=\"wp-block-file\"><a href=\"https:\/\/sarr.com.pl\/wp-content\/uploads\/2021\/06\/Spr.-RN-z-oceny-spraw.-2020-1.pdf\">Sprawozdanie Rady Nadzorczej z oceny sprawozda\u0144 za rok 2020<\/a><a href=\"https:\/\/sarr.com.pl\/wp-content\/uploads\/2021\/06\/Spr.-RN-z-oceny-spraw.-2020-1.pdf\" class=\"wp-block-file__button\" download>Pobierz<\/a><\/div>\n\n\n\n<div class=\"wp-block-file\"><a href=\"https:\/\/sarr.com.pl\/wp-content\/uploads\/2021\/06\/Spr.-z-dzial.-RN-2020.pdf\">Sprawozdanie z dzia\u0142alno\u015bci Rady Nadzorczej za rok 2020<\/a><a href=\"https:\/\/sarr.com.pl\/wp-content\/uploads\/2021\/06\/Spr.-z-dzial.-RN-2020.pdf\" class=\"wp-block-file__button\" download>Pobierz<\/a><\/div>\n\n\n\n\n\n<p><strong>PI\u0104TE WEZWANIE DO Z\u0141O\u017bENIA DOKUMENT\u00d3W AKCJI<\/strong><\/p>\n\n\n\n<figure class=\"wp-block-image size-large\"><a href=\"https:\/\/sarr.com.pl\/wp-content\/uploads\/2020\/12\/V-wezwanie-page-001.jpg\"><img loading=\"lazy\" width=\"724\" height=\"1024\" src=\"https:\/\/sarr.com.pl\/wp-content\/uploads\/2020\/12\/V-wezwanie-page-001-724x1024.jpg\" alt=\"\" class=\"wp-image-2120\" srcset=\"https:\/\/sarr.com.pl\/wp-content\/uploads\/2020\/12\/V-wezwanie-page-001-724x1024.jpg 724w, https:\/\/sarr.com.pl\/wp-content\/uploads\/2020\/12\/V-wezwanie-page-001-212x300.jpg 212w, https:\/\/sarr.com.pl\/wp-content\/uploads\/2020\/12\/V-wezwanie-page-001-768x1086.jpg 768w, https:\/\/sarr.com.pl\/wp-content\/uploads\/2020\/12\/V-wezwanie-page-001-1086x1536.jpg 1086w, https:\/\/sarr.com.pl\/wp-content\/uploads\/2020\/12\/V-wezwanie-page-001.jpg 1240w\" sizes=\"(max-width: 724px) 100vw, 724px\" \/><\/a><\/figure>\n\n\n\n<p><strong>CZWARTE WEZWANIE DO Z\u0141O\u017bENIA DOKUMENT\u00d3W AKCJI<\/strong>  <\/p>\n\n\n\n<figure class=\"wp-block-image size-large\"><img loading=\"lazy\" width=\"717\" height=\"1024\" src=\"https:\/\/sarr.com.pl\/wp-content\/uploads\/2020\/12\/czwarte.jpg\" alt=\"\" class=\"wp-image-2104\" srcset=\"https:\/\/sarr.com.pl\/wp-content\/uploads\/2020\/12\/czwarte.jpg 717w, https:\/\/sarr.com.pl\/wp-content\/uploads\/2020\/12\/czwarte-210x300.jpg 210w\" sizes=\"(max-width: 717px) 100vw, 717px\" \/><\/figure>\n\n\n\n<p> <strong>TRZECIE WEZWANIE DO Z\u0141O\u017bENIA DOKUMENT\u00d3W AKCJI<\/strong> <\/p>\n\n\n\n<figure class=\"wp-block-image size-large\"><img loading=\"lazy\" width=\"712\" height=\"1024\" src=\"https:\/\/sarr.com.pl\/wp-content\/uploads\/2020\/11\/III_wezwanie-712x1024.jpg\" alt=\"\" class=\"wp-image-2051\" srcset=\"https:\/\/sarr.com.pl\/wp-content\/uploads\/2020\/11\/III_wezwanie-712x1024.jpg 712w, https:\/\/sarr.com.pl\/wp-content\/uploads\/2020\/11\/III_wezwanie-209x300.jpg 209w, https:\/\/sarr.com.pl\/wp-content\/uploads\/2020\/11\/III_wezwanie-768x1104.jpg 768w, https:\/\/sarr.com.pl\/wp-content\/uploads\/2020\/11\/III_wezwanie.jpg 800w\" sizes=\"(max-width: 712px) 100vw, 712px\" \/><\/figure>\n\n\n\n<p> <strong>DRUGIE WEZWANIE DO Z\u0141O\u017bENIA DOKUMENT\u00d3W AKCJI<\/strong>  <\/p>\n\n\n\n<figure class=\"wp-block-image size-large\"><img loading=\"lazy\" width=\"721\" height=\"1024\" src=\"https:\/\/sarr.com.pl\/wp-content\/uploads\/2020\/10\/drugie-wezwanie_akcjonariusze.png\" alt=\"\" class=\"wp-image-2030\" srcset=\"https:\/\/sarr.com.pl\/wp-content\/uploads\/2020\/10\/drugie-wezwanie_akcjonariusze.png 721w, https:\/\/sarr.com.pl\/wp-content\/uploads\/2020\/10\/drugie-wezwanie_akcjonariusze-211x300.png 211w\" sizes=\"(max-width: 721px) 100vw, 721px\" \/><\/figure>\n\n\n\n<p><strong>PIERWSZE WEZWANIE DO Z\u0141O\u017bENIA DOKUMENT\u00d3W AKCJI<\/strong> <\/p>\n\n\n\n<figure class=\"wp-block-image size-large\"><img src=\"https:\/\/sarr.com.pl\/wp-content\/uploads\/2020\/09\/I-Wezwanie-akcjonariuszy-pdf-724x1024.jpg\" alt=\"\" class=\"wp-image-1957\"\/><\/figure>\n\n\n\n<p><\/p>\n\n\n\n<p><\/p>\n\n\n\n<p><strong>NADZWYCZAJNE WALNE ZGROMADZENIE AKCJONARIUSZY SARR S.A. W DNIU 21.09.2020 GODZ. 10.00<\/strong> ( UL. JAGIELO\u0143SKA 14 II PI\u0118TRO )<\/p>\n\n\n\n<p>W dniu 15.09.2020 Copernicus Securities S.A. z siedzib\u0105 w Warszawie przes\u0142a\u0142o ofert\u0119 specjaln\u0105 ( aktualizacja )  w zakresie prowadzenia Rejestru Akcjonariuszy :<\/p>\n\n\n\n<div class=\"wp-block-file\"><a href=\"https:\/\/sarr.com.pl\/wp-content\/uploads\/2020\/09\/aktualizacja-oferty-COPERNICUS.pdf\">aktualizacja oferty &#8211; COPERNICUS<\/a><a href=\"https:\/\/sarr.com.pl\/wp-content\/uploads\/2020\/09\/aktualizacja-oferty-COPERNICUS.pdf\" class=\"wp-block-file__button\" download>Pobierz<\/a><\/div>\n\n\n\n<p><\/p>\n\n\n\n<figure class=\"wp-block-image size-large\"><img src=\"https:\/\/sarr.com.pl\/wp-content\/uploads\/2020\/09\/Uchwa\u0142a-Nr-7-pdf-724x1024.jpg\" alt=\"\" class=\"wp-image-1954\"\/><\/figure>\n\n\n\n<p><\/p>\n\n\n\n<figure class=\"wp-block-image size-large\"><img src=\"https:\/\/sarr.com.pl\/wp-content\/uploads\/2020\/09\/pismo-zwo\u0142anie-NWZA-pdf-724x1024.jpg\" alt=\"\" class=\"wp-image-1912\"\/><\/figure>\n\n\n\n<div class=\"wp-block-group\"><div class=\"wp-block-group__inner-container\">\n<h4>Pliki do pobrania :<\/h4>\n\n\n\n<div class=\"wp-block-file\"><a href=\"https:\/\/sarr.com.pl\/wp-content\/uploads\/2020\/09\/Projekty-uchwa\u0142-1.docx\">Projekty uchwa\u0142<\/a><a href=\"https:\/\/sarr.com.pl\/wp-content\/uploads\/2020\/09\/Projekty-uchwa\u0142-1.docx\" class=\"wp-block-file__button\" download>Pobierz<\/a><\/div>\n<\/div><\/div>\n\n\n\n<div class=\"wp-block-file\"><a href=\"https:\/\/sarr.com.pl\/wp-content\/uploads\/2020\/09\/oferta-NWAI-1.pdf\">oferta NWAI<\/a><a href=\"https:\/\/sarr.com.pl\/wp-content\/uploads\/2020\/09\/oferta-NWAI-1.pdf\" class=\"wp-block-file__button\" download>Pobierz<\/a><\/div>\n\n\n\n<div class=\"wp-block-file\"><a href=\"https:\/\/sarr.com.pl\/wp-content\/uploads\/2020\/09\/oferta-COPERNICUS-1.pdf\">oferta COPERNICUS<\/a><a href=\"https:\/\/sarr.com.pl\/wp-content\/uploads\/2020\/09\/oferta-COPERNICUS-1.pdf\" class=\"wp-block-file__button\" download>Pobierz<\/a><\/div>\n\n\n\n<div class=\"wp-block-file\"><a href=\"https:\/\/sarr.com.pl\/wp-content\/uploads\/2020\/09\/oferta-BDM-1.pdf\">oferta BDM<\/a><a href=\"https:\/\/sarr.com.pl\/wp-content\/uploads\/2020\/09\/oferta-BDM-1.pdf\" class=\"wp-block-file__button\" download>Pobierz<\/a><\/div>\n\n\n\n<div class=\"wp-block-file\"><a href=\"https:\/\/sarr.com.pl\/wp-content\/uploads\/2020\/09\/ofera-SECURITIES-2.pdf\">ofera SECURITIES<\/a><a href=\"https:\/\/sarr.com.pl\/wp-content\/uploads\/2020\/09\/ofera-SECURITIES-2.pdf\" class=\"wp-block-file__button\" download>Pobierz<\/a><\/div>\n\n\n\n<figure class=\"wp-block-image size-large\"><img src=\"https:\/\/sarr.com.pl\/wp-content\/uploads\/2020\/09\/Uchwa\u0142a-6-pdf-724x1024.jpg\" alt=\"\" class=\"wp-image-1919\"\/><\/figure>\n\n\n\n<p><\/p>\n\n\n\n<p><strong>SPRAWOZDANIE NIEZALE\u017bNEGO BIEG\u0141EGO REWIDENTA<br \/>Z BADANIA SPRAWOZDANIA FINANSOWEGO<\/strong> <\/p>\n\n\n\n<p>za okres od 1 stycznia 2019 roku do 31 grudnia 2019 roku jednostki: <br \/>S\u0105decka Agencja Rozwoju Regionalnego S.A. z siedzib\u0105 w Nowym S\u0105czu (33-300), ul. Jagiello\u0144ska 14 <\/p>\n\n\n\n<div class=\"wp-block-file\"><a href=\"https:\/\/sarr.com.pl\/wp-content\/uploads\/2020\/07\/sprawozdanie_bsf2019.pdf\">Sprawozdanie <\/a><a href=\"https:\/\/sarr.com.pl\/wp-content\/uploads\/2020\/07\/sprawozdanie_bsf2019.pdf\" class=\"wp-block-file__button\" download>Pobierz<\/a><\/div>\n\n\n\n<hr class=\"wp-block-separator\"\/>\n\n\n\n<p><strong>PROTOK\u00d3\u0141 ZWYK\u0141EGO WALNEGO ZGROMADZENIA AKCJONARIUSZY<\/strong><\/p>\n\n\n\n<div class=\"wp-block-file\"><a href=\"https:\/\/sarr.com.pl\/wp-content\/uploads\/2020\/07\/protokol_zwz.pdf\">Protok\u00f3\u0142 ZWZA<\/a><a href=\"https:\/\/sarr.com.pl\/wp-content\/uploads\/2020\/07\/protokol_zwz.pdf\" class=\"wp-block-file__button\" download>Pobierz<\/a><\/div>\n\n\n\n<hr class=\"wp-block-separator\"\/>\n\n\n\n<p><strong>BILANS 2019<\/strong><\/p>\n\n\n\n<div class=\"wp-block-file\"><a href=\"https:\/\/sarr.com.pl\/wp-content\/uploads\/2020\/07\/bilans_2019.pdf\">Bilans 2019<\/a><a href=\"https:\/\/sarr.com.pl\/wp-content\/uploads\/2020\/07\/bilans_2019.pdf\" class=\"wp-block-file__button\" download>Pobierz<\/a><\/div>\n\n\n\n<p><\/p>\n","protected":false},"excerpt":{"rendered":"<p>ZWYCZAJNE WALNE ZGROMADZENIE AKCONARIUSZY W DNIU 21.06.2022R. NADZWYCZAJNE WALNE ZGROMADZENIE AKCONARIUSZY W DNIU 25.01.2022R. PROTOK\u00d3\u0141 ZWYCZAJNEGO WALNEGO ZGROMADZENIA AKCJONARIUSZY Z DNIA 30.06.2021r. ZWYCZAJNE WALNE ZGROMADZENIE AKCONARIUSZY W DNIU 30.06.2021R. PI\u0104TE WEZWANIE DO Z\u0141O\u017bENIA DOKUMENT\u00d3W AKCJI CZWARTE WEZWANIE DO Z\u0141O\u017bENIA DOKUMENT\u00d3W AKCJI TRZECIE WEZWANIE DO Z\u0141O\u017bENIA DOKUMENT\u00d3W AKCJI DRUGIE WEZWANIE DO Z\u0141O\u017bENIA DOKUMENT\u00d3W AKCJI PIERWSZE WEZWANIE [&hellip;]<\/p>\n","protected":false},"author":1,"featured_media":0,"parent":0,"menu_order":0,"comment_status":"closed","ping_status":"closed","template":"","meta":[],"_links":{"self":[{"href":"https:\/\/sarr.com.pl\/index.php?rest_route=\/wp\/v2\/pages\/1793"}],"collection":[{"href":"https:\/\/sarr.com.pl\/index.php?rest_route=\/wp\/v2\/pages"}],"about":[{"href":"https:\/\/sarr.com.pl\/index.php?rest_route=\/wp\/v2\/types\/page"}],"author":[{"embeddable":true,"href":"https:\/\/sarr.com.pl\/index.php?rest_route=\/wp\/v2\/users\/1"}],"replies":[{"embeddable":true,"href":"https:\/\/sarr.com.pl\/index.php?rest_route=%2Fwp%2Fv2%2Fcomments&post=1793"}],"version-history":[{"count":21,"href":"https:\/\/sarr.com.pl\/index.php?rest_route=\/wp\/v2\/pages\/1793\/revisions"}],"predecessor-version":[{"id":2381,"href":"https:\/\/sarr.com.pl\/index.php?rest_route=\/wp\/v2\/pages\/1793\/revisions\/2381"}],"wp:attachment":[{"href":"https:\/\/sarr.com.pl\/index.php?rest_route=%2Fwp%2Fv2%2Fmedia&parent=1793"}],"curies":[{"name":"wp","href":"https:\/\/api.w.org\/{rel}","templated":true}]}}