{"id":191,"date":"2013-05-14T10:35:35","date_gmt":"2013-05-14T08:35:35","guid":{"rendered":"http:\/\/ziemiasadecka.com\/sarr\/?page_id=191"},"modified":"2013-05-14T10:54:58","modified_gmt":"2013-05-14T08:54:58","slug":"informacje-dotyczace-i-edycji","status":"publish","type":"page","link":"https:\/\/sarr.com.pl\/?page_id=191","title":{"rendered":"Informacje dotycz\u0105ce I Edycji"},"content":{"rendered":"<p style=\"text-align: justify;\">S\u0105decka Agencja Rozwoju Regionalnego S.A. informuje, \u017ce od 1 stycznia 2011 r. rozpocz\u0119\u0142a realizacje projektu pn. &#8222;Integracja spo\u0142eczno-zawodowa os\u00f3b d\u0142ugotrwale bezrobotnych w powiecie nowos\u0105deckim&#8221; wsp\u00f3\u0142finansowanego z Europejskiego Funduszu Spo\u0142ecznego w ramach Programu Operacyjnego Kapita\u0142 Ludzki &#8211; Dzia\u0142anie 7.2. Przeciwdzia\u0142anie wykluczeniu i wzmocnienie sektora ekonomii spo\u0142ecznej, Poddzia\u0142anie 7.2.1 Aktywizacja zawodowa i spo\u0142eczna os\u00f3b zagro\u017conych wykluczeniem spo\u0142ecznym<\/p>\n<p>Informacje dotycz\u0105ce\u00a0I Edycji<\/p>\n<p><a href=\"http:\/\/www.sarr.com.pl\/wp-content\/uploads\/2013\/05\/1ed_zrz-ed1-v1.doc\">PRZED\u0141U\u017bENIE REKRUTACJI<\/a><\/p>\n<p><a href=\"http:\/\/www.sarr.com.pl\/wp-content\/uploads\/2013\/05\/1ed_zrz-ed1-v1.doc\">REGULAMIN REKRUTACJI<\/a><\/p>\n<p>&#8211; <a href=\"http:\/\/www.sarr.com.pl\/wp-content\/uploads\/2013\/05\/1ed_Deklaracja_uczestnictwa_w-projekcie_7.2.1.doc\">Deklaracja uczestnictwa w projekcie 7.2.1<\/a><br \/>\n&#8211; <a href=\"http:\/\/www.sarr.com.pl\/wp-content\/uploads\/2013\/05\/1ed_Formularz_zgloszeniowy.doc\">Formularz zg\u0142oszeniowy<\/a><br \/>\n&#8211; <a href=\"http:\/\/www.sarr.com.pl\/wp-content\/uploads\/2013\/05\/1ed_Oswiadczenie_o_akceptacji_Regulaminu_rekrutacji-1.doc\">O\u009cwiadczenie o akceptacji Regulaminu rekrutacji<\/a><br \/>\n&#8211; <a href=\"http:\/\/www.sarr.com.pl\/wp-content\/uploads\/2013\/05\/1ed_Oswiadczenie_o_wyrazeniu_zgody_na_przetwarzanie_danych_osobowych.doc\">O\u009cwiadczenie o wyrazeniu zgody na przetwarzanie danych osobowych<\/a><br \/>\n&#8211; <a href=\"http:\/\/www.sarr.com.pl\/wp-content\/uploads\/2013\/05\/1ed_Oswiadczenie_Beneficjenta_Ostatecznego.doc\">O\u009cwiadczenie Beneficjenta Ostatecznego<\/a><br \/>\n&#8211; <a href=\"http:\/\/www.sarr.com.pl\/wp-content\/uploads\/2013\/05\/1ed_Oswiadczenie_o_miejscu_zamieszkania.doc\">O\u009cwiadczenie o miejscu zamieszkania<\/a><br \/>\n&#8211; <a href=\"http:\/\/www.sarr.com.pl\/wp-content\/uploads\/2013\/05\/1ed_Oswiadczenie_o_posiadanym_wyksztalceniu.doc\">O\u009cwiadczenie o posiadanym wykszta\u0142ceniu<\/a><\/p>\n<p><a href=\"http:\/\/www.sarr.com.pl\/wp-content\/uploads\/2013\/05\/1ed_reg_stazy_zawodowych.doc\">REGULAMIN STA\u017bY ZAWODOWYCH<\/a><\/p>\n<p><a href=\"http:\/\/www.sarr.com.pl\/wp-content\/uploads\/2013\/05\/1ed_wzor_sprawozdania_ze_stazu.doc\">\u00a0<\/a><\/p>\n","protected":false},"excerpt":{"rendered":"<p>S\u0105decka Agencja Rozwoju Regionalnego S.A. informuje, \u017ce od 1 stycznia 2011 r. rozpocz\u0119\u0142a realizacje projektu pn. &#8222;Integracja spo\u0142eczno-zawodowa os\u00f3b d\u0142ugotrwale bezrobotnych w powiecie nowos\u0105deckim&#8221; wsp\u00f3\u0142finansowanego z Europejskiego Funduszu Spo\u0142ecznego w ramach Programu Operacyjnego Kapita\u0142 Ludzki &#8211; Dzia\u0142anie 7.2. Przeciwdzia\u0142anie wykluczeniu i wzmocnienie sektora ekonomii spo\u0142ecznej, Poddzia\u0142anie 7.2.1 Aktywizacja zawodowa i spo\u0142eczna os\u00f3b zagro\u017conych wykluczeniem spo\u0142ecznym [&hellip;]<\/p>\n","protected":false},"author":1,"featured_media":0,"parent":187,"menu_order":1,"comment_status":"closed","ping_status":"open","template":"","meta":[],"_links":{"self":[{"href":"https:\/\/sarr.com.pl\/index.php?rest_route=\/wp\/v2\/pages\/191"}],"collection":[{"href":"https:\/\/sarr.com.pl\/index.php?rest_route=\/wp\/v2\/pages"}],"about":[{"href":"https:\/\/sarr.com.pl\/index.php?rest_route=\/wp\/v2\/types\/page"}],"author":[{"embeddable":true,"href":"https:\/\/sarr.com.pl\/index.php?rest_route=\/wp\/v2\/users\/1"}],"replies":[{"embeddable":true,"href":"https:\/\/sarr.com.pl\/index.php?rest_route=%2Fwp%2Fv2%2Fcomments&post=191"}],"version-history":[{"count":5,"href":"https:\/\/sarr.com.pl\/index.php?rest_route=\/wp\/v2\/pages\/191\/revisions"}],"predecessor-version":[{"id":218,"href":"https:\/\/sarr.com.pl\/index.php?rest_route=\/wp\/v2\/pages\/191\/revisions\/218"}],"up":[{"embeddable":true,"href":"https:\/\/sarr.com.pl\/index.php?rest_route=\/wp\/v2\/pages\/187"}],"wp:attachment":[{"href":"https:\/\/sarr.com.pl\/index.php?rest_route=%2Fwp%2Fv2%2Fmedia&parent=191"}],"curies":[{"name":"wp","href":"https:\/\/api.w.org\/{rel}","templated":true}]}}