{"id":193,"date":"2013-05-14T10:36:29","date_gmt":"2013-05-14T08:36:29","guid":{"rendered":"http:\/\/ziemiasadecka.com\/sarr\/?page_id=193"},"modified":"2013-05-14T11:00:20","modified_gmt":"2013-05-14T09:00:20","slug":"informacje-dotyczace-ii-edycji","status":"publish","type":"page","link":"https:\/\/sarr.com.pl\/?page_id=193","title":{"rendered":"Informacje dotycz\u0105ce II Edycji"},"content":{"rendered":"<p>S\u0105decka Agencja Rozwoju Regionalnego S.A. informuje, \u017ce od 1 stycznia 2011 r. rozpocz\u0119\u0142a realizacje projektu pn. &#8222;Integracja spo\u0142eczno-zawodowa os\u00f3b d\u0142ugotrwale bezrobotnych w powiecie nowos\u0105deckim&#8221; wsp\u00f3\u0142finansowanego z Europejskiego Funduszu Spo\u0142ecznego w ramach Programu Operacyjnego Kapita\u0142 Ludzki &#8211; Dzia\u0142anie 7.2. Przeciwdzia\u0142anie wykluczeniu i wzmocnienie sektora ekonomii spo\u0142ecznej, Poddzia\u0142anie 7.2.1 Aktywizacja zawodowa i spo\u0142eczna os\u00f3b zagro\u017conych wykluczeniem spo\u0142ecznym<\/p>\n<p>Informacje dotycz\u0105ce\u00a0II Edycji<\/p>\n<p><a href=\"http:\/\/www.sarr.com.pl\/wp-content\/uploads\/2013\/05\/ed2-zrz-ed2-v1.doc\">REGULAMIN REKRUTACJI\u00a0DO II EDYCJI PROJEKTU<\/a><\/p>\n<p>&#8211;<a href=\"http:\/\/www.sarr.com.pl\/wp-content\/uploads\/2013\/05\/ed2-dekl-ucz.doc\">Deklaracja uczestnictwa w projekcie 7.2.1<\/a><br \/>\n&#8211;<a href=\"http:\/\/www.sarr.com.pl\/wp-content\/uploads\/2013\/05\/ed2-frm-zgl.doc\">Formularz zg\u0142oszeniowy<\/a><br \/>\n&#8211;<a href=\"http:\/\/www.sarr.com.pl\/wp-content\/uploads\/2013\/05\/ed2-osw-regul.doc\">O\u015bwiadczenie o akceptacji Regulaminu rekrutacji<\/a><br \/>\n&#8211;<a href=\"http:\/\/www.sarr.com.pl\/wp-content\/uploads\/2013\/05\/ed2-osw-odo.doc\">O\u015bwiadczenie o wyrazeniu zgody na przetwarzanie danych osobowych<\/a><br \/>\n&#8211;<a href=\"http:\/\/www.sarr.com.pl\/wp-content\/uploads\/2013\/05\/ed2-osw-bk.doc\">O\u015bwiadczenie Beneficjenta Ostatecznego<\/a><br \/>\n&#8211;<a href=\"http:\/\/www.sarr.com.pl\/wp-content\/uploads\/2013\/05\/ed2-osw-zamieszk.doc\">O\u015bwiadczenie o miejscu zamieszkania<\/a><br \/>\n&#8211;<a href=\"http:\/\/www.sarr.com.pl\/wp-content\/uploads\/2013\/05\/ed2-osw-wykszt.doc\">O\u015bwiadczenie o posiadanym wykszta\u0142ceniu<\/a><\/p>\n<p><a href=\"http:\/\/www.sarr.com.pl\/wp-content\/uploads\/2013\/05\/ed2-reg_stazy_zawodowych2.doc\">REGULAMIN STA\u017bY ZAWODOWYCH<\/a><\/p>\n","protected":false},"excerpt":{"rendered":"<p>S\u0105decka Agencja Rozwoju Regionalnego S.A. informuje, \u017ce od 1 stycznia 2011 r. rozpocz\u0119\u0142a realizacje projektu pn. &#8222;Integracja spo\u0142eczno-zawodowa os\u00f3b d\u0142ugotrwale bezrobotnych w powiecie nowos\u0105deckim&#8221; wsp\u00f3\u0142finansowanego z Europejskiego Funduszu Spo\u0142ecznego w ramach Programu Operacyjnego Kapita\u0142 Ludzki &#8211; Dzia\u0142anie 7.2. Przeciwdzia\u0142anie wykluczeniu i wzmocnienie sektora ekonomii spo\u0142ecznej, Poddzia\u0142anie 7.2.1 Aktywizacja zawodowa i spo\u0142eczna os\u00f3b zagro\u017conych wykluczeniem spo\u0142ecznym [&hellip;]<\/p>\n","protected":false},"author":1,"featured_media":0,"parent":187,"menu_order":2,"comment_status":"closed","ping_status":"open","template":"","meta":[],"_links":{"self":[{"href":"https:\/\/sarr.com.pl\/index.php?rest_route=\/wp\/v2\/pages\/193"}],"collection":[{"href":"https:\/\/sarr.com.pl\/index.php?rest_route=\/wp\/v2\/pages"}],"about":[{"href":"https:\/\/sarr.com.pl\/index.php?rest_route=\/wp\/v2\/types\/page"}],"author":[{"embeddable":true,"href":"https:\/\/sarr.com.pl\/index.php?rest_route=\/wp\/v2\/users\/1"}],"replies":[{"embeddable":true,"href":"https:\/\/sarr.com.pl\/index.php?rest_route=%2Fwp%2Fv2%2Fcomments&post=193"}],"version-history":[{"count":3,"href":"https:\/\/sarr.com.pl\/index.php?rest_route=\/wp\/v2\/pages\/193\/revisions"}],"predecessor-version":[{"id":253,"href":"https:\/\/sarr.com.pl\/index.php?rest_route=\/wp\/v2\/pages\/193\/revisions\/253"}],"up":[{"embeddable":true,"href":"https:\/\/sarr.com.pl\/index.php?rest_route=\/wp\/v2\/pages\/187"}],"wp:attachment":[{"href":"https:\/\/sarr.com.pl\/index.php?rest_route=%2Fwp%2Fv2%2Fmedia&parent=193"}],"curies":[{"name":"wp","href":"https:\/\/api.w.org\/{rel}","templated":true}]}}