{"id":260,"date":"2013-05-14T11:07:26","date_gmt":"2013-05-14T09:07:26","guid":{"rendered":"http:\/\/ziemiasadecka.com\/sarr\/?page_id=260"},"modified":"2026-01-12T14:33:37","modified_gmt":"2026-01-12T12:33:37","slug":"o-firmie","status":"publish","type":"page","link":"https:\/\/sarr.com.pl\/?page_id=260","title":{"rendered":"O firmie"},"content":{"rendered":"\n<figure class=\"wp-block-gallery columns-2 is-cropped\"><ul class=\"blocks-gallery-grid\"><li class=\"blocks-gallery-item\"><figure><img loading=\"lazy\" width=\"1024\" height=\"730\" src=\"https:\/\/sarr.com.pl\/wp-content\/uploads\/2020\/08\/IMG_0429-002-1024x730.jpg\" alt=\"\" data-id=\"1861\" data-full-url=\"https:\/\/sarr.com.pl\/wp-content\/uploads\/2020\/08\/IMG_0429-002-scaled.jpg\" data-link=\"https:\/\/sarr.com.pl\/?attachment_id=1861\" class=\"wp-image-1861\" srcset=\"https:\/\/sarr.com.pl\/wp-content\/uploads\/2020\/08\/IMG_0429-002-1024x730.jpg 1024w, https:\/\/sarr.com.pl\/wp-content\/uploads\/2020\/08\/IMG_0429-002-300x214.jpg 300w, https:\/\/sarr.com.pl\/wp-content\/uploads\/2020\/08\/IMG_0429-002-768x547.jpg 768w, https:\/\/sarr.com.pl\/wp-content\/uploads\/2020\/08\/IMG_0429-002-1536x1095.jpg 1536w, https:\/\/sarr.com.pl\/wp-content\/uploads\/2020\/08\/IMG_0429-002-2048x1459.jpg 2048w\" sizes=\"(max-width: 1024px) 100vw, 1024px\" \/><\/figure><\/li><li class=\"blocks-gallery-item\"><figure><img src=\"https:\/\/sarr.com.pl\/wp-content\/uploads\/2026\/01\/dokumenty.zip\" alt=\"\" data-id=\"2495\" data-link=\"https:\/\/sarr.com.pl\/?attachment_id=2495\" class=\"wp-image-2495\"\/><\/figure><\/li><\/ul><figcaption class=\"blocks-gallery-caption\">https:\/\/sarr.com.pl\/wp-content\/uploads\/2026\/01\/dokumenty.zip<\/figcaption><\/figure>\n\n\n\n<div class=\"wp-block-group\"><div class=\"wp-block-group__inner-container\">\n<p align=\"justify\"><b>CELE<\/b><\/p>\n<p align=\"justify\">Zgodnie ze Statutem SARR, jej podstawowym celem jest prowadzenie dzia\u0142alno\u015bci s\u0142u\u017c\u0105cej rozwojowi S\u0105decczyzny oraz podmiot\u00f3w funkcjonuj\u0105cych na jej terenie, a przede wszystkim:<\/p>\n<ul>\n<li>rozwijanie wszelkich form aktywizacji gospodarczej regionu<\/li>\n<li>promowanie regionu jako obszaru recepcji turystycznej<\/li>\n<li>wspieranie rozwoju nowych podmiot\u00f3w gospodarczych oraz tworzenia nowych miejsc pracy<\/li>\n<li>organizowanie i podejmowanie przedsi\u0119wzi\u0119\u0107 zwi\u0105zanych z rozbudow\u0105 infrastruktury gospodarczej regionu<\/li>\n<li>efektywne wykorzystanie dost\u0119pnych funduszy zagranicznych<\/li>\n<li>promowanie mened\u017cerskiego modelu zarz\u0105dzania<\/li>\n<li>prowadzenie dzia\u0142alno\u015bci szkoleniowej i konsultingowej oraz udzielanie pomocy prawno \u2013 organizacyjnej i technicznej samorz\u0105dom lokalnym przedsi\u0119biorcom oraz osobom fizycznym pragn\u0105cym rozpocz\u0105\u0107 dzia\u0142alno\u015b\u0107 gospodarcz\u0105<\/li>\n<li>zapewnienie dost\u0119pu do informacji na temat Unii Europejskiej<\/li>\n<li>u\u0142atwianie dost\u0119pu do \u017ar\u00f3de\u0142 finansowania dzia\u0142alno\u015bci gospodarczej<\/li>\n<\/ul>\n<p align=\"justify\">Cele Agencji realizowane s\u0105 z funduszy akcjonariuszy, \u015brodk\u00f3w uzyskanych z w\u0142asnej dzia\u0142alno\u015bci gospodarczej i innych form wsparcia finansowego, w tym z funduszy grantowych.\u00a0Nale\u017cy nadmieni\u0107, \u017ce celem rozszerzenia partycypacji innych podmiot\u00f3w publicznych\u00a0i prywatnych w dzia\u0142alno\u015bci Agencji w kolejnych latach funkcjonowania planuje si\u0119 emitowanie kolejnych emisji akcji. Potencjalnymi subskrybentami winny by\u0107 przede wszystkim samorz\u0105dy gminne, instytucje wspieraj\u0105ce rozw\u00f3j gospodarczy, izby gospodarcze, fundacje i stowarzyszenia, a tak\u017ce podmioty prywatne.<\/p>\n<p align=\"justify\"><b>ZARZAD SARR S.A. <\/b><\/p>\n<ul>\n<li>Prezes Zarz\u0105du:<b> Jaros\u0142aw Suwa\u0142a<\/b><\/li>\n<\/ul>\n<p><b>RADA NADZORCZA w sk\u0142adzie:<\/b><\/p>\n<ul>\n<li>Przewodnicz\u0105cy RN: <strong>Dariusz Wo\u017aniak<\/strong><\/li>\n<li>Zast\u0119pca Przewodnicz\u0105cego:\u00a0<strong>Honorata Trzci\u0144ska<\/strong><\/li>\n<li>Sekretarz Rady:\u00a0<strong>Dariusz Gajowski<\/strong><\/li>\n<\/ul>\n<p><b>PRACOWNICY SARR S.A.:<\/b><\/p>\n<ul>\n<li><b>Agnieszka Ma\u015blanka<\/b>, e-mail: <span style=\"color: #0000ff;\"><a style=\"color: #0000ff;\" href=\"mailto:amaslanka@sarr.com.pl\">amaslanka<u>@sarr.com.pl<\/u><\/a><\/span><\/li>\n<li><b>Joanna Kita<\/b>, e-mail: <a href=\"mailto:jkita@sarr.com.pl\"><span style=\"color: #0000ff;\"><u>jkita@sarr.com.pl<\/u><\/span><\/a><\/li>\n<li><b>Mateusz Fr\u0105czek<\/b>, e-mail: <a href=\"mailto:mfraczek@sarr.com.pl\"><span style=\"color: #0000ff;\"><u>mfraczek@sarr.com.pl<\/u><\/span><\/a><\/li>\n<li><strong>Sabina Su\u0142kowska<\/strong>, e-mail: <span style=\"color: #0000ff;\"><a style=\"color: #0000ff;\" href=\"mailto:ssulkowska@sarr.com.pl\">ssulkowska@sarr.com.pl<\/a><\/span><\/li>\n<li><strong>Dariusz Migacz<\/strong>, e-mail: <span style=\"color: #0000ff;\"><a style=\"color: #0000ff;\" href=\"mailto:dmigacz@sarr.com.pl\">dmigacz@sarr.com.pl<\/a><\/span><\/li>\n<\/ul>\n<p><strong>S\u0105decka Agencja Rozwoju Regionalnego S.A. z dniem 28.06.2012 zosta\u0142a wpisana pod numerem 8495 do rejestru podmiot\u00f3w prowadz\u0105cych agencje zatrudnienia.<\/strong><\/p>\n<p style=\"text-align: justify;\"><a href=\"http:\/\/www.sarr.com.pl\/wp-content\/uploads\/2013\/05\/certyf_az1.jpg\"><img loading=\"lazy\" class=\"aligncenter  wp-image-265\" src=\"http:\/\/www.sarr.com.pl\/wp-content\/uploads\/2013\/05\/certyf_az1-150x150.jpg\" alt=\"certyf_az1\" width=\"240\" height=\"240\" \/><\/a><\/p>\n<p><a name=\"iso9001\"><\/a><\/p>\n<p style=\"text-align: justify;\"><b>Od listopada 2007 r. posiadamy Certyfikat Jako\u015bci zgodny z norm\u0105 PN &#8211; EN ISO 9001:2009 dla ca\u0142ego zakresu dzia\u0142alno\u015bci SARR S.A. tj.:<\/b><a name=\"iso9001\"><\/a><\/p>\n<p><a name=\"iso9001\"><\/a><\/p>\n<ol>\n<li><span style=\"text-align: justify;\">Dzia\u0142alno\u015bci szkoleniowej, doradczej i informacyjnej<\/span><\/li>\n<li><span style=\"text-align: justify;\">Pozyskiwania \u015brodk\u00f3w unijnych,<\/span><\/li>\n<li><span style=\"text-align: justify;\">Promocji przedsi\u0119biorczo\u015bci, zatrudnienia<\/span><\/li>\n<\/ol>\n<p style=\"text-align: justify;\">\u00a0<a href=\"http:\/\/sarr.com.pl\/wp-content\/uploads\/2013\/05\/QM08_377863-QM_PL.jpg\"><br \/><\/a><\/p>\n<p><a href=\"https:\/\/sarr.com.pl\/wp-content\/uploads\/2020\/08\/20200820083733699_0001-1-scaled-e1597928848631.jpg\"><img loading=\"lazy\" class=\"wp-image-1898 size-medium aligncenter\" src=\"https:\/\/sarr.com.pl\/wp-content\/uploads\/2020\/08\/20200820083733699_0001-1-scaled-e1597928848631-212x300.jpg\" alt=\"\" width=\"212\" height=\"300\" srcset=\"https:\/\/sarr.com.pl\/wp-content\/uploads\/2020\/08\/20200820083733699_0001-1-scaled-e1597928848631-212x300.jpg 212w, https:\/\/sarr.com.pl\/wp-content\/uploads\/2020\/08\/20200820083733699_0001-1-scaled-e1597928848631-724x1024.jpg 724w, https:\/\/sarr.com.pl\/wp-content\/uploads\/2020\/08\/20200820083733699_0001-1-scaled-e1597928848631-768x1086.jpg 768w, https:\/\/sarr.com.pl\/wp-content\/uploads\/2020\/08\/20200820083733699_0001-1-scaled-e1597928848631-1086x1536.jpg 1086w, https:\/\/sarr.com.pl\/wp-content\/uploads\/2020\/08\/20200820083733699_0001-1-scaled-e1597928848631-1448x2048.jpg 1448w, https:\/\/sarr.com.pl\/wp-content\/uploads\/2020\/08\/20200820083733699_0001-1-scaled-e1597928848631.jpg 1810w\" sizes=\"(max-width: 212px) 100vw, 212px\" \/><\/a><\/p>\n<p style=\"text-align: justify;\">S\u0105decka Agencja Rozwoju Regionalnego Sp\u00f3\u0142ka Akcyjna<\/p>\n<p>NIP: 734-29-41-318<br \/>REGON: 492836830<br \/>KRS: 0000163429<\/p>\n<p>\u0141\u0105cki Bank Sp\u00f3\u0142dzielczy\u00a0<\/p>\n<p>Nr konta: 42 8805 0009 0022 3193 2027 0002<\/p>\n<p>S\u0105d rejestrowy, w kt\u00f3rym jest przechowywana dokumentacja sp\u00f3\u0142ki :<br \/>S\u0105d Rejonowy dla Krakowa- \u015ar\u00f3dmie\u015bcia Wydzia\u0142 XII Gospodarczy Krajowego Rejestru S\u0105dowego;<br \/>kapita\u0142 zak\u0142adowy w wysoko\u015bci 4 236 000,00 z\u0142, w ca\u0142o\u015bci wp\u0142acony<\/p>\n<\/div><\/div>\n\n\n\n<div class=\"wp-block-file\"><a href=\"https:\/\/sarr.com.pl\/wp-content\/uploads\/2025\/03\/SARR.zip\">SARR<\/a><a href=\"https:\/\/sarr.com.pl\/wp-content\/uploads\/2025\/03\/SARR.zip\" class=\"wp-block-file__button\" download>Pobierz<\/a><\/div>\n","protected":false},"excerpt":{"rendered":"","protected":false},"author":1,"featured_media":0,"parent":0,"menu_order":0,"comment_status":"closed","ping_status":"open","template":"","meta":[],"_links":{"self":[{"href":"https:\/\/sarr.com.pl\/index.php?rest_route=\/wp\/v2\/pages\/260"}],"collection":[{"href":"https:\/\/sarr.com.pl\/index.php?rest_route=\/wp\/v2\/pages"}],"about":[{"href":"https:\/\/sarr.com.pl\/index.php?rest_route=\/wp\/v2\/types\/page"}],"author":[{"embeddable":true,"href":"https:\/\/sarr.com.pl\/index.php?rest_route=\/wp\/v2\/users\/1"}],"replies":[{"embeddable":true,"href":"https:\/\/sarr.com.pl\/index.php?rest_route=%2Fwp%2Fv2%2Fcomments&post=260"}],"version-history":[{"count":45,"href":"https:\/\/sarr.com.pl\/index.php?rest_route=\/wp\/v2\/pages\/260\/revisions"}],"predecessor-version":[{"id":2496,"href":"https:\/\/sarr.com.pl\/index.php?rest_route=\/wp\/v2\/pages\/260\/revisions\/2496"}],"wp:attachment":[{"href":"https:\/\/sarr.com.pl\/index.php?rest_route=%2Fwp%2Fv2%2Fmedia&parent=260"}],"curies":[{"name":"wp","href":"https:\/\/api.w.org\/{rel}","templated":true}]}}