{"id":287,"date":"2013-05-14T12:04:52","date_gmt":"2013-05-14T10:04:52","guid":{"rendered":"http:\/\/ziemiasadecka.com\/sarr\/?page_id=287"},"modified":"2016-09-29T13:10:21","modified_gmt":"2016-09-29T11:10:21","slug":"287-2","status":"publish","type":"page","link":"https:\/\/sarr.com.pl\/?page_id=287","title":{"rendered":"Urz\u0119dy"},"content":{"rendered":"<h1><strong style=\"font-size: 13px;\">Urz\u0105d Miasta Nowego S\u0105cza<\/strong><\/h1>\n<div>\n<p>Rynek 1,\u00a033-300 Nowy S\u0105cz<br \/>\nTel: 18-443-53-08<br \/>\nFax: 18-443-78-63<br \/>\nurzad@nowysacz.pl<br \/>\n<a title=\"Urz\u0105d Miasta Nowego S\u0105cza\" href=\"http:\/\/www.nowysacz.pl\/\" target=\"_blank\">www.nowysacz.pl<\/a><\/p>\n<p>Wydzia\u0142 ds. Przedsi\u0119biorczo\u015bci<br \/>\nul. Narutowicza 6 (I pi\u0119tro),\u00a033-300 Nowy S\u0105cz<br \/>\ntelefon: 18 443 43 54, 18 414 50 90<br \/>\nfax: 18 414 50 91<br \/>\ne-mail: wpr@nowysacz.pl<\/p>\n<p>&nbsp;<\/p>\n<p><strong>Starostwo Powiatowe w Nowym S\u0105czu<br \/>\n<\/strong><br \/>\nul. Jagiello\u0144ska 33,\u00a033-300 Nowy S\u0105cz<br \/>\ntelefon: 18 41 41\u00a0600<br \/>\ne-mail : ko@starostwo.nowy-sacz.pl<br \/>\nwww.starostwo.nowy-sacz.pl<\/p>\n<p>&nbsp;<\/p>\n<p><strong>Urz\u0105d Skarbowy w Nowym S\u0105czu<\/strong><\/p>\n<p>ul. Barbackiego 10,\u00a033-300 Nowy S\u0105cz<br \/>\nTel.: 18-547-38-08<br \/>\nFax: 18-547-38-01<br \/>\n<a title=\"Urz\u0105d Skarbowy w Nowym S\u0105czu\" href=\"http:\/\/www.usnowysacz.pl\/\" target=\"_blank\">www.usnowysacz.pl<\/a><\/p>\n<p>Telefoniczna informacja podatkowa<br \/>\ncentrala tel.: 18-547-38-08<br \/>\nPodatek dochodowy &#8211; nr: 212, 240<br \/>\nPodatek VAT &#8211; nr: 213, 239<br \/>\nDzia\u0142 podatku od spadk\u00f3w i darowizn i podatku od czynno\u015bci cywilnoprawnych:\u00a0wewn\u0119trzny 227.<\/p>\n<p>&nbsp;<\/p>\n<p><strong>Zak\u0142ad Ubezpiecze\u0144 Spo\u0142ecznych<\/strong><\/p>\n<p>ul. Sienkiewicza 77,\u00a033-300 Nowy S\u0105cz<br \/>\nTel.: (18) 449-80-00<br \/>\nFax: (18) 449-80-05<br \/>\n<a title=\"Zak\u0142ad Ubezpiecze\u0144 Spo\u0142ecznych\" href=\"http:\/\/www.zus.pl\/\" target=\"_blank\">www.zus.pl<\/a><\/p>\n<p>&nbsp;<\/p>\n<p><strong>S\u0105decki Urz\u0105d Pracy w Nowym S\u0105czu<\/strong><\/p>\n<p>ul. W\u0119gierska 146,\u00a033-300 Nowy S\u0105cz<br \/>\nTel.: 18-442-91-10 \/ 18 442 91 13,<br \/>\nFax: 18 442 99 84<br \/>\nsup@sup.internetdsl.pl<br \/>\n<a title=\"S\u0105decki Urz\u0105d Pracy w Nowym S\u0105czu\" href=\"http:\/\/www.pup.nowysacz.pl\/\" target=\"_blank\">www.pup.nowysacz.pl<\/a><\/p>\n<p>&nbsp;<\/p>\n<p><strong>Powiatowy Urz\u0105d Pracy\u00a0dla Powiatu Nowos\u0105deckiego<\/strong><\/p>\n<p>ul. Nawojowska 118,\u00a033-300 Nowy S\u0105cz<br \/>\nTel.:018-440-08-08<br \/>\nFax: 018-440-08-08 w. 300<br \/>\nko@pup.powiat-ns.pl<br \/>\n<a title=\"Powiatowy Urz\u0105d Pracy dla Powiatu Nowos\u0105deckiego\" href=\"http:\/\/www.pup.powiat-ns.pl\/\" target=\"_blank\">www.pup.powiat-ns.pl<\/a><\/p>\n<\/div>\n","protected":false},"excerpt":{"rendered":"<p>Urz\u0105d Miasta Nowego S\u0105cza Rynek 1,\u00a033-300 Nowy S\u0105cz Tel: 18-443-53-08 Fax: 18-443-78-63 urzad@nowysacz.pl www.nowysacz.pl Wydzia\u0142 ds. Przedsi\u0119biorczo\u015bci ul. Narutowicza 6 (I pi\u0119tro),\u00a033-300 Nowy S\u0105cz telefon: 18 443 43 54, 18 414 50 90 fax: 18 414 50 91 e-mail: wpr@nowysacz.pl &nbsp; Starostwo Powiatowe w Nowym S\u0105czu ul. Jagiello\u0144ska 33,\u00a033-300 Nowy S\u0105cz telefon: 18 41 41\u00a0600 [&hellip;]<\/p>\n","protected":false},"author":1,"featured_media":0,"parent":31,"menu_order":1,"comment_status":"closed","ping_status":"open","template":"","meta":[],"_links":{"self":[{"href":"https:\/\/sarr.com.pl\/index.php?rest_route=\/wp\/v2\/pages\/287"}],"collection":[{"href":"https:\/\/sarr.com.pl\/index.php?rest_route=\/wp\/v2\/pages"}],"about":[{"href":"https:\/\/sarr.com.pl\/index.php?rest_route=\/wp\/v2\/types\/page"}],"author":[{"embeddable":true,"href":"https:\/\/sarr.com.pl\/index.php?rest_route=\/wp\/v2\/users\/1"}],"replies":[{"embeddable":true,"href":"https:\/\/sarr.com.pl\/index.php?rest_route=%2Fwp%2Fv2%2Fcomments&post=287"}],"version-history":[{"count":5,"href":"https:\/\/sarr.com.pl\/index.php?rest_route=\/wp\/v2\/pages\/287\/revisions"}],"predecessor-version":[{"id":1215,"href":"https:\/\/sarr.com.pl\/index.php?rest_route=\/wp\/v2\/pages\/287\/revisions\/1215"}],"up":[{"embeddable":true,"href":"https:\/\/sarr.com.pl\/index.php?rest_route=\/wp\/v2\/pages\/31"}],"wp:attachment":[{"href":"https:\/\/sarr.com.pl\/index.php?rest_route=%2Fwp%2Fv2%2Fmedia&parent=287"}],"curies":[{"name":"wp","href":"https:\/\/api.w.org\/{rel}","templated":true}]}}