{"id":291,"date":"2013-05-14T12:06:29","date_gmt":"2013-05-14T10:06:29","guid":{"rendered":"http:\/\/ziemiasadecka.com\/sarr\/?page_id=291"},"modified":"2016-09-29T13:19:19","modified_gmt":"2016-09-29T11:19:19","slug":"instytucje-otoczenia-biznesu","status":"publish","type":"page","link":"https:\/\/sarr.com.pl\/?page_id=291","title":{"rendered":"Instytucje otoczenia biznesu"},"content":{"rendered":"<p><strong>S\u0105decka Agencja Rozwoju Regionalnego S.A.\u2028<\/strong><br \/>\nul. Jagiello\u0144ska 14<br \/>\n33\u2013300 Nowy S\u0105cz<br \/>\ntel. 18-440-81-63, fax 18-442-29-50<br \/>\ne-mail: sarr@sarr.com.pl<br \/>\nwww.sarr.com.pl<\/p>\n<p><strong>Ma\u0142opolska Agencja Rozwoju Regionalnego S.A.\u2028<\/strong><br \/>\nul. Kordylewskiego 11<br \/>\n31-542 Krak\u00f3w<br \/>\ntel. 12-617-66-00<br \/>\ne-mail: marr@marr.pl<br \/>\nwww.marr.pl<\/p>\n<p><strong>Polska Agencja Rozwoju Przedsi\u0119biorczo\u015bci \u2028<\/strong><br \/>\nul. Pa\u0144ska 81\/83<br \/>\n00-843 Warszawa<br \/>\ntel. 22-430-80-80<br \/>\nwww.parp.gov.pl<\/p>\n<p><strong>Nowos\u0105decki Inkubator Przedsi\u0119biorczo\u015bci\u2028<\/strong><br \/>\nul. Wyspia\u0144skiego 13<br \/>\n33-300 Nowy S\u0105cz<br \/>\ntel.\/fax 18-442-35-68, 18-442-35-69<br \/>\ne-mail: ekuba@inkubator.nowysacz.pl<br \/>\nwww.inkubator.nowysacz.pl<\/p>\n<p><strong>MMC Brainville\u2028<\/strong><br \/>\nul. My\u015bliwska 2<br \/>\n33-300 Nowy S\u0105cz<br \/>\ntel. 18-449-94-63 fax 18-449-94-61<br \/>\ne-mail: biuro@brainville.pl<br \/>\nwww.brainville.pl<\/p>\n<p><strong>Ma\u0142opolskie Centrum Przedsi\u0119biorczo\u015bci\u2028<\/strong><br \/>\nul. Kordylewskiego 11<br \/>\n31-542 Krak\u00f3w<br \/>\ntel. 12-376-91-00, 12-376-91-91, 12-376-91-93<br \/>\ne-mail: info@mcp.malopolska.pl<br \/>\nhttp:\/\/www.mcp.malopolska.pl\/<\/p>\n<p><strong>Punkt Informacyjny w Nowym S\u0105czu\u2028<\/strong><br \/>\nul.\u00a0Waz\u00f3w 3<br \/>\n33-300 Nowy S\u0105cz<br \/>\nTel. (18) 442 25 78, 442 25 79\u2028 Fax. (18) 442 25 11<br \/>\ne-mail: fem_nowysacz@umwm.pl<br \/>\nhttps:\/\/www.funduszeeuropejskie.gov.pl\/strony\/o-funduszach\/punkty\/lokalny-punkt-informacyjny-funduszy-europejskich-w-nowym-saczu\/<\/p>\n<p><strong>S\u0105decka Izba Gospodarcza\u2028<\/strong><br \/>\nul. Zielona 27<br \/>\n33\u2013300 Nowy S\u0105cz<br \/>\ntel. 18-449-91-64, tel.\/fax 18-449-91-65<br \/>\ne-mail: biuro@sig.org.pl<br \/>\nwww.sig.org.pl<\/p>\n<p><strong>Fundacja na rzecz Rozwoju Polskiego Rolnictwa fdpa<\/strong><br \/>\nBiuro Terenowe w Nowym S\u0105czu<br \/>\nul. Tarnowska 28<br \/>\n33-300 Nowy S\u0105cz<br \/>\nTel.\/fax: 18 441 35 66<\/p>\n<p><strong>Stowarzyszenie na rzecz Wspierania Przedsi\u0119biorczo\u015bci i Inicjatyw Lokalnych STOPIL<\/strong><br \/>\nul. Wyspia\u0144skiego 22<br \/>\n33\u2013300 Nowy S\u0105cz<br \/>\ntel.\/fax 18-547-53-03<br \/>\ne-mail: ajsmuzyk@wp.pl<br \/>\nwww.stopil.org.pl<\/p>\n<p><strong>Stowarzyszenie Wspierania Inicjatyw Spo\u0142eczno-Gospodarczych \u201eKlub S\u0105decki\u201d<\/strong><br \/>\nul. Wyspia\u0144skiego 22<br \/>\n33\u2013300 Nowy S\u0105cz<br \/>\ntel. 18-547-46-07, fax 18-547-36-96<br \/>\ne-mail: klub_sadecki@wp.pl<br \/>\nwww.klubsadecki.cba.pl<\/p>\n<p><strong>Nowos\u0105decka Izba Turystyczna<\/strong><br \/>\nRynek 19<br \/>\n33\u2013300 Nowy S\u0105cz<br \/>\ntel. 18-547-54-72, tel.\/fax 18-547-54-74<br \/>\ne-mail: nit@mnet.pl<br \/>\nwww.nit.mnet.pl<\/p>\n<p><strong>Cech Rzemios\u0142 R\u00f3\u017cnych i Przedsi\u0119biorczo\u015bci\u2028<\/strong><br \/>\nRynek 11<br \/>\n33\u2013300 Nowy S\u0105cz<br \/>\ntel. 18-443-75-21, tel.\/fax 18-444-49-25<br \/>\ne-mail: cech@nowysacz.com.pl<br \/>\nwww.cech.nowysacz.com.pl<\/p>\n<p><strong>Izba Rzemios\u0142a i Przedsi\u0119biorczo\u015bci\u2028<\/strong><br \/>\nul. \u017b\u00f3\u0142kiewskiego 18<br \/>\n33\u2013300 Nowy S\u0105cz<br \/>\ntel.\/fax 18-443-66-69, 18-443-66-89<br \/>\ne-mail: izba.rzem.ns@pro.onet.pl<br \/>\nwww.izbarzem.nsi.pl<\/p>\n<p><strong>Kongregacja Kupiecka Zrzeszenie Handlu i Us\u0142ug<\/strong><br \/>\nRynek 10<br \/>\n33\u2013300 Nowy S\u0105cz<br \/>\ntel.\/fax 18-443-77-15<br \/>\ne-mail: kongregacja@onet.pl<br \/>\nwww.kongregacjakupiecka.com.pl<\/p>\n<p><strong>Ma\u0142opolski Fundusz Por\u0119cze\u0144 Kredytowych Sp. z o.o.\u2028<\/strong><br \/>\nul. Nawojowska 4 (BG\u017b, pi\u0119tro III, pok. 300)<br \/>\n33-300 Nowy S\u0105cz<br \/>\ntel.\/fax 18-4444-796<br \/>\ne-mail:\u00a0biuro@poreczenia.pl<br \/>\nwww.poreczenia.pl<\/p>\n","protected":false},"excerpt":{"rendered":"<p>S\u0105decka Agencja Rozwoju Regionalnego S.A.\u2028 ul. Jagiello\u0144ska 14 33\u2013300 Nowy S\u0105cz tel. 18-440-81-63, fax 18-442-29-50 e-mail: sarr@sarr.com.pl www.sarr.com.pl Ma\u0142opolska Agencja Rozwoju Regionalnego S.A.\u2028 ul. Kordylewskiego 11 31-542 Krak\u00f3w tel. 12-617-66-00 e-mail: marr@marr.pl www.marr.pl Polska Agencja Rozwoju Przedsi\u0119biorczo\u015bci \u2028 ul. Pa\u0144ska 81\/83 00-843 Warszawa tel. 22-430-80-80 www.parp.gov.pl Nowos\u0105decki Inkubator Przedsi\u0119biorczo\u015bci\u2028 ul. Wyspia\u0144skiego 13 33-300 Nowy S\u0105cz [&hellip;]<\/p>\n","protected":false},"author":1,"featured_media":0,"parent":31,"menu_order":2,"comment_status":"closed","ping_status":"open","template":"","meta":[],"_links":{"self":[{"href":"https:\/\/sarr.com.pl\/index.php?rest_route=\/wp\/v2\/pages\/291"}],"collection":[{"href":"https:\/\/sarr.com.pl\/index.php?rest_route=\/wp\/v2\/pages"}],"about":[{"href":"https:\/\/sarr.com.pl\/index.php?rest_route=\/wp\/v2\/types\/page"}],"author":[{"embeddable":true,"href":"https:\/\/sarr.com.pl\/index.php?rest_route=\/wp\/v2\/users\/1"}],"replies":[{"embeddable":true,"href":"https:\/\/sarr.com.pl\/index.php?rest_route=%2Fwp%2Fv2%2Fcomments&post=291"}],"version-history":[{"count":6,"href":"https:\/\/sarr.com.pl\/index.php?rest_route=\/wp\/v2\/pages\/291\/revisions"}],"predecessor-version":[{"id":1216,"href":"https:\/\/sarr.com.pl\/index.php?rest_route=\/wp\/v2\/pages\/291\/revisions\/1216"}],"up":[{"embeddable":true,"href":"https:\/\/sarr.com.pl\/index.php?rest_route=\/wp\/v2\/pages\/31"}],"wp:attachment":[{"href":"https:\/\/sarr.com.pl\/index.php?rest_route=%2Fwp%2Fv2%2Fmedia&parent=291"}],"curies":[{"name":"wp","href":"https:\/\/api.w.org\/{rel}","templated":true}]}}