{"id":295,"date":"2013-05-14T12:11:21","date_gmt":"2013-05-14T10:11:21","guid":{"rendered":"http:\/\/ziemiasadecka.com\/sarr\/?page_id=295"},"modified":"2013-05-14T12:16:08","modified_gmt":"2013-05-14T10:16:08","slug":"jak-zalozyc-dzialalnosc-gospodarcza","status":"publish","type":"page","link":"https:\/\/sarr.com.pl\/?page_id=295","title":{"rendered":"Jak za\u0142o\u017cy\u0107 dzia\u0142alno\u015b\u0107 gospodarcz\u0105"},"content":{"rendered":"<p style=\"text-align: justify;\">Od stycznia 2012 r. mo\u017cna za\u0142o\u017cy\u0107 dzia\u0142alno\u015b\u0107 gospodarcz\u0105 przez internet. Ju\u017c rok wcze\u015bniej\u00a0\u00a0zacz\u0105\u0142 funkcjonowa\u0107 rejestr elektroniczny (Centralna Ewidencja i Informacja o Dzia\u0142alno\u015bci Gospodarczej) maj\u0105cy na celu stworzenie tzw.\u00a0<strong><em>jedno okienko<\/em><\/strong>, kt\u00f3ry<em>:<\/em><\/p>\n<ul style=\"text-align: justify;\">\n<li>ograniczy czas potrzebny do zarejestrowania dzia\u0142alno\u015bci gospodarczej<\/li>\n<li>umo\u017cliwi za\u0142o\u017cenie firmy przez Internet<\/li>\n<li>zmniejszy formalno\u015bci zwi\u0105zane z rozpocz\u0119ciem dzia\u0142alno\u015bci gospodarczej.<\/li>\n<\/ul>\n<p>Osoba, kt\u00f3ra chce otworzy\u0107 dzia\u0142alno\u015b\u0107 gospodarcza powinna z\u0142o\u017cy\u0107 wniosek o wpis do CEIDG.Przed wype\u0142nieniem wniosku musimy zastanowi\u0107 si\u0119 nad wyborem obszaru dzia\u0142alno\u015bci, kt\u00f3ry okre\u015blaj\u0105\u00a0<strong>kody PKD<\/strong>\u00a0(Polska Klasyfikacja Dzia\u0142alno\u015bci).\u00a0Za pomoc\u0105 darmowej wyszukiwarki kod\u00f3w PKD, dost\u0119pnej na stronie internetowej (np. www.gus-pkd.pl) znajdujemy odpowiednie kody, kt\u00f3re najlepiej opisuj\u0119 przysz\u0142\u0105 dzia\u0142alno\u015b\u0107 gospodarcz\u0105. Warto spojrze\u0107 na swoj\u0105 firm\u0119 w szerszym uj\u0119ciu, wybra\u0107 kilka kod\u00f3w zwi\u0105zanych z nasz\u0105 dzia\u0142alno\u015bci\u0105. Oszcz\u0119dzi to nam k\u0142opotu uzupe\u0142niania naszego wpisu o kolejne kody PKD w przysz\u0142o\u015bci.<\/p>\n<p><strong>Jak sk\u0142adamy wniosek<\/strong><\/p>\n<p>Wniosek o wpis do CEIDG mo\u017cemy wype\u0142ni\u0107 za po\u015brednictwem formularzy elektronicznych dost\u0119pnych na stronie\u00a0<strong>www.ceidg.gov.pl<\/strong>\u00a0w Biuletynie Informacji Publicznej Ministra Gospodarki oraz za po\u015brednictwem elektronicznej platformy us\u0142ug administracji publicznej.<\/p>\n<p>Wniosek wype\u0142niamy za pomoc\u0105 programu, kt\u00f3ry pomaga przej\u015b\u0107 ca\u0142\u0105 procedur\u0119 rejestracji \u201ekrok po kroku\u201d.\u00a0Wniosek sk\u0142adany w ten spos\u00f3b musimy opatrzy\u0107 podpisem elektronicznym, weryfikowanym za pomoc\u0105 certyfikatu. Mo\u017cna tak\u017ce skorzysta\u0107 z tzw. profilu zaufanego, czyli bezp\u0142atnej formy podpisu elektronicznego u\u0142atwiaj\u0105cego korzystanie z elektronicznej Platformy Us\u0142ug Administracji Publicznej (ePUAP). Zaufany profil jest bezp\u0142atn\u0105 metod\u0105 potwierdzania to\u017csamo\u015bci obywatela w systemach elektronicznej administracji.<\/p>\n<p>Aby korzysta\u0107 z tej bezp\u0142atnej formy podpisu elektronicznego wystarczy zalogowa\u0107 si\u0119 na\u00a0<strong>www.epuap.gov.pl,<\/strong>\u00a0zarejestrowa\u0107 si\u0119, a nast\u0119pnie z\u0142o\u017cy\u0107 wniosek o profil zaufany ePUAP.<\/p>\n<p>Nast\u0119pnym krokiem jest uwierzytelnienie profilu w jednym z urz\u0119d\u00f3w (czyli trzeba si\u0119 b\u0119dzie jedyny raz uda\u0107 si\u0119 do odpowiedniego punktu) &#8211; ich lista dost\u0119pna b\u0119dzie na stronach MSWiA oraz na ePUAP. W wybranym urz\u0119dzie dokumentujemy przed urz\u0119dnikiem swoje dane osobowe, kt\u00f3ry por\u00f3wnuje je z wprowadzonymi do systemu.<\/p>\n<p>Po pozytywnej weryfikacji danych, na podstawie przed\u0142o\u017conego dowodu osobistego, konto za\u0142o\u017cone na portalu ePUAP zyskuje status profilu zaufanego.<\/p>\n<p>Mo\u017cemy r\u00f3wnie\u017c wydrukowa\u0107 wype\u0142niony formularz albo w spos\u00f3b tradycyjny, d\u0142ugopisem wype\u0142ni\u0107 wniosek (czytelnie bez poprawek i skre\u015ble\u0144) i z\u0142o\u017cy\u0107 go osobi\u015bcie w\u00a0<strong>Urz\u0119dzie Gminy\/Miasta<\/strong><strong>(Wydzia\u0142 ds. Przedsi\u0119biorczo\u015bci ul. Narutowicza 6 w Nowym S\u0105czu).<\/strong><\/p>\n<p>Wys\u0142anie wniosku droga pocztow\u0105 (listem poleconym) jest r\u00f3wnie\u017c mo\u017cliwe, ale w\u00f3wczas nasz podpis musi by\u0107 potwierdzony przez notariusza.<\/p>\n<p>Wpis do CEIDG\u00a0<strong>nie podlega op\u0142acie<\/strong>.<\/p>\n<p><a title=\"Komunikat Ministra Gospodarki\" href=\"http:\/\/informator.sarr.com.pl\/files\/KOMUNIKAT%20CEIDG.pdf\" target=\"_blank\">Komunikat Ministra Gospodarki\u00a0<\/a><\/p>\n<p><strong>Jakie dane wpisujemy do wniosku?<\/strong><\/p>\n<ul>\n<li>Oznaczenie przedsi\u0119biorcy (imi\u0119 i nazwisko przedsi\u0119biorcy lub inne okre\u015blenie nazwy);<\/li>\n<li>Numer ewidencyjny PESEL oraz NIP przedsi\u0119biorcy (je\u017celi posiada);<\/li>\n<li>Oznaczenie miejsca zamieszkania i adresu, a je\u017celi stale wykonuje dzia\u0142alno\u015b\u0107 poza miejscem zamieszkania r\u00f3wnie\u017c wskazanie tego miejsca i adresu zak\u0142adu g\u0142\u00f3wnego;<\/li>\n<li>Okre\u015blenie przedmiotu wykonywanej dzia\u0142alno\u015bci gospodarczej zgodnie z Polsk\u0105 Klasyfikacj\u0105 Dzia\u0142alno\u015bci (PKD);<\/li>\n<li>Wskazanie daty rozpocz\u0119cia dzia\u0142alno\u015bci gospodarczej (dzie\u0144 z\u0142o\u017cenia wniosku lub p\u00f3\u017aniejszy);<\/li>\n<li>Numer telefonu kontaktowego i adres poczty elektronicznej przedsi\u0119biorcy.<\/li>\n<\/ul>\n<p><strong>\u00a0<\/strong><strong>Na co zwracamy uwag\u0119 przy wyborze nazwy firmy<\/strong><\/p>\n<p><strong>\u00a0<\/strong>Nazwa firmy osoby fizycznej musi zawiera\u0107 imi\u0119 i\u00a0nazwisko w\u0142a\u015bciciela. Nie wyklucza to w\u0142\u0105czenia do firmy pseudonimu lub okre\u015ble\u0144 wskazuj\u0105cych na przedmiot dzia\u0142alno\u015bci przedsi\u0119biorcy, miejsce jej prowadzenia oraz innych okre\u015ble\u0144 dowolnie wybranych. Nazwa nie mo\u017ce wprowadza\u0107 w b\u0142\u0105d, w szczeg\u00f3lno\u015bci co do osoby przedsi\u0119biorcy, przedmiotu dzia\u0142alno\u015bci przedsi\u0119biorcy, miejsca dzia\u0142alno\u015bci, formy organizacyjno-prawnej prowadzonej dzia\u0142alno\u015bci.<\/p>\n<p><strong>\u00a0<\/strong><strong>Za\u0142o\u017cenie rachunku bankowego<\/strong><\/p>\n<p><strong>\u00a0<\/strong>Zgodnie z Ustaw\u0105 o swobodzie dzia\u0142alno\u015bci gospodarczej jeste\u015bmy zobowi\u0105zani do obrotu bezgot\u00f3wkowego za po\u015brednictwem rachunku bankowego przedsi\u0119biorcy gdy:<\/p>\n<ul>\n<li>stron\u0105 transakcji, z kt\u00f3rej wynika p\u0142atno\u015b\u0107, jest inny przedsi\u0119biorca<\/li>\n<li>jednorazowa warto\u015b\u0107 transakcji, bez wzgl\u0119du na liczb\u0119 wynikaj\u0105cych z niej p\u0142atno\u015bci, przekracza r\u00f3wnowarto\u015b\u0107 15 000 euro przeliczonych na z\u0142ote wed\u0142ug \u015bredniego kursu walut obcych og\u0142aszanego przez Narodowy Bank Polski ostatniego dnia miesi\u0105ca poprzedzaj\u0105cego miesi\u0105c, w kt\u00f3rym dokonano transakcji.<\/li>\n<\/ul>\n<p>Za pomoc\u0105 rachunku bankowego b\u0119dziemy si\u0119 rozlicza\u0107 z Urz\u0119dem Skarbowym i Zak\u0142adem Ubezpiecze\u0144 Spo\u0142ecznych. Do z\u0142o\u017cenia wniosku o otwarcie rachunku nale\u017cy do\u0142\u0105czy\u0107, kopie za\u015bwiadczenia o wpisie do ewidencji dzia\u0142alno\u015bci gospodarczej, za\u015bwiadczenie nadania REGON, za\u015bwiadczenie o nadaniu numeru NIP. Przedsi\u0119biorca jest zobowi\u0105zany do powiadomienia o wszelkich zmianach dotycz\u0105cych rachunku bankowego ZUS, US.<\/p>\n<p><strong>Wa\u017cne informacje:<\/strong><\/p>\n<p>Wype\u0142niaj\u0105c wniosek b\u0119dziemy musieli okre\u015bli\u0107 spos\u00f3b rozliczania si\u0119 z\u00a0Urz\u0119dem Skarbowym. Mo\u017cemy wybra\u0107 Ksi\u0105\u017ck\u0119 przychod\u00f3w i rozchod\u00f3w, kart\u0119 podatkow\u0105, rycza\u0142tem ewidencjonowanym lub sta\u0107 si\u0119 p\u0142atnikiem VAT.\u00a0Aby zosta\u0107 p\u0142atnikiem VAT musimy wybra\u0107 si\u0119 osobi\u015bcie do Urz\u0119du Skarbowego, (w\u0142a\u015bciwego dla miejsca wykonywania dzia\u0142alno\u015bci gospodarczej) i z\u0142o\u017cy\u0107 deklaracje VAT-R. Za t\u0105 czynno\u015b\u0107 musimy zap\u0142aci\u0107 170 z\u0142.<\/p>\n<p>Sk\u0142adaj\u0105c wniosek do CEIDG nast\u0119puje r\u00f3wnie\u017c zg\u0142oszenie p\u0142atnika sk\u0142adek w\u00a0rozumieniu przepis\u00f3w o systemie ubezpiecze\u0144 spo\u0142ecznych<\/p>\n<p>Je\u017celi to b\u0119dzie nasza pierwsza firma i nie b\u0119dziemy pracowa\u0107 nigdzie indziej, mo\u017cna skorzysta\u0107 z preferencyjnej sk\u0142adki ZUS przez okres 2 lat. Jest to bardzo du\u017ca ulga dla przedsi\u0119biorcy w pocz\u0105tkowym okresie prowadzenia dzia\u0142alno\u015bci.<\/p>\n<p><a title=\"Formy opodatkowania\" href=\"http:\/\/informator.sarr.com.pl\/files\/ulotka-dzial_gosp_formy_opodat_2012.pdf\" target=\"_self\">FORMY OPODATKOWANIA<\/a><\/p>\n<p>NIP wnioskodawcy jest numerem identyfikacyjnym w bazie CEIDG. W momencie rozpocz\u0119cia dzia\u0142alno\u015bci gospodarczej NIP osoby fizycznej staje si\u0119 NIP nowego przedsi\u0119biorcy.<\/p>\n<p>Je\u015bli formalno\u015bci mamy ju\u017c za sob\u0105 to czekamy na nadanie numer\u00f3w NIP, REGON, i\u00a0potwierdzenie za\u0142o\u017cenia dzia\u0142alno\u015bci gospodarczej<\/p>\n<p><strong>Piecz\u0105tka firmowa<\/strong><\/p>\n<p>W Polsce prawo nie nak\u0142ada obowi\u0105zku posiadania piecz\u0105tki. Jednak w kontakcie urz\u0119dami czy instytucjami (np. bank) wyrobienie piecz\u0119ci b\u0119dzie niezb\u0119dne.<\/p>\n<p>Na piecz\u0105tce musz\u0105 znajdowa\u0107 si\u0119 nast\u0119puj\u0105ce informacje:<\/p>\n<ul>\n<li>pe\u0142na nazwa firmy;<\/li>\n<li>siedziba firmy (adres);<\/li>\n<li>numer NIP, REGON;<\/li>\n<li>dane kontaktowe (numer telefonu, fax, e-mail).<\/li>\n<\/ul>\n<p><em>zr\u00f3d\u0142o:<\/em><\/p>\n<ul>\n<li><em>prod.ceidg.gov.pl<\/em><\/li>\n<li><em>Ustawa z 2 lipca 2004r. o swobodzie dzia\u0142alno\u015bci gospodarczej (Dz.U. 2010 nr 220 poz. 1447)\\<\/em><\/li>\n<\/ul>\n<p>&nbsp;<\/p>\n<p><a style=\"text-align: center;\" href=\"http:\/\/www.sarr.com.pl\/wp-content\/uploads\/2013\/05\/KOMUNIKAT-CEIDG.pdf\"><img loading=\"lazy\" class=\"wp-image-177 alignleft\" alt=\"icon-pdf\" src=\"http:\/\/www.sarr.com.pl\/wp-content\/uploads\/2013\/05\/icon-pdf-150x150.jpg\" width=\"50\" height=\"50\" srcset=\"https:\/\/sarr.com.pl\/wp-content\/uploads\/2013\/05\/icon-pdf-150x150.jpg 150w, https:\/\/sarr.com.pl\/wp-content\/uploads\/2013\/05\/icon-pdf.jpg 225w\" sizes=\"(max-width: 50px) 100vw, 50px\" \/><\/a><\/p>\n<p>&nbsp;<\/p>\n<p><a href=\"http:\/\/www.sarr.com.pl\/wp-content\/uploads\/2013\/05\/KOMUNIKAT-CEIDG.pdf\">Komunikat CEIDG<\/a><\/p>\n<p>&nbsp;<\/p>\n<p><a href=\"http:\/\/www.sarr.com.pl\/wp-content\/uploads\/2013\/05\/ulotka-dzial_gosp_formy_opodat_2012.pdf\"><img loading=\"lazy\" alt=\"icon-pdf\" src=\"http:\/\/www.sarr.com.pl\/wp-content\/uploads\/2013\/05\/icon-pdf-150x150.jpg\" width=\"50\" height=\"50\" \/><\/a>\u00a0<a href=\"http:\/\/www.sarr.com.pl\/wp-content\/uploads\/2013\/05\/ulotka-dzial_gosp_formy_opodat_2012.pdf\">ulotka-dzial_gosp_formy_opodat_2012<\/a><\/p>\n<p>&nbsp;<\/p>\n","protected":false},"excerpt":{"rendered":"<p>Od stycznia 2012 r. mo\u017cna za\u0142o\u017cy\u0107 dzia\u0142alno\u015b\u0107 gospodarcz\u0105 przez internet. Ju\u017c rok wcze\u015bniej\u00a0\u00a0zacz\u0105\u0142 funkcjonowa\u0107 rejestr elektroniczny (Centralna Ewidencja i Informacja o Dzia\u0142alno\u015bci Gospodarczej) maj\u0105cy na celu stworzenie tzw.\u00a0jedno okienko, kt\u00f3ry: ograniczy czas potrzebny do zarejestrowania dzia\u0142alno\u015bci gospodarczej umo\u017cliwi za\u0142o\u017cenie firmy przez Internet zmniejszy formalno\u015bci zwi\u0105zane z rozpocz\u0119ciem dzia\u0142alno\u015bci gospodarczej. Osoba, kt\u00f3ra chce otworzy\u0107 dzia\u0142alno\u015b\u0107 gospodarcza [&hellip;]<\/p>\n","protected":false},"author":1,"featured_media":0,"parent":31,"menu_order":3,"comment_status":"closed","ping_status":"open","template":"","meta":[],"_links":{"self":[{"href":"https:\/\/sarr.com.pl\/index.php?rest_route=\/wp\/v2\/pages\/295"}],"collection":[{"href":"https:\/\/sarr.com.pl\/index.php?rest_route=\/wp\/v2\/pages"}],"about":[{"href":"https:\/\/sarr.com.pl\/index.php?rest_route=\/wp\/v2\/types\/page"}],"author":[{"embeddable":true,"href":"https:\/\/sarr.com.pl\/index.php?rest_route=\/wp\/v2\/users\/1"}],"replies":[{"embeddable":true,"href":"https:\/\/sarr.com.pl\/index.php?rest_route=%2Fwp%2Fv2%2Fcomments&post=295"}],"version-history":[{"count":5,"href":"https:\/\/sarr.com.pl\/index.php?rest_route=\/wp\/v2\/pages\/295\/revisions"}],"predecessor-version":[{"id":298,"href":"https:\/\/sarr.com.pl\/index.php?rest_route=\/wp\/v2\/pages\/295\/revisions\/298"}],"up":[{"embeddable":true,"href":"https:\/\/sarr.com.pl\/index.php?rest_route=\/wp\/v2\/pages\/31"}],"wp:attachment":[{"href":"https:\/\/sarr.com.pl\/index.php?rest_route=%2Fwp%2Fv2%2Fmedia&parent=295"}],"curies":[{"name":"wp","href":"https:\/\/api.w.org\/{rel}","templated":true}]}}