{"id":518,"date":"2013-06-18T14:30:52","date_gmt":"2013-06-18T12:30:52","guid":{"rendered":"http:\/\/ziemiasadecka.com\/sarr\/?page_id=518"},"modified":"2013-06-18T14:33:43","modified_gmt":"2013-06-18T12:33:43","slug":"polityka-prywatnosci","status":"publish","type":"page","link":"https:\/\/sarr.com.pl\/?page_id=518","title":{"rendered":"Polityka prywatno\u015bci"},"content":{"rendered":"<p style=\"text-align: justify;\">Polityka Prywatno\u015bci serwisu &#8211; strona internetowa SARR S.A.<\/p>\n<p style=\"text-align: justify;\">1. Ciasteczka (cookies)<\/p>\n<p style=\"text-align: justify;\">Do wy\u015bwietlania informacji, realizacji us\u0142ug informacyjnych i przetwarzania informacji strona SARR S.A. u\u017cywa ciasteczek (plik\u00f3w cookies), czyli plik\u00f3w, zawieraj\u0105cych dane informatyczne, w postaci plik\u00f3w tekstowych, kt\u00f3re serwer zapisuje na urz\u0105dzeniu ko\u0144cowym u\u017cytkownika danego Serwisu internetowego, tak by odczyta\u0107 je ponownie przy ka\u017cdorazowym po\u0142\u0105czeniu si\u0119 z Serwisem, z tego urz\u0105dzenia ko\u0144cowego.<\/p>\n<p style=\"text-align: justify;\">Zgodnie z art. 173 ust. 1 ustawy z dnia 16 lipca 2004 r. Prawo telekomunikacyjne (Dz. U. z 2004 r. Nr 171, poz. 1800) informujemy, i\u017c podmiotem zamieszczaj\u0105cym na urz\u0105dzeniu ko\u0144cowym u\u017cytkownika pliki cookies jest SARR S.A. oraz Home.pl. Przedmiotowe dzia\u0142anie odbywa si\u0119 zgodzie z odpowiednimi przepisami prawa, w szczeg\u00f3lno\u015bci z ustaw\u0105 Prawo telekomunikacyjne, ustaw\u0105 o \u015bwiadczeniu us\u0142ug drog\u0105 elektroniczn\u0105 oraz ustaw\u0105 o ochronie danych osobowych.<\/p>\n<p style=\"text-align: justify;\">Pliki cookies s\u0105 ustawiane przy &#8222;wej\u015bciu&#8221; i &#8222;wyj\u015bciu&#8221; z serwisu, nie s\u0105 wykorzystywane do identyfikacji czy ustalania to\u017csamo\u015bci poszczeg\u00f3lnych u\u017cytkownik\u00f3w. Co wa\u017cne, pliki cookies nie niszcz\u0105 systemu na danym urz\u0105dzeniu ko\u0144cowym, ani nie wp\u0142ywaj\u0105 na spos\u00f3b dzia\u0142ania urz\u0105dzenia ko\u0144cowego. Pliki cookies nie powoduj\u0105 zmian konfiguracyjnych w urz\u0105dzeniach ko\u0144cowych u\u017cytkownik\u00f3w oraz nie maj\u0105 \u017cadnego wp\u0142ywu na dzia\u0142anie oprogramowania zainstalowanego na tych urz\u0105dzeniach.<\/p>\n","protected":false},"excerpt":{"rendered":"<p>Polityka Prywatno\u015bci serwisu &#8211; strona internetowa SARR S.A. 1. Ciasteczka (cookies) Do wy\u015bwietlania informacji, realizacji us\u0142ug informacyjnych i przetwarzania informacji strona SARR S.A. u\u017cywa ciasteczek (plik\u00f3w cookies), czyli plik\u00f3w, zawieraj\u0105cych dane informatyczne, w postaci plik\u00f3w tekstowych, kt\u00f3re serwer zapisuje na urz\u0105dzeniu ko\u0144cowym u\u017cytkownika danego Serwisu internetowego, tak by odczyta\u0107 je ponownie przy ka\u017cdorazowym po\u0142\u0105czeniu si\u0119 [&hellip;]<\/p>\n","protected":false},"author":1,"featured_media":0,"parent":0,"menu_order":0,"comment_status":"closed","ping_status":"open","template":"","meta":[],"_links":{"self":[{"href":"https:\/\/sarr.com.pl\/index.php?rest_route=\/wp\/v2\/pages\/518"}],"collection":[{"href":"https:\/\/sarr.com.pl\/index.php?rest_route=\/wp\/v2\/pages"}],"about":[{"href":"https:\/\/sarr.com.pl\/index.php?rest_route=\/wp\/v2\/types\/page"}],"author":[{"embeddable":true,"href":"https:\/\/sarr.com.pl\/index.php?rest_route=\/wp\/v2\/users\/1"}],"replies":[{"embeddable":true,"href":"https:\/\/sarr.com.pl\/index.php?rest_route=%2Fwp%2Fv2%2Fcomments&post=518"}],"version-history":[{"count":2,"href":"https:\/\/sarr.com.pl\/index.php?rest_route=\/wp\/v2\/pages\/518\/revisions"}],"predecessor-version":[{"id":520,"href":"https:\/\/sarr.com.pl\/index.php?rest_route=\/wp\/v2\/pages\/518\/revisions\/520"}],"wp:attachment":[{"href":"https:\/\/sarr.com.pl\/index.php?rest_route=%2Fwp%2Fv2%2Fmedia&parent=518"}],"curies":[{"name":"wp","href":"https:\/\/api.w.org\/{rel}","templated":true}]}}