{"id":576,"date":"2013-07-03T15:06:39","date_gmt":"2013-07-03T13:06:39","guid":{"rendered":"http:\/\/ziemiasadecka.com\/sarr\/?page_id=576"},"modified":"2013-07-16T14:54:46","modified_gmt":"2013-07-16T12:54:46","slug":"informacja-dla-pracownikow-sfery-edukacji","status":"publish","type":"page","link":"https:\/\/sarr.com.pl\/?page_id=576","title":{"rendered":"Informacja dla pracownik\u00f3w sfery edukacji"},"content":{"rendered":"<h2 style=\"text-align: center;\">Rekrutacja trwa od 17 czerwca 2013 r.<\/h2>\n<h3 style=\"text-align: center;\">Zapraszamy do udzia\u0142u w projekcie<br \/>\nLiczba miejsc ograniczona!<\/h3>\n<p style=\"text-align: center;\">Za\u0142\u0105czniki do REGULAMINU REKRUTACJI s\u0105 do pobrania w biurze Projektu.<br \/>\n<a href=\"http:\/\/www.sarr.com.pl\/wp-content\/uploads\/2013\/06\/Zarz\u0105dzenie-nr-10-2013-dot-regulaminu-dla-pracownik\u00f3w-sfery-edukacji.doc\">Zarz\u0105dzenie dot. regulaminu rekrutacji dla pracownik\u00f3w sfery edukacji<\/a><\/p>\n","protected":false},"excerpt":{"rendered":"<p>Rekrutacja trwa od 17 czerwca 2013 r. Zapraszamy do udzia\u0142u w projekcie Liczba miejsc ograniczona! Za\u0142\u0105czniki do REGULAMINU REKRUTACJI s\u0105 do pobrania w biurze Projektu. Zarz\u0105dzenie dot. regulaminu rekrutacji dla pracownik\u00f3w sfery edukacji<\/p>\n","protected":false},"author":1,"featured_media":0,"parent":449,"menu_order":0,"comment_status":"closed","ping_status":"open","template":"","meta":[],"_links":{"self":[{"href":"https:\/\/sarr.com.pl\/index.php?rest_route=\/wp\/v2\/pages\/576"}],"collection":[{"href":"https:\/\/sarr.com.pl\/index.php?rest_route=\/wp\/v2\/pages"}],"about":[{"href":"https:\/\/sarr.com.pl\/index.php?rest_route=\/wp\/v2\/types\/page"}],"author":[{"embeddable":true,"href":"https:\/\/sarr.com.pl\/index.php?rest_route=\/wp\/v2\/users\/1"}],"replies":[{"embeddable":true,"href":"https:\/\/sarr.com.pl\/index.php?rest_route=%2Fwp%2Fv2%2Fcomments&post=576"}],"version-history":[{"count":4,"href":"https:\/\/sarr.com.pl\/index.php?rest_route=\/wp\/v2\/pages\/576\/revisions"}],"predecessor-version":[{"id":580,"href":"https:\/\/sarr.com.pl\/index.php?rest_route=\/wp\/v2\/pages\/576\/revisions\/580"}],"up":[{"embeddable":true,"href":"https:\/\/sarr.com.pl\/index.php?rest_route=\/wp\/v2\/pages\/449"}],"wp:attachment":[{"href":"https:\/\/sarr.com.pl\/index.php?rest_route=%2Fwp%2Fv2%2Fmedia&parent=576"}],"curies":[{"name":"wp","href":"https:\/\/api.w.org\/{rel}","templated":true}]}}