{"id":606,"date":"2013-07-16T14:03:08","date_gmt":"2013-07-16T12:03:08","guid":{"rendered":"http:\/\/ziemiasadecka.com\/sarr\/?page_id=606"},"modified":"2013-07-16T14:11:50","modified_gmt":"2013-07-16T12:11:50","slug":"informacja-dla-dlugotrwale-bezrobotnych-romow","status":"publish","type":"page","link":"https:\/\/sarr.com.pl\/?page_id=606","title":{"rendered":"Informacja dla d\u0142ugotrwale bezrobotnych Rom\u00f3w"},"content":{"rendered":"<h2 style=\"text-align: center;\">Rekrutacja trwa od 17 czerwca 2013 r.<\/h2>\n<h3 style=\"text-align: center;\">Zapraszamy do udzia\u0142u w projekcie<br \/>\nLiczba miejsc ograniczona!<\/h3>\n<p style=\"text-align: center;\">Za\u0142\u0105czniki do REGULAMINU REKRUTACJI s\u0105 do pobrania w biurze Projektu.<br \/>\n<a href=\"http:\/\/www.sarr.com.pl\/wp-content\/uploads\/2013\/07\/Zarz11-2013dot-reg-romow.doc\"> Zarz\u0105dzenie dot. regulaminu dla \u00a0\u0142ugotrwale bezrobotnych Rom\u00f3w<\/a><\/p>\n","protected":false},"excerpt":{"rendered":"<p>Rekrutacja trwa od 17 czerwca 2013 r. Zapraszamy do udzia\u0142u w projekcie Liczba miejsc ograniczona! Za\u0142\u0105czniki do REGULAMINU REKRUTACJI s\u0105 do pobrania w biurze Projektu. Zarz\u0105dzenie dot. regulaminu dla \u00a0\u0142ugotrwale bezrobotnych Rom\u00f3w<\/p>\n","protected":false},"author":1,"featured_media":0,"parent":449,"menu_order":2,"comment_status":"closed","ping_status":"open","template":"","meta":[],"_links":{"self":[{"href":"https:\/\/sarr.com.pl\/index.php?rest_route=\/wp\/v2\/pages\/606"}],"collection":[{"href":"https:\/\/sarr.com.pl\/index.php?rest_route=\/wp\/v2\/pages"}],"about":[{"href":"https:\/\/sarr.com.pl\/index.php?rest_route=\/wp\/v2\/types\/page"}],"author":[{"embeddable":true,"href":"https:\/\/sarr.com.pl\/index.php?rest_route=\/wp\/v2\/users\/1"}],"replies":[{"embeddable":true,"href":"https:\/\/sarr.com.pl\/index.php?rest_route=%2Fwp%2Fv2%2Fcomments&post=606"}],"version-history":[{"count":5,"href":"https:\/\/sarr.com.pl\/index.php?rest_route=\/wp\/v2\/pages\/606\/revisions"}],"predecessor-version":[{"id":615,"href":"https:\/\/sarr.com.pl\/index.php?rest_route=\/wp\/v2\/pages\/606\/revisions\/615"}],"up":[{"embeddable":true,"href":"https:\/\/sarr.com.pl\/index.php?rest_route=\/wp\/v2\/pages\/449"}],"wp:attachment":[{"href":"https:\/\/sarr.com.pl\/index.php?rest_route=%2Fwp%2Fv2%2Fmedia&parent=606"}],"curies":[{"name":"wp","href":"https:\/\/api.w.org\/{rel}","templated":true}]}}