{"id":940,"date":"2014-03-10T10:31:13","date_gmt":"2014-03-10T08:31:13","guid":{"rendered":"http:\/\/sarr.com.pl\/?page_id=940"},"modified":"2020-07-01T09:54:28","modified_gmt":"2020-07-01T07:54:28","slug":"szkolenia-zamkniete","status":"publish","type":"page","link":"https:\/\/sarr.com.pl\/?page_id=940","title":{"rendered":"Szkolenia zamkni\u0119te"},"content":{"rendered":"<p style=\"text-align: justify;\">S\u0105decka Agencja Rozwoju Regionalnego oferuje swoim Klientom szeroki zakres szkole\u0144 organizowanych i realizowanych\u00a0 w oparciu o indywidualne zapotrzebowanie Klienta oraz z trosk\u0105 o najwy\u017csz\u0105 jako\u015b\u0107 oferowanych us\u0142ug. W drodze szczeg\u00f3\u0142owych konsultacji, zar\u00f3wno w sprawach organizacyjnych jak i merytorycznych, szukamy najlepszych rozwi\u0105za\u0144 i staramy si\u0119 spe\u0142ni\u0107 wszystkie\u00a0 oczekiwania Zamawiaj\u0105cego szkolenie. Dysponujemy wysoko wykwalifikowan\u0105 kadr\u0105 trener\u00f3w, z\u00a0 kt\u00f3r\u0105 wsp\u00f3\u0142pracujemy od lat i korzystamy z ich us\u0142ug w zale\u017cno\u015bci od tematyki i charakteru szkolenia. Zapewniamy r\u00f3wnie\u017c sprawn\u0105 organizacj\u0119 zaj\u0119\u0107 oraz miejsce szkolenia\u00a0 ustalone zgodnie ze szczeg\u00f3\u0142owymi wymaganiami naszych Klient\u00f3w. Wszystkie zaj\u0119cia odbywa\u0142a si\u0119 w warunkach zapewniaj\u0105cych pe\u0142en komfort uczestnik\u00f3w.<br \/>\nDo tej pory zorganizowali\u015bmy i przeprowadzili\u015bmy setki szkole\u0144, kt\u00f3re usatysfakcjonowa\u0142y nie tylko samych kursant\u00f3w, ale tak\u017ce Zamawiaj\u0105cych szkolenie, o czym \u015bwiadcz\u0105 liczne rekomendacje oraz listy referencyjne instytucji i firm zlecaj\u0105cych. Mo\u017cemy si\u0119 ju\u017c pochwali\u0107 przeprowadzeniem m.in. takich szkole\u0144 jak:<\/p>\n<p><u>Dla pracownik\u00f3w ochrony:<\/u><\/p>\n<ul>\n<li>Kurs Doskonal\u0105cy umiej\u0119tno\u015bci kwalifikowanych pracownik\u00f3w ochrony fizycznej<\/li>\n<\/ul>\n<p><u>Dla pracownik\u00f3w administracji: <\/u><\/p>\n<ul>\n<li>Pracownik administracyjno-biurowy<\/li>\n<li>Ksi\u0119gowy z elementami podatkowej ksi\u0105\u017cki przychod\u00f3w i rozchod\u00f3w<\/li>\n<li>Specjalista ds. kadrowo-p\u0142acowych<\/li>\n<li>Specjalista ds. pozyskiwania i rozliczania projekt\u00f3w ze \u015brodk\u00f3w Unii Europejskiej<\/li>\n<li>Archiwizacja dokument\u00f3w w projektach unijnych<\/li>\n<li>Kurs AutoCAD<\/li>\n<\/ul>\n<p><u>Dla kierownik\u00f3w dzia\u0142\u00f3w:<\/u><\/p>\n<ul>\n<li>Akademia przyw\u00f3dztwa: zarz\u0105dzanie lud\u017ami i motywowanie<\/li>\n<li>Profesjonalna obs\u0142uga klienta<\/li>\n<li>Motywowanie i wywieranie wp\u0142yw\u00f3w na pracownik\u00f3w<\/li>\n<li>Team building \u2013 efektywna praca w zespole z elementami treningu kompetencji interpersonalnej<\/li>\n<li>Kierowanie wizerunku firmy poprzez dzia\u0142ania public relations<\/li>\n<li>Zarz\u0105dzanie zmianami w przedsi\u0119biorstwie. Efektywna praca w zespole jako wsparcie dla zmian zachodz\u0105cych w przedsi\u0119biorstwie<\/li>\n<li>Planowanie zada\u0144 i zarz\u0105dzania przez cele<\/li>\n<li>Odpowiedzialno\u015b\u0107 os\u00f3b zarz\u0105dzaj\u0105cych pracownikami<\/li>\n<li>Logistyka<\/li>\n<\/ul>\n<p><u>Dla pracownik\u00f3w gastronomii:<\/u><\/p>\n<ul>\n<li>Carving<\/li>\n<li>Sommelier<\/li>\n<li>Kucharz potraw regionalnych<\/li>\n<li>Zastosowanie innowacyjnych technik w produkcji gastronomicznej &#8211; kurs kucharski<\/li>\n<li>Kuchnia \u015br\u00f3dziemnomorska<\/li>\n<li>Kelner, barman<\/li>\n<li>Zdobnictwo cukiernicze<\/li>\n<li>Cukiernik<\/li>\n<\/ul>\n<p><u>Dla kierowc\u00f3w:<\/u><\/p>\n<ul>\n<li>Kat E<\/li>\n<li>Kat C<\/li>\n<li>Eco-driving<\/li>\n<\/ul>\n<p><u>Dla spawaczy:<\/u><\/p>\n<ul>\n<li>TIG 141<\/li>\n<li>Ci\u0119cie plazmowe<\/li>\n<li>Ci\u0119cie tlenowe<\/li>\n<li>Proszkowe 136<\/li>\n<li>Gazowe 311<\/li>\n<li>Elektroda otulon\u0105 111<\/li>\n<li>MAG 135<\/li>\n<li>MIG 131<\/li>\n<\/ul>\n<p><u>Dla <strong>os\u00f3b zajmuj\u0105cych si\u0119 eksploatacj\u0105 urz\u0105dze\u0144, instalacji i sieci:<\/strong><\/u><\/p>\n<ul>\n<li>SEP E Grupa I<\/li>\n<li>SEP D Grupa I<\/li>\n<li>SEP E Grupa III<\/li>\n<\/ul>\n<p><u>Dla operator\u00f3w:<\/u><\/p>\n<ul>\n<li>\u017burawi wie\u017cowych<\/li>\n<li>\u017burawi przeno\u015bnych HDS<\/li>\n<li>W\u00f3zk\u00f3w jezdniowych wraz z uprawnieniami do bezpiecznej wymiany butli gazowej<\/li>\n<li>W\u00f3zk\u00f3w jezdniowych specjalizowanych (tzw. koparki i \u0142adowarki teleskopowe)<\/li>\n<li>Koparko-\u0142adowarki<\/li>\n<li>Koparki jednonaczyniowe<\/li>\n<li>\u0141adowarki jednonaczyniowe<\/li>\n<li>Spycharki<\/li>\n<li>Walce drogowe<\/li>\n<li>Przecinarki do nawierzchni dr\u00f3g<\/li>\n<li>Narz\u0119dzia udarowe r\u0119czne<\/li>\n<li>Betoniarki<\/li>\n<li>Zag\u0119szczarki i ubijaki wibracyjne<\/li>\n<li>Pi\u0142y mechaniczne do \u015bcinki drzew<\/li>\n<li>Monta\u017cysta rusztowa\u0144 budowlano-monta\u017cowych metalowych<\/li>\n<li>Maszyny do produkcji, sortowania i uszlachetniania kruszyw (kruszarki)<\/li>\n<li>Koparki jednonaczyniowe<\/li>\n<li>\u0141adowarki jednonaczyniowe<\/li>\n<li>Spycharki<\/li>\n<li>Walce drogowe<\/li>\n<li>Maszyny do rozk\u0142adania mieszanek bitumicznych<\/li>\n<li>Narz\u0119dzia udarowe r\u0119czne<\/li>\n<li>Przecinarki do nawierzchni dr\u00f3g<\/li>\n<li>Zag\u0119szczarki i ubijaki wibracyjne<\/li>\n<li>Eksploatacja stacji uzdatniania wody<\/li>\n<li>Systemy sterowania sieci przemys\u0142owych<\/li>\n<li>Specjalistyczny kurs z obs\u0142ugi samochod\u00f3w do czyszczenia kanalizacji<\/li>\n<\/ul>\n<p><u>\u00a0<\/u><\/p>\n<p style=\"text-align: justify;\">Programy szkole\u0144 opracowujemy zgodnie z wymaganiami Klient\u00f3w, a w tych obszarach w kt\u00f3rych jest to wymagane tworzymy programy\u00a0 nauczania zgodnie z obowi\u0105zuj\u0105cymi podstawami programowymi oraz standardami kszta\u0142cenia dost\u0119pnymi na stronie http:\/\/psz.praca.gov.pl\/-\/15262-baza-standardow-kompetencji-kwalifikacji-zawodowych-i-modulowych-programow-szkolen.<br \/>\nW celu ci\u0105g\u0142ego doskonalenia naszych us\u0142ug stale podnosimy jako\u015b\u0107 oferowanych szkole\u0144. Systematycznie oceniamy prowadzone szkolenia, kadr\u0119 trenersk\u0105 oraz wykorzystujemy wnioski z ewaluacji zgodnie z procedur\u0105 zapewniaj\u0105c\u0105 wysoko\u015b\u0107 jako\u015b\u0107 \u015bwiadczonych us\u0142ug.<\/p>\n<p style=\"text-align: justify;\">W sprawach szkole\u0144 zamkni\u0119tych prosz\u0119 kontaktowa\u0107 si\u0119 z <strong>Specjalist\u0105 ds. szkole\u0144 S\u0142awomirem Pustu\u0142k\u0105, adres e-mail: <a href=\"mailto:spustulka@sarr.com.pl\">spustulka@sarr.com.pl<\/a><\/strong><\/p>\n","protected":false},"excerpt":{"rendered":"<p>S\u0105decka Agencja Rozwoju Regionalnego oferuje swoim Klientom szeroki zakres szkole\u0144 organizowanych i realizowanych\u00a0 w oparciu o indywidualne zapotrzebowanie Klienta oraz z trosk\u0105 o najwy\u017csz\u0105 jako\u015b\u0107 oferowanych us\u0142ug. W drodze szczeg\u00f3\u0142owych konsultacji, zar\u00f3wno w sprawach organizacyjnych jak i merytorycznych, szukamy najlepszych rozwi\u0105za\u0144 i staramy si\u0119 spe\u0142ni\u0107 wszystkie\u00a0 oczekiwania Zamawiaj\u0105cego szkolenie. Dysponujemy wysoko wykwalifikowan\u0105 kadr\u0105 trener\u00f3w, z\u00a0 [&hellip;]<\/p>\n","protected":false},"author":1,"featured_media":0,"parent":11,"menu_order":0,"comment_status":"closed","ping_status":"open","template":"","meta":[],"_links":{"self":[{"href":"https:\/\/sarr.com.pl\/index.php?rest_route=\/wp\/v2\/pages\/940"}],"collection":[{"href":"https:\/\/sarr.com.pl\/index.php?rest_route=\/wp\/v2\/pages"}],"about":[{"href":"https:\/\/sarr.com.pl\/index.php?rest_route=\/wp\/v2\/types\/page"}],"author":[{"embeddable":true,"href":"https:\/\/sarr.com.pl\/index.php?rest_route=\/wp\/v2\/users\/1"}],"replies":[{"embeddable":true,"href":"https:\/\/sarr.com.pl\/index.php?rest_route=%2Fwp%2Fv2%2Fcomments&post=940"}],"version-history":[{"count":6,"href":"https:\/\/sarr.com.pl\/index.php?rest_route=\/wp\/v2\/pages\/940\/revisions"}],"predecessor-version":[{"id":1786,"href":"https:\/\/sarr.com.pl\/index.php?rest_route=\/wp\/v2\/pages\/940\/revisions\/1786"}],"up":[{"embeddable":true,"href":"https:\/\/sarr.com.pl\/index.php?rest_route=\/wp\/v2\/pages\/11"}],"wp:attachment":[{"href":"https:\/\/sarr.com.pl\/index.php?rest_route=%2Fwp%2Fv2%2Fmedia&parent=940"}],"curies":[{"name":"wp","href":"https:\/\/api.w.org\/{rel}","templated":true}]}}