{"id":946,"date":"2014-03-14T08:39:48","date_gmt":"2014-03-14T06:39:48","guid":{"rendered":"http:\/\/sarr.com.pl\/?page_id=946"},"modified":"2014-07-23T13:39:26","modified_gmt":"2014-07-23T11:39:26","slug":"trenerzy-ecdl","status":"publish","type":"page","link":"https:\/\/sarr.com.pl\/?page_id=946","title":{"rendered":"Trenerzy ECDL"},"content":{"rendered":"<h2 style=\"text-align: justify;\">Dariusz Biel<\/h2>\n<p style=\"text-align: justify;\">Jest absolwentem:<\/p>\n<ul>\n<li>Akademii Ekonomicznej w Krakowie &#8211; Wydzia\u0142: Zarz\u0105dzania, Kierunek: Informatyka i Ekonometria, Specjalizacja: Informatyka ekonomiczna, Stopie\u0144: magister, praca dyplomowa \u2013 &#8222;E-learning jako wykorzystanie systemu informacyjnego do nauki w spo\u0142ecze\u0144stwie XXI wieku&#8221; Krak\u00f3w oraz stopie\u0144: licencjat, praca dyplomowa \u2013 &#8222;Projektowanie systemu informacyjnego w organizacji na przyk\u0142adzie serwisu firmy komputerowej&#8221;<\/li>\n<\/ul>\n<p style=\"text-align: justify;\">Uko\u0144czy\u0142 szkolenia:<\/p>\n<ul>\n<li>Szkolenie Trenerskie ECDL Advance z zakresu Microsoft Office 2003,<\/li>\n<li>Szkolenie ECDL Advance z zakresu Microsoft Office 2003,<\/li>\n<li>Ponadto zda\u0142 egzamin\u00a0 Hewlett Packard z zakresu naprawy notebook\u00f3w oraz komputer\u00f3w stacjonarnych oraz egzamin z zakresu licencjonowania produkt\u00f3w Microsoft.<\/li>\n<\/ul>\n<p style=\"text-align: justify;\">W SARR prowadzi szkolenia z zakresu: profesjonalny sprzedawca, techniki sprzeda\u017cy obs\u0142uga kas fiskalnych oraz ECDL.<\/p>\n<h2 style=\"text-align: justify;\">Maciej Lach<\/h2>\n<p style=\"text-align: justify;\">Jest absolwentem:<\/p>\n<ul>\n<li>Wy\u017cszej Szko\u0142y Biznesu National-Louis University w Nowym S\u0105czu, Wydzia\u0142 Przedsi\u0119biorczo\u015bci i Zarz\u0105dzania, specjalizacja: zarz\u0105dzanie i marketing, Temat pracy licencjackiej: Logistyka dostaw dla e-biznesu w OPTIMUS S.A.,<\/li>\n<li>Wy\u017cszej Szko\u0142y Biznesu National-Louis University w Nowym S\u0105czu, Wydzia\u0142 Przedsi\u0119biorczo\u015bci i Zarz\u0105dzania, specjalizacja: zarz\u0105dzanie finansami Studia uzupe\u0142niaj\u0105ce magisterskie<\/li>\n<li>Akademii Pedagogicznej w Krakowie \u2013 Studia Podyplomowe z Informatyki<\/li>\n<\/ul>\n<p style=\"text-align: justify;\">Dodatkowo uko\u0144czy\u0142:<\/p>\n<ul>\n<li>Kurs \u201eProfesjonalna obs\u0142uga klienta\u201d- CENTRUM EDUKACJI MENED\u017bERSKIEJ W.FR\u0104CKOWIAK I PARTNERZY w Poznaniu,<\/li>\n<li>Seminarium: Negocjacje przez telefon, techniki i style negocjacyjne.<\/li>\n<li>Kurs dla Nauczycieli \u201e:Intel. Nauczanie ku Przysz\u0142o\u015bci\u201d,<\/li>\n<li>Warsztaty dla nauczycieli informatyki \u201eR\u00f3\u017cnorodne platformy sprz\u0119towe i systemowe w praktyce szkolnej\u201d,<\/li>\n<li>Seminarium APPLE IMC Polska \u2013 \u201ePracownie komputerowe szans\u0105 na sukces szko\u0142y i uczni\u00f3w\u201d,<\/li>\n<li>Szkolenie \u201eWykorzystanie technologii informacyjnej w nauczaniu r\u00f3\u017cnych przedmiot\u00f3w\u201d,<\/li>\n<li>Posiada Ceftyfikat Egzaminatora ECDL<\/li>\n<\/ul>\n<p style=\"text-align: justify;\">W SARR prowadzeni szkolenia z zakresu: ECDL oraz profesjonalnego sprzedawcy.<\/p>\n<h2><\/h2>\n<h2>STANIS\u0141AWA FA\u0141OWSKA<\/h2>\n<p>Absolwent<\/p>\n<ul>\n<li>Akademia Pedagogiczna Studium Nauczycielskie kierunek matematyka-fizyka &#8211; Nowy S\u0105cz.<\/li>\n<li>Akademia Pedagogiczna Warszawa &#8211; studia podyplomowe- informatyczne.<\/li>\n<\/ul>\n<p>Dodatkowe kwalifikacje:<\/p>\n<ul>\n<li>Kurs Kwalifikacyjny Informatyki dla nauczycieli szk\u00f3\u0142 \u015brednich CODN Warszawa<\/li>\n<li>Lider Programu \u201eIntel- Nauczanie ku Przysz\u0142o\u015bci&#8221; Nr Lidera 4\/08\/0047<\/li>\n<li>Trener Programu \u201eIntel -Nauczanie ku Przysz\u0142o\u015bci&#8221; \u2013 CERTYFIKAT Nr 04\/256 Warszawa<\/li>\n<li>Egzaminator ECDL Pl-E2785<\/li>\n<li>Egzaminator e-citizen PL-EECO294<\/li>\n<li>Certificate Microsoft Windows 2000 Professional and Serwer<\/li>\n<li>kurs \u201eExcel dla zaawansowanych&#8221; DC EDUKACJA Sopot<\/li>\n<li>Kurs administracji serwerem i tworzenie stron HTML w oparciu o komputery<\/li>\n<li>Macintosh &#8211; O\u015brodek Szkoleniowy Apple Komputer Poland Sad-Warszawa<\/li>\n<li>Kurs B &#8211; Internet&#8221;- OSI CompuTrain SA w Warszawie<\/li>\n<\/ul>\n<p>&nbsp;<\/p>\n","protected":false},"excerpt":{"rendered":"<p>Dariusz Biel Jest absolwentem: Akademii Ekonomicznej w Krakowie &#8211; Wydzia\u0142: Zarz\u0105dzania, Kierunek: Informatyka i Ekonometria, Specjalizacja: Informatyka ekonomiczna, Stopie\u0144: magister, praca dyplomowa \u2013 &#8222;E-learning jako wykorzystanie systemu informacyjnego do nauki w spo\u0142ecze\u0144stwie XXI wieku&#8221; Krak\u00f3w oraz stopie\u0144: licencjat, praca dyplomowa \u2013 &#8222;Projektowanie systemu informacyjnego w organizacji na przyk\u0142adzie serwisu firmy komputerowej&#8221; Uko\u0144czy\u0142 szkolenia: Szkolenie Trenerskie [&hellip;]<\/p>\n","protected":false},"author":1,"featured_media":0,"parent":9,"menu_order":0,"comment_status":"closed","ping_status":"open","template":"","meta":[],"_links":{"self":[{"href":"https:\/\/sarr.com.pl\/index.php?rest_route=\/wp\/v2\/pages\/946"}],"collection":[{"href":"https:\/\/sarr.com.pl\/index.php?rest_route=\/wp\/v2\/pages"}],"about":[{"href":"https:\/\/sarr.com.pl\/index.php?rest_route=\/wp\/v2\/types\/page"}],"author":[{"embeddable":true,"href":"https:\/\/sarr.com.pl\/index.php?rest_route=\/wp\/v2\/users\/1"}],"replies":[{"embeddable":true,"href":"https:\/\/sarr.com.pl\/index.php?rest_route=%2Fwp%2Fv2%2Fcomments&post=946"}],"version-history":[{"count":6,"href":"https:\/\/sarr.com.pl\/index.php?rest_route=\/wp\/v2\/pages\/946\/revisions"}],"predecessor-version":[{"id":1077,"href":"https:\/\/sarr.com.pl\/index.php?rest_route=\/wp\/v2\/pages\/946\/revisions\/1077"}],"up":[{"embeddable":true,"href":"https:\/\/sarr.com.pl\/index.php?rest_route=\/wp\/v2\/pages\/9"}],"wp:attachment":[{"href":"https:\/\/sarr.com.pl\/index.php?rest_route=%2Fwp%2Fv2%2Fmedia&parent=946"}],"curies":[{"name":"wp","href":"https:\/\/api.w.org\/{rel}","templated":true}]}}