{"id":977,"date":"2014-05-22T11:15:02","date_gmt":"2014-05-22T09:15:02","guid":{"rendered":"http:\/\/sarr.com.pl\/?page_id=977"},"modified":"2020-08-20T14:01:51","modified_gmt":"2020-08-20T12:01:51","slug":"dla-przedsiebiorcow","status":"publish","type":"page","link":"https:\/\/sarr.com.pl\/?page_id=977","title":{"rendered":"Dla przedsi\u0119biorc\u00f3w"},"content":{"rendered":"<p>Witamy na stronie <em>Dla przedsi\u0119biorc\u00f3w<\/em> utworzonej przez S\u0105deck\u0105 Agencj\u0119 Rozwoju Regionalnego S.A.<\/p>\n\n\n<h2>BONY SZKOLENIOWE <\/h2>\n\n\n\n<p>S\u0105decka agencja rozwoju regionalnego pomaga w tworzeniu i realizowaniu wniosk\u00f3w o dofinansowanie w ramach bon\u00f3w rozwojowych w projekcie S\u0105deckie bony szkoleniowe.<\/p>\n\n\n\n<p><strong>Dla kogo ?<\/strong><\/p>\n\n\n\n<ul><li>dla mikro, ma\u0142ych i \u015brednich przedsi\u0119biorstw z terenu subregionu Sadeckiego ( miasta Nowy S\u0105cz, powiatu Nowos\u0105deckiego, Limanowskiego i Gorlickiego )<\/li><\/ul>\n\n\n\n<p><strong>Jakie dofinansowanie mo\u017cesz uzyska\u0107 ?<\/strong><\/p>\n\n\n\n<ul><li>dofinansowanie koszt\u00f3w us\u0142ug rozwojowych czyli udzia\u0142u w szkoleniach, kursach, doradztwie oraz egzaminach potwierdzaj\u0105cych kwalifikacje <\/li><\/ul>\n\n\n\n<p><strong>Jakie korzy\u015bci ?<\/strong><\/p>\n\n\n\n<ul><li>dofinansowanie do 80% koszt\u00f3w us\u0142ugi rozwojowej, <\/li><li>rozw\u00f3j Twojej firmy <\/li><\/ul>\n\n\n\n<p><\/p>\n\n\n\n<p>Celem projektu jest zwi\u0119kszenie dost\u0119pno\u015bci do us\u0142ug rozwojowych poprzez mo\u017cliwo\u015b\u0107 skorzystania z bon\u00f3w rozwojowych, w ramach oferty z BUR ( baza us\u0142ug rozwojowych )<\/p>\n\n\n\n<p><em><strong>Projekt realizowany jest od 1 luty 2020 do 31 stycznia 2023 <\/strong><\/em><\/p>\n\n\n\n<p><\/p>\n\n\n\n<p>\u0179r\u00f3d\u0142o dofinansowania projektu: Regionalny Program Operacyjny Wojew\u00f3dztwa Ma\u0142opolskiego na lata 2014-2020, 8 O\u015b Priorytetowa Rynek pracy, Dzia\u0142anie 8.4 Rozw\u00f3j kompetencji kadr i&nbsp;adaptacja do zmian, Poddzia\u0142anie 8.4.1 Rozw\u00f3j kompetencji kadr sektora M\u015aP. Ca\u0142kowita warto\u015b\u0107 projektu to 11 384 088,08 z\u0142, w&nbsp;tym 9 613 848,08 z\u0142 dofinansowania z&nbsp;Europejskiego Funduszu Spo\u0142ecznego. <\/p>\n\n\n\n<p><\/p>\n\n\n\n<p><strong>Kontakt w sprawach projektu: <\/strong><\/p>\n\n\n\n<p>Specjalista ds. szkole\u0144:&nbsp;<strong>Joanna Kita<\/strong>, <\/p>\n\n\n\n<p>E-mail:&nbsp;jkita@sarr.com.pl<\/p>\n\n\n\n<p>Specjalista ds. szkole\u0144:&nbsp;<strong>S\u0142awomir Pustu\u0142ka,<\/strong>&nbsp;<\/p>\n\n\n\n<p>Email:&nbsp;<a href=\"mailto:spustulka@sarr.com.pl\">spustulka@sarr.com.pl<\/a><\/p>\n","protected":false},"excerpt":{"rendered":"<p>Witamy na stronie Dla przedsi\u0119biorc\u00f3w utworzonej przez S\u0105deck\u0105 Agencj\u0119 Rozwoju Regionalnego S.A. BONY SZKOLENIOWE S\u0105decka agencja rozwoju regionalnego pomaga w tworzeniu i realizowaniu wniosk\u00f3w o dofinansowanie w ramach bon\u00f3w rozwojowych w projekcie S\u0105deckie bony szkoleniowe. Dla kogo ? dla mikro, ma\u0142ych i \u015brednich przedsi\u0119biorstw z terenu subregionu Sadeckiego ( miasta Nowy S\u0105cz, powiatu Nowos\u0105deckiego, Limanowskiego [&hellip;]<\/p>\n","protected":false},"author":1,"featured_media":0,"parent":0,"menu_order":0,"comment_status":"closed","ping_status":"open","template":"","meta":[],"_links":{"self":[{"href":"https:\/\/sarr.com.pl\/index.php?rest_route=\/wp\/v2\/pages\/977"}],"collection":[{"href":"https:\/\/sarr.com.pl\/index.php?rest_route=\/wp\/v2\/pages"}],"about":[{"href":"https:\/\/sarr.com.pl\/index.php?rest_route=\/wp\/v2\/types\/page"}],"author":[{"embeddable":true,"href":"https:\/\/sarr.com.pl\/index.php?rest_route=\/wp\/v2\/users\/1"}],"replies":[{"embeddable":true,"href":"https:\/\/sarr.com.pl\/index.php?rest_route=%2Fwp%2Fv2%2Fcomments&post=977"}],"version-history":[{"count":4,"href":"https:\/\/sarr.com.pl\/index.php?rest_route=\/wp\/v2\/pages\/977\/revisions"}],"predecessor-version":[{"id":1896,"href":"https:\/\/sarr.com.pl\/index.php?rest_route=\/wp\/v2\/pages\/977\/revisions\/1896"}],"wp:attachment":[{"href":"https:\/\/sarr.com.pl\/index.php?rest_route=%2Fwp%2Fv2%2Fmedia&parent=977"}],"curies":[{"name":"wp","href":"https:\/\/api.w.org\/{rel}","templated":true}]}}