{"id":981,"date":"2014-05-22T11:20:53","date_gmt":"2014-05-22T09:20:53","guid":{"rendered":"http:\/\/sarr.com.pl\/?page_id=981"},"modified":"2014-05-28T13:33:24","modified_gmt":"2014-05-28T11:33:24","slug":"nowe-uslugi-dla-przedsiebiorcow","status":"publish","type":"page","link":"https:\/\/sarr.com.pl\/?page_id=981","title":{"rendered":"Nowe us\u0142ugi dla przedsi\u0119biorc\u00f3w"},"content":{"rendered":"<p>Jeste\u015b przedsi\u0119biorc\u0105? Chcesz ograniczy\u0107 koszty szkolenia !!!. Mamy dla ciebie bardzo wygodn\u0105 form\u0119 skorzystania z us\u0142ug szkoleniowych SARR S.A.<\/p>\n<p>Decyduj\u0105c si\u0119 na skorzystanie z oferty S\u0105deckiej Agencji Rozwoju Regionalnego S.A. w Nowym S\u0105czu zapewniacie sobie Pa\u0144stwo:<\/p>\n<ul>\n<li>pomieszczenie w bardzo dogodnej lokalizacji (sam centrum miasta),<\/li>\n<li>wygod\u0119, dzi\u0119ki nowoczesnemu systemowi zarz\u0105dzania budynkiem \u2013 system alarmowy, wideofon, domofon,<\/li>\n<li>dost\u0119p do w pe\u0142ni wyposa\u017conych w\u0119z\u0142\u00f3w socjalno \u2013 sanitarnych na ka\u017cdej kondygnacji,<\/li>\n<li>dost\u0119p do nowoczesnego i niezawodnego systemu telekomunikacyjnego z bezprzewodowym Internetem,<\/li>\n<li>du\u017c\u0105 swobod\u0119 w aran\u017cacji wn\u0119trza lokalu<\/li>\n<\/ul>\n<p>Zobacz co przygotowali\u015bmy:<\/p>\n<ul>\n<li><a title=\"Us\u0142uga szkolenia bezpo\u015brednio u klienta \u2013 mobilna sala szkoleniowo-komputerowa\" href=\"http:\/\/sarr.com.pl\/?page_id=983\">Us\u0142uga szkolenia bezpo\u015brednio u klienta \u2013 mobilna sala szkoleniowo-komputerowa<\/a><\/li>\n<li><a title=\"Wynajem mobilnej sali szkoleniowej\" href=\"http:\/\/sarr.com.pl\/?page_id=985\">Wynajem mobilnej sali szkoleniowej<\/a><\/li>\n<li><a title=\"Wynajem sali konferencyjnej\" href=\"http:\/\/sarr.com.pl\/?page_id=987\">Wynajem sali konferencyjnej<\/a><\/li>\n<li><a title=\"Wynajem pomieszczenia negocjacyjnego\" href=\"http:\/\/sarr.com.pl\/?page_id=989\">Wynajem pomieszczenia negocjacyjnego<\/a><\/li>\n<li><a title=\"Doradztwo w poszukiwaniu partner\u00f3w handlowych\" href=\"http:\/\/sarr.com.pl\/?page_id=991\">Doradztwo w poszukiwaniu partner\u00f3w handlowych<\/a><\/li>\n<\/ul>\n<p>&nbsp;<\/p>\n<p><a href=\"http:\/\/sarr.com.pl\/wp-content\/uploads\/2014\/05\/Papier-IOB-stopka620px.jpg\"><img loading=\"lazy\" class=\"size-full wp-image-1010 aligncenter\" src=\"http:\/\/sarr.com.pl\/wp-content\/uploads\/2014\/05\/Papier-IOB-stopka620px.jpg\" alt=\"Papier-IOB-stopka620px\" width=\"620\" height=\"108\" srcset=\"https:\/\/sarr.com.pl\/wp-content\/uploads\/2014\/05\/Papier-IOB-stopka620px.jpg 620w, https:\/\/sarr.com.pl\/wp-content\/uploads\/2014\/05\/Papier-IOB-stopka620px-300x52.jpg 300w\" sizes=\"(max-width: 620px) 100vw, 620px\" \/><\/a><\/p>\n<p>&nbsp;<\/p>\n","protected":false},"excerpt":{"rendered":"<p>Jeste\u015b przedsi\u0119biorc\u0105? Chcesz ograniczy\u0107 koszty szkolenia !!!. Mamy dla ciebie bardzo wygodn\u0105 form\u0119 skorzystania z us\u0142ug szkoleniowych SARR S.A. Decyduj\u0105c si\u0119 na skorzystanie z oferty S\u0105deckiej Agencji Rozwoju Regionalnego S.A. w Nowym S\u0105czu zapewniacie sobie Pa\u0144stwo: pomieszczenie w bardzo dogodnej lokalizacji (sam centrum miasta), wygod\u0119, dzi\u0119ki nowoczesnemu systemowi zarz\u0105dzania budynkiem \u2013 system alarmowy, wideofon, domofon, [&hellip;]<\/p>\n","protected":false},"author":1,"featured_media":0,"parent":977,"menu_order":0,"comment_status":"closed","ping_status":"open","template":"","meta":[],"_links":{"self":[{"href":"https:\/\/sarr.com.pl\/index.php?rest_route=\/wp\/v2\/pages\/981"}],"collection":[{"href":"https:\/\/sarr.com.pl\/index.php?rest_route=\/wp\/v2\/pages"}],"about":[{"href":"https:\/\/sarr.com.pl\/index.php?rest_route=\/wp\/v2\/types\/page"}],"author":[{"embeddable":true,"href":"https:\/\/sarr.com.pl\/index.php?rest_route=\/wp\/v2\/users\/1"}],"replies":[{"embeddable":true,"href":"https:\/\/sarr.com.pl\/index.php?rest_route=%2Fwp%2Fv2%2Fcomments&post=981"}],"version-history":[{"count":4,"href":"https:\/\/sarr.com.pl\/index.php?rest_route=\/wp\/v2\/pages\/981\/revisions"}],"predecessor-version":[{"id":1011,"href":"https:\/\/sarr.com.pl\/index.php?rest_route=\/wp\/v2\/pages\/981\/revisions\/1011"}],"up":[{"embeddable":true,"href":"https:\/\/sarr.com.pl\/index.php?rest_route=\/wp\/v2\/pages\/977"}],"wp:attachment":[{"href":"https:\/\/sarr.com.pl\/index.php?rest_route=%2Fwp%2Fv2%2Fmedia&parent=981"}],"curies":[{"name":"wp","href":"https:\/\/api.w.org\/{rel}","templated":true}]}}