{"id":983,"date":"2014-05-22T11:22:41","date_gmt":"2014-05-22T09:22:41","guid":{"rendered":"http:\/\/sarr.com.pl\/?page_id=983"},"modified":"2014-05-28T13:34:46","modified_gmt":"2014-05-28T11:34:46","slug":"usluga-szkolenia-bezposrednio-u-klienta-mobilna-sala-szkoleniowo-komputerowa","status":"publish","type":"page","link":"https:\/\/sarr.com.pl\/?page_id=983","title":{"rendered":"Us\u0142uga szkolenia bezpo\u015brednio u klienta \u2013 mobilna sala szkoleniowo-komputerowa"},"content":{"rendered":"<p style=\"text-align: justify;\">S\u0105decka Agencja Rozwoju Regionalnego S.A. posiada dwie mobilne sale szkoleniowo-komputerowe wyposa\u017cone w nowoczesny sprz\u0119t komputerowy po\u0142\u0105czony w sie\u0107 bezprzewodow\u0105, zestaw nag\u0142o\u015bnienia, urz\u0105dzenia multimedialne, drukarki oraz akcesoria dydaktyczne (tablice Flipchart, tablica interaktywna, kasy fiskalne). Ponadto w zale\u017cno\u015bci od miejsca i charakteru szkole\u0144 mo\u017cemy wykorzysta\u0107 w\u0142asny zestaw mebli szkoleniowych tj. krzes\u0142a i stoliki szkoleniowe przygotowanych specjalnie do prowadzenia zaj\u0119\u0107 bezpo\u015brednio u klienta. Dzi\u0119ki tak przygotowanemu kompleksowemu wyposa\u017ceniu mo\u017cemy przeprowadzi\u0107 zar\u00f3wno szkolenia og\u00f3lne i specjalistyczne praktycznie w ka\u017cdym miejscu na terenie Polski w siedzibie klienta. Nasze us\u0142ugi szkoleniowe mog\u0105 by\u0107 prowadzone zar\u00f3wno w postaci wyk\u0142ad\u00f3w metod\u0105 tradycyjn\u0105 jak i zaj\u0105\u0107 prowadzonych na komputerach przy u\u017cyciu nale\u017c\u0105cej do SARR S.A. platformy e-learningowej.<\/p>\n<p style=\"text-align: justify;\">Dzi\u0119ki naszym mobilnym salom szkoleniowym mo\u017cemy prowadzi\u0107 zaj\u0119cia z nast\u0119puj\u0105cego zakresu:<\/p>\n<ul style=\"text-align: justify;\">\n<li>szkolenia BHP<\/li>\n<li>szkolenia z zakresu Podstaw ksi\u0119gowo\u015bci,<\/li>\n<li>szkolenia z zakresu Podstaw obs\u0142ugi komputera,<\/li>\n<li>szkolenia z zakresu obs\u0142ugi program\u00f3w ksi\u0119gowych<\/li>\n<li>szkolenia ECDL (ECDL Start, ECDL e-Citizen, ECDL Core)<\/li>\n<li>szkolenia z zakresu Podstaw przedsi\u0119biorczo\u015bci (m.in. Biznes Plan, Og\u00f3lne zasady prowadzenia dzia\u0142alno\u015bci gospodarczej, Elementy komunikacji interpersonalnej i budowanie wizerunku firmy)<\/li>\n<li>szkolenia z zakresu Pozyskiwanie zewn\u0119trznych \u017ar\u00f3de\u0142 finansowania,<\/li>\n<li>szkolenia z zakresu Kodeks pracy,<\/li>\n<li>szkolenia z zakresu obs\u0142ugi kasy fiskalnych<\/li>\n<li>szkolenia z obs\u0142ugi program\u00f3w biurowych (Pakiet Microsoft Office, Microsoft Access)<\/li>\n<\/ul>\n<p style=\"text-align: justify;\">oraz inne szkolenia zgodne z zam\u00f3wieniem klienta oraz zgodne z oczekiwaniami uczestnik\u00f3w,<\/p>\n<p style=\"text-align: justify;\">Nasza oferta ogranicza koszty szkolenia zwi\u0105zane z dojazdem uczestnik\u00f3w szkolenia do siedziby firmy szkoleniowej. Takie rozwi\u0105zanie jest najwygodniejsze w przypadku gdy szkolenie jest d\u0142ugotrwa\u0142e.<\/p>\n<p style=\"text-align: justify;\">Wed\u0142ug indywidualnego zam\u00f3wienia klienta mo\u017cna po\u0142\u0105czy\u0107 dwie sale szkoleniowe w jedn\u0105 wi\u0119ksz\u0105 sal\u0119 szkoleniow\u0105<\/p>\n<p style=\"text-align: justify;\">\n<p style=\"text-align: justify;\">\n<p style=\"text-align: center;\"><a href=\"http:\/\/sarr.com.pl\/wp-content\/uploads\/2014\/05\/Papier-IOB-stopka620px.jpg\"><img loading=\"lazy\" class=\"alignnone size-full wp-image-1010\" src=\"http:\/\/sarr.com.pl\/wp-content\/uploads\/2014\/05\/Papier-IOB-stopka620px.jpg\" alt=\"Papier-IOB-stopka620px\" width=\"620\" height=\"108\" srcset=\"https:\/\/sarr.com.pl\/wp-content\/uploads\/2014\/05\/Papier-IOB-stopka620px.jpg 620w, https:\/\/sarr.com.pl\/wp-content\/uploads\/2014\/05\/Papier-IOB-stopka620px-300x52.jpg 300w\" sizes=\"(max-width: 620px) 100vw, 620px\" \/><\/a><\/p>\n<p style=\"text-align: justify;\">\n","protected":false},"excerpt":{"rendered":"<p>S\u0105decka Agencja Rozwoju Regionalnego S.A. posiada dwie mobilne sale szkoleniowo-komputerowe wyposa\u017cone w nowoczesny sprz\u0119t komputerowy po\u0142\u0105czony w sie\u0107 bezprzewodow\u0105, zestaw nag\u0142o\u015bnienia, urz\u0105dzenia multimedialne, drukarki oraz akcesoria dydaktyczne (tablice Flipchart, tablica interaktywna, kasy fiskalne). Ponadto w zale\u017cno\u015bci od miejsca i charakteru szkole\u0144 mo\u017cemy wykorzysta\u0107 w\u0142asny zestaw mebli szkoleniowych tj. krzes\u0142a i stoliki szkoleniowe przygotowanych specjalnie do [&hellip;]<\/p>\n","protected":false},"author":1,"featured_media":0,"parent":981,"menu_order":0,"comment_status":"closed","ping_status":"open","template":"","meta":[],"_links":{"self":[{"href":"https:\/\/sarr.com.pl\/index.php?rest_route=\/wp\/v2\/pages\/983"}],"collection":[{"href":"https:\/\/sarr.com.pl\/index.php?rest_route=\/wp\/v2\/pages"}],"about":[{"href":"https:\/\/sarr.com.pl\/index.php?rest_route=\/wp\/v2\/types\/page"}],"author":[{"embeddable":true,"href":"https:\/\/sarr.com.pl\/index.php?rest_route=\/wp\/v2\/users\/1"}],"replies":[{"embeddable":true,"href":"https:\/\/sarr.com.pl\/index.php?rest_route=%2Fwp%2Fv2%2Fcomments&post=983"}],"version-history":[{"count":3,"href":"https:\/\/sarr.com.pl\/index.php?rest_route=\/wp\/v2\/pages\/983\/revisions"}],"predecessor-version":[{"id":1013,"href":"https:\/\/sarr.com.pl\/index.php?rest_route=\/wp\/v2\/pages\/983\/revisions\/1013"}],"up":[{"embeddable":true,"href":"https:\/\/sarr.com.pl\/index.php?rest_route=\/wp\/v2\/pages\/981"}],"wp:attachment":[{"href":"https:\/\/sarr.com.pl\/index.php?rest_route=%2Fwp%2Fv2%2Fmedia&parent=983"}],"curies":[{"name":"wp","href":"https:\/\/api.w.org\/{rel}","templated":true}]}}