{"id":985,"date":"2014-05-22T11:24:08","date_gmt":"2014-05-22T09:24:08","guid":{"rendered":"http:\/\/sarr.com.pl\/?page_id=985"},"modified":"2014-05-28T13:35:15","modified_gmt":"2014-05-28T11:35:15","slug":"wynajem-mobilnej-sali-szkoleniowej","status":"publish","type":"page","link":"https:\/\/sarr.com.pl\/?page_id=985","title":{"rendered":"Wynajem mobilnej sali szkoleniowej"},"content":{"rendered":"<p style=\"text-align: justify;\">S\u0105decka Agencja Rozwoju Regionalnego S.A posiada w pe\u0142ni wyposa\u017cone dwie mobilne sale szkoleniowo-komputerowe. Ka\u017cda z tych sal sk\u0142ada si\u0119 z 30 Notebook\u00f3w wraz z oprogramowaniem po\u0142\u0105czonych w jedn\u0105 sie\u0107 bezprzewodow\u0105. W ramach zainstalowanego oprogramowania na ka\u017cdym komputerze znajduj\u0105 si\u0119 zainstalowane: Microsoft Windows, Pakiet Microsoft Office, Microsoft Access.<\/p>\n<p style=\"text-align: justify;\">Ponadto w ramach mobilnych sal oferujemy m.in.:<\/p>\n<ul>\n<li>20 stolik\u00f3w konferencyjne\/szkoleniowe 2 osobowe sk\u0142adane<\/li>\n<li>42 krzese\u0142 konferencyjne\/szkoleniowe sk\u0142adane,<\/li>\n<li>2 stoliki dla trener\u00f3w sk\u0142adane,<\/li>\n<li>2 zestawy g\u0142o\u015bnik\u00f3w multimedialnych,<\/li>\n<li>2 routery przeno\u015bne,<\/li>\n<\/ul>\n<p style=\"text-align: justify;\">Klientowi do wynajmu proponujemy dodatkowe wyposa\u017cenie takie jak m.in.<\/p>\n<ul style=\"text-align: justify;\">\n<li>1 multimedialne tablica interaktywna<\/li>\n<li>2 projektory multimedialne,<\/li>\n<li>1 ekrany do projektor\u00f3w,<\/li>\n<li>1 drukarek laserowych,<\/li>\n<li>2 tablice flipchart<\/li>\n<li>20 kas fiskalnych szkoleniowych<\/li>\n<li>1 kserokopiarka mono<\/li>\n<li>1 ekspresy do kawy<\/li>\n<li>2 zaparzacze na herbat\u0119<\/li>\n<\/ul>\n<p style=\"text-align: justify;\">Wszystkie powy\u017csze elementy maj\u0105 mo\u017cliwo\u015b\u0107 szybkiego i \u0142atwego rozk\u0142adania, a tym samym ca\u0142y sprz\u0119t pozwoli na niezale\u017cne od okoliczno\u015bci (np. brak u Klienta sali przystosowanej do szkole\u0144) utworzenie w bardzo kr\u00f3tkim czasie w\u0142asnej, w pe\u0142ni wyposa\u017conej Sali dostosowanej do r\u00f3\u017cnego rodzaju szkole\u0144.<\/p>\n<p style=\"text-align: justify;\">\n<p style=\"text-align: justify;\">\n<p style=\"text-align: justify;\">\n<p style=\"text-align: center;\"><a href=\"http:\/\/sarr.com.pl\/wp-content\/uploads\/2014\/05\/Papier-IOB-stopka620px.jpg\"><img loading=\"lazy\" class=\"alignnone size-full wp-image-1010\" src=\"http:\/\/sarr.com.pl\/wp-content\/uploads\/2014\/05\/Papier-IOB-stopka620px.jpg\" alt=\"Papier-IOB-stopka620px\" width=\"620\" height=\"108\" srcset=\"https:\/\/sarr.com.pl\/wp-content\/uploads\/2014\/05\/Papier-IOB-stopka620px.jpg 620w, https:\/\/sarr.com.pl\/wp-content\/uploads\/2014\/05\/Papier-IOB-stopka620px-300x52.jpg 300w\" sizes=\"(max-width: 620px) 100vw, 620px\" \/><\/a><\/p>\n","protected":false},"excerpt":{"rendered":"<p>S\u0105decka Agencja Rozwoju Regionalnego S.A posiada w pe\u0142ni wyposa\u017cone dwie mobilne sale szkoleniowo-komputerowe. Ka\u017cda z tych sal sk\u0142ada si\u0119 z 30 Notebook\u00f3w wraz z oprogramowaniem po\u0142\u0105czonych w jedn\u0105 sie\u0107 bezprzewodow\u0105. W ramach zainstalowanego oprogramowania na ka\u017cdym komputerze znajduj\u0105 si\u0119 zainstalowane: Microsoft Windows, Pakiet Microsoft Office, Microsoft Access. Ponadto w ramach mobilnych sal oferujemy m.in.: 20 [&hellip;]<\/p>\n","protected":false},"author":1,"featured_media":0,"parent":981,"menu_order":0,"comment_status":"closed","ping_status":"open","template":"","meta":[],"_links":{"self":[{"href":"https:\/\/sarr.com.pl\/index.php?rest_route=\/wp\/v2\/pages\/985"}],"collection":[{"href":"https:\/\/sarr.com.pl\/index.php?rest_route=\/wp\/v2\/pages"}],"about":[{"href":"https:\/\/sarr.com.pl\/index.php?rest_route=\/wp\/v2\/types\/page"}],"author":[{"embeddable":true,"href":"https:\/\/sarr.com.pl\/index.php?rest_route=\/wp\/v2\/users\/1"}],"replies":[{"embeddable":true,"href":"https:\/\/sarr.com.pl\/index.php?rest_route=%2Fwp%2Fv2%2Fcomments&post=985"}],"version-history":[{"count":3,"href":"https:\/\/sarr.com.pl\/index.php?rest_route=\/wp\/v2\/pages\/985\/revisions"}],"predecessor-version":[{"id":1014,"href":"https:\/\/sarr.com.pl\/index.php?rest_route=\/wp\/v2\/pages\/985\/revisions\/1014"}],"up":[{"embeddable":true,"href":"https:\/\/sarr.com.pl\/index.php?rest_route=\/wp\/v2\/pages\/981"}],"wp:attachment":[{"href":"https:\/\/sarr.com.pl\/index.php?rest_route=%2Fwp%2Fv2%2Fmedia&parent=985"}],"curies":[{"name":"wp","href":"https:\/\/api.w.org\/{rel}","templated":true}]}}