{"id":987,"date":"2014-05-22T11:25:19","date_gmt":"2014-05-22T09:25:19","guid":{"rendered":"http:\/\/sarr.com.pl\/?page_id=987"},"modified":"2014-05-28T13:36:13","modified_gmt":"2014-05-28T11:36:13","slug":"wynajem-sali-konferencyjnej","status":"publish","type":"page","link":"https:\/\/sarr.com.pl\/?page_id=987","title":{"rendered":"Wynajem sali konferencyjnej"},"content":{"rendered":"<p style=\"text-align: justify;\">S\u0105decka Agencja Rozwoju Regionalnego S.A. wychodz\u0105ce naprzeciw nawet najbardziej wyg\u00f3rowanym oczekiwaniom proponuje miejsce gdzie b\u0119dzie mo\u017cna swobodnie i komfortowo organizowa\u0107 wszelkiego rodzaju konferencje reprezentacyjne. W ofercie posiadamy du\u017c\u0105 sale konferencyjno-reprezentacyjn\u0105 o powierzchni 48 m2 znajduj\u0105cej si\u0119 przy ul. Jagiello\u0144skiej 14 w Nowym S\u0105czu na I pi\u0119trze.<\/p>\n<p style=\"text-align: justify;\">\u00a0W ramach Sali konferencyjnej oferujemy m.in.:<\/p>\n<ul style=\"text-align: justify;\">\n<li>zestaw nag\u0142o\u015bnienia konferencyjnego,<\/li>\n<li>st\u00f3\u0142 konferencyjny sk\u0142adany<\/li>\n<li>krzes\u0142a konferencyjne<\/li>\n<\/ul>\n<p style=\"text-align: justify;\">\u00a0Klientowi do wynajmu proponujemy dodatkowe wyposa\u017cenie takie jak m.in.<\/p>\n<ul style=\"text-align: justify;\">\n<li>notebooki,<\/li>\n<li>projektor multimedialny,<\/li>\n<li>multimedialna tablica interaktywna<\/li>\n<li>zaparzacze na herbat\u0119<\/li>\n<li>ekspres do kawy,<\/li>\n<\/ul>\n<p style=\"text-align: justify;\">\u00a0Oferowane przez S\u0105deck\u0105 Agencj\u0119 Rozwoju Regionalnego S.A. pomieszczenia na wynajem zaspokajaj\u0105 nawet najbardziej wyg\u00f3rowane oczekiwania dotycz\u0105ce zar\u00f3wno walor\u00f3w estetycznych, jak i funkcjonalnych. Nasza sale konferencyjna dzi\u0119ki wyposa\u017ceniu w nowoczesny sprz\u0119t multimedialny uczyni\u0105 Pa\u0144stwa szkolenia, prezentacje czy konferencje bardziej efektywnymi i atrakcyjnymi dla uczestnik\u00f3w.<\/p>\n<p style=\"text-align: justify;\">\n<p style=\"text-align: justify;\">\n<p style=\"text-align: center;\"><a href=\"http:\/\/sarr.com.pl\/wp-content\/uploads\/2014\/05\/Papier-IOB-stopka620px.jpg\"><img loading=\"lazy\" class=\"alignnone size-full wp-image-1010\" src=\"http:\/\/sarr.com.pl\/wp-content\/uploads\/2014\/05\/Papier-IOB-stopka620px.jpg\" alt=\"Papier-IOB-stopka620px\" width=\"620\" height=\"108\" srcset=\"https:\/\/sarr.com.pl\/wp-content\/uploads\/2014\/05\/Papier-IOB-stopka620px.jpg 620w, https:\/\/sarr.com.pl\/wp-content\/uploads\/2014\/05\/Papier-IOB-stopka620px-300x52.jpg 300w\" sizes=\"(max-width: 620px) 100vw, 620px\" \/><\/a><\/p>\n","protected":false},"excerpt":{"rendered":"<p>S\u0105decka Agencja Rozwoju Regionalnego S.A. wychodz\u0105ce naprzeciw nawet najbardziej wyg\u00f3rowanym oczekiwaniom proponuje miejsce gdzie b\u0119dzie mo\u017cna swobodnie i komfortowo organizowa\u0107 wszelkiego rodzaju konferencje reprezentacyjne. W ofercie posiadamy du\u017c\u0105 sale konferencyjno-reprezentacyjn\u0105 o powierzchni 48 m2 znajduj\u0105cej si\u0119 przy ul. Jagiello\u0144skiej 14 w Nowym S\u0105czu na I pi\u0119trze. \u00a0W ramach Sali konferencyjnej oferujemy m.in.: zestaw nag\u0142o\u015bnienia konferencyjnego, [&hellip;]<\/p>\n","protected":false},"author":1,"featured_media":0,"parent":981,"menu_order":0,"comment_status":"closed","ping_status":"open","template":"","meta":[],"_links":{"self":[{"href":"https:\/\/sarr.com.pl\/index.php?rest_route=\/wp\/v2\/pages\/987"}],"collection":[{"href":"https:\/\/sarr.com.pl\/index.php?rest_route=\/wp\/v2\/pages"}],"about":[{"href":"https:\/\/sarr.com.pl\/index.php?rest_route=\/wp\/v2\/types\/page"}],"author":[{"embeddable":true,"href":"https:\/\/sarr.com.pl\/index.php?rest_route=\/wp\/v2\/users\/1"}],"replies":[{"embeddable":true,"href":"https:\/\/sarr.com.pl\/index.php?rest_route=%2Fwp%2Fv2%2Fcomments&post=987"}],"version-history":[{"count":2,"href":"https:\/\/sarr.com.pl\/index.php?rest_route=\/wp\/v2\/pages\/987\/revisions"}],"predecessor-version":[{"id":1016,"href":"https:\/\/sarr.com.pl\/index.php?rest_route=\/wp\/v2\/pages\/987\/revisions\/1016"}],"up":[{"embeddable":true,"href":"https:\/\/sarr.com.pl\/index.php?rest_route=\/wp\/v2\/pages\/981"}],"wp:attachment":[{"href":"https:\/\/sarr.com.pl\/index.php?rest_route=%2Fwp%2Fv2%2Fmedia&parent=987"}],"curies":[{"name":"wp","href":"https:\/\/api.w.org\/{rel}","templated":true}]}}