{"id":989,"date":"2014-05-22T11:26:37","date_gmt":"2014-05-22T09:26:37","guid":{"rendered":"http:\/\/sarr.com.pl\/?page_id=989"},"modified":"2014-05-28T13:35:46","modified_gmt":"2014-05-28T11:35:46","slug":"wynajem-pomieszczenia-negocjacyjnego","status":"publish","type":"page","link":"https:\/\/sarr.com.pl\/?page_id=989","title":{"rendered":"Wynajem pomieszczenia negocjacyjnego"},"content":{"rendered":"<p style=\"text-align: justify;\">Sadecka Agencja Rozwoju regionalnego S.A. posiada w swojej ofercie miejsca gdzie b\u0119dzie mo\u017cna swobodnie i komfortowo prowadzi\u0107 wszelkie negocjacje handlowe. Miejsce to przygotowane jest do przyjmowania przedsi\u0119biorc\u00f3w w celu udzielenia im kompleksowych us\u0142ug doradczych oraz informacyjnych na temat potencjalnych mo\u017cliwo\u015bci uzyskania \u015brodk\u00f3w na rozw\u00f3j firmy. Dlatego te\u017c pomy\u015bleli\u015bmy o stworzeniu miejsca o kameralnym charakterze, gdzie swobodnie mo\u017cna porozmawia\u0107 i skoncentrowa\u0107.<\/p>\n<p style=\"text-align: justify;\">W ramach tego pomieszczenia Klient mo\u017ce dodatkowo skorzysta\u0107 z nast\u0119puj\u0105cego wyposa\u017cenia:<\/p>\n<ul style=\"text-align: justify;\">\n<li>zestaw nag\u0142o\u015bnienia konferencyjnego,<\/li>\n<li>zestaw mebli (sofa 3 osobowa, 2 fotele, stolik)<\/li>\n<li>zestaw o\u015bwietlenia<\/li>\n<li>2 zaparzacze na herbat\u0119<\/li>\n<li>1 ekspres do kawy<\/li>\n<li>1 kserokopiarka<\/li>\n<\/ul>\n<p style=\"text-align: justify;\">\n<p style=\"text-align: justify;\">\n<p style=\"text-align: justify;\">\n<p style=\"text-align: center;\"><a href=\"http:\/\/sarr.com.pl\/wp-content\/uploads\/2014\/05\/Papier-IOB-stopka620px.jpg\"><img loading=\"lazy\" class=\"alignnone size-full wp-image-1010\" src=\"http:\/\/sarr.com.pl\/wp-content\/uploads\/2014\/05\/Papier-IOB-stopka620px.jpg\" alt=\"Papier-IOB-stopka620px\" width=\"620\" height=\"108\" srcset=\"https:\/\/sarr.com.pl\/wp-content\/uploads\/2014\/05\/Papier-IOB-stopka620px.jpg 620w, https:\/\/sarr.com.pl\/wp-content\/uploads\/2014\/05\/Papier-IOB-stopka620px-300x52.jpg 300w\" sizes=\"(max-width: 620px) 100vw, 620px\" \/><\/a><\/p>\n","protected":false},"excerpt":{"rendered":"<p>Sadecka Agencja Rozwoju regionalnego S.A. posiada w swojej ofercie miejsca gdzie b\u0119dzie mo\u017cna swobodnie i komfortowo prowadzi\u0107 wszelkie negocjacje handlowe. Miejsce to przygotowane jest do przyjmowania przedsi\u0119biorc\u00f3w w celu udzielenia im kompleksowych us\u0142ug doradczych oraz informacyjnych na temat potencjalnych mo\u017cliwo\u015bci uzyskania \u015brodk\u00f3w na rozw\u00f3j firmy. Dlatego te\u017c pomy\u015bleli\u015bmy o stworzeniu miejsca o kameralnym charakterze, gdzie [&hellip;]<\/p>\n","protected":false},"author":1,"featured_media":0,"parent":981,"menu_order":0,"comment_status":"closed","ping_status":"open","template":"","meta":[],"_links":{"self":[{"href":"https:\/\/sarr.com.pl\/index.php?rest_route=\/wp\/v2\/pages\/989"}],"collection":[{"href":"https:\/\/sarr.com.pl\/index.php?rest_route=\/wp\/v2\/pages"}],"about":[{"href":"https:\/\/sarr.com.pl\/index.php?rest_route=\/wp\/v2\/types\/page"}],"author":[{"embeddable":true,"href":"https:\/\/sarr.com.pl\/index.php?rest_route=\/wp\/v2\/users\/1"}],"replies":[{"embeddable":true,"href":"https:\/\/sarr.com.pl\/index.php?rest_route=%2Fwp%2Fv2%2Fcomments&post=989"}],"version-history":[{"count":2,"href":"https:\/\/sarr.com.pl\/index.php?rest_route=\/wp\/v2\/pages\/989\/revisions"}],"predecessor-version":[{"id":1015,"href":"https:\/\/sarr.com.pl\/index.php?rest_route=\/wp\/v2\/pages\/989\/revisions\/1015"}],"up":[{"embeddable":true,"href":"https:\/\/sarr.com.pl\/index.php?rest_route=\/wp\/v2\/pages\/981"}],"wp:attachment":[{"href":"https:\/\/sarr.com.pl\/index.php?rest_route=%2Fwp%2Fv2%2Fmedia&parent=989"}],"curies":[{"name":"wp","href":"https:\/\/api.w.org\/{rel}","templated":true}]}}